{"id":7373,"date":"2025-06-10T17:48:32","date_gmt":"2025-06-10T17:48:32","guid":{"rendered":"https:\/\/www.houstontexasimmigrationlawyers.com\/?page_id=7373"},"modified":"2026-04-29T13:50:11","modified_gmt":"2026-04-29T13:50:11","slug":"detencion-de-inmigrantes","status":"publish","type":"page","link":"https:\/\/www.houstontexasimmigrationlawyers.com\/es\/areas-de-practica\/detencion-de-inmigrantes\/","title":{"rendered":"Abogado de deportaci\u00f3n en Houston"},"content":{"rendered":"\t\t<div data-elementor-type=\"wp-page\" data-elementor-id=\"7373\" class=\"elementor elementor-7373 elementor-7358\" data-elementor-post-type=\"page\">\n\t\t\t\t<div class=\"elementor-element elementor-element-752ebb92 e-flex e-con-boxed wpr-particle-no wpr-jarallax-no wpr-parallax-no wpr-sticky-section-no wpr-equal-height-no e-con e-parent\" data-id=\"752ebb92\" data-element_type=\"container\" data-e-type=\"container\">\n\t\t\t\t\t<div class=\"e-con-inner\">\n\t\t\t\t<div class=\"elementor-element elementor-element-5b26c49e elementor-widget elementor-widget-text-editor\" data-id=\"5b26c49e\" data-element_type=\"widget\" data-e-type=\"widget\" data-widget_type=\"text-editor.default\">\n\t\t\t\t<div class=\"elementor-widget-container\">\n\t\t\t\t\t\t\t\t\t<p><strong>TL;DR:<\/strong><br \/>Si tu ser querido ha sido detenido por las autoridades de inmigraci\u00f3n en Texas, un <a href=\"https:\/\/www.houstontexasimmigrationlawyers.com\/es\/\">abogado de detenci\u00f3n de inmigrantes en Houston<\/a> puede guiarte a trav\u00e9s del proceso y luchar por tu liberaci\u00f3n. La detenci\u00f3n de inmigrantes no es un castigo criminal, pero puede sentirse como una prisi\u00f3n, y suele llegar con pocas advertencias. Desde las retenciones del ICE hasta las audiencias de fianza, existen v\u00edas legales que pueden ayudarte.<\/p><p>Ser detenido por las autoridades de inmigraci\u00f3n es una de las experiencias m\u00e1s aterradoras a las que puede enfrentarse un inmigrante. Tanto si ocurre tras un control de tr\u00e1fico, una redada en el lugar de trabajo o en la frontera, la detenci\u00f3n suele traer consigo confusi\u00f3n, miedo y silencio.<\/p><p>Si t\u00fa o tu ser querido se encuentran actualmente bajo custodia del ICE, o incluso en peligro, es importante que conozcan sus derechos. Tambi\u00e9n debes conocer el proceso que tienes por delante. Un abogado de detenci\u00f3n de inmigrantes en Houston puede ayudarte a encontrar un camino a seguir.<\/p><figure class=\"wp-block-image alignright size-full\"><img decoding=\"async\" class=\"size-full wp-image-7378 alignright\" src=\"https:\/\/www.houstontexasimmigrationlawyers.com\/wp-content\/uploads\/2025\/06\/kate-lincoln-goldfinch-abogada-de-detencion-de-inmigrantes-en-houston.jpeg\" alt=\"Kate Lincoln-Goldfinch Abogado De Detenci\u00f3n De Inmigrantes En Houston\" width=\"700\" height=\"872\" srcset=\"https:\/\/www.houstontexasimmigrationlawyers.com\/wp-content\/uploads\/2025\/06\/kate-lincoln-goldfinch-abogada-de-detencion-de-inmigrantes-en-houston.jpeg 700w, https:\/\/www.houstontexasimmigrationlawyers.com\/wp-content\/uploads\/2025\/06\/kate-lincoln-goldfinch-abogada-de-detencion-de-inmigrantes-en-houston-241x300.jpeg 241w\" sizes=\"(max-width: 700px) 100vw, 700px\" \/><\/figure><h2 class=\"wp-block-heading\">\u00bfQu\u00e9 es la detenci\u00f3n de inmigrantes?<\/h2><p>La detenci\u00f3n de inmigrantes es el proceso que utiliza el Gobierno estadounidense para retener a los no ciudadanos mientras determina si pueden permanecer en el pa\u00eds o no. Las personas detenidas pueden estar a la espera de una audiencia judicial, enfrentarse a la <a href=\"https:\/\/www.houstontexasimmigrationlawyers.com\/es\/areas-de-practica\/deportacion\/\">deportaci\u00f3n<\/a> o esperar una decisi\u00f3n sobre una solicitud.<\/p><p>He aqu\u00ed los hechos clave sobre la detenci\u00f3n de inmigrantes:<\/p><ul class=\"wp-block-list\"><li>La detenci\u00f3n es civil, no penal, pero las instalaciones suelen parecer una c\u00e1rcel.<\/li><li>ICE (Servicio de Inmigraci\u00f3n y Control de Aduanas de Estados Unidos) es la agencia encargada.<\/li><li>La detenci\u00f3n puede producirse sin aviso previo, especialmente tras un arresto criminal.<\/li><li>Sigues teniendo derechos legales, incluso si est\u00e1s detenido.<\/li><\/ul><p>Algunos son detenidos directamente en la frontera, mientras que otros son recogidos por el ICE tras una interacci\u00f3n con la polic\u00eda local. Pero el hecho de estar detenido no significa que no tengas esperanza ni opciones.<\/p><p>Entender por qu\u00e9 alguien puede ser detenido es el primer paso para defender tu futuro. Veamos las razones m\u00e1s comunes por las que los inmigrantes acaban detenidos.<\/p><h2 class=\"wp-block-heading\">Razones habituales por las que ICE detiene a los inmigrantes<\/h2><p>Hay muchas razones por las que alguien puede ser detenido por las autoridades de inmigraci\u00f3n. A veces se trata de un malentendido. Otras veces, est\u00e1 relacionado con un caso pendiente o con antecedentes de inmigraci\u00f3n.<\/p><p>Te pueden detener si:<\/p><ul class=\"wp-block-list\"><li>Teienes una orden de deportaci\u00f3n pendiente.<\/li><li>Sobrepasaste tu Visa o entraste a EE.UU. sin inspecci\u00f3n.<\/li><li>Fuiste detenido y la polic\u00eda local le avisa al ICE.<\/li><li>Faltaste a una audiencia en el tribunal de inmigraci\u00f3n.<\/li><li>Has violado los t\u00e9rminos de tu estatus, como DACA, TPS, Visa de Estudiante.<\/li><li>Solicitaste asilo y fuiste detenido mientras revisaban tu solicitud.<\/li><\/ul><p>No todas las detenciones significan que la deportaci\u00f3n est\u00e9 garantizada, pero el momento es importante. Sea cual sea el motivo de la detenci\u00f3n, la experiencia es desorientadora y aterradora. Pero no es el final de tu viaje migratorio. Lo que ocurra despu\u00e9s puede variar mucho en funci\u00f3n de los hechos del caso, del historial de inmigraci\u00f3n de la persona y de la rapidez con que se tomen medidas.<\/p><h2 class=\"wp-block-heading\">\u00bfQu\u00e9 sucede despu\u00e9s de que ICE te detenga?<\/h2><p>El proceso de detenci\u00f3n avanza r\u00e1pidamente, pero hay etapas en las que puede intervenir un abogado de detenci\u00f3n de inmigrantes en Houston. Esto es lo que puedes esperar despu\u00e9s de ser detenido.<\/p><h3 class=\"wp-block-heading\">Custodia inicial<\/h3><p>Despu\u00e9s de que <a href=\"https:\/\/www.ice.gov\/\" target=\"_blank\" rel=\"noreferrer noopener\"> ICE <\/a>detiene a una persona, \u00e9sta suele ser trasladada a un centro de detenci\u00f3n cercano, como el Centro de Detenci\u00f3n por Contrato de Houston o el Centro de Procesamiento de Montgomery. En poco tiempo, el ICE debe determinar si libera a la persona o la mantiene detenida.<\/p><h3 class=\"wp-block-heading\">Tribunal de Inmigraci\u00f3n y audiencias de fianza<\/h3><p>Si la persona no es puesta en libertad, puede tener una audiencia de fianza ante un juez de inmigraci\u00f3n. Esta es una oportunidad para argumentar a favor de la liberaci\u00f3n bas\u00e1ndose en los lazos con la comunidad, la falta de antecedentes penales y la elegibilidad para el alivio.<\/p><h3 class=\"wp-block-heading\">Audiencias del calendario maestro<\/h3><p>Se trata de breves sesiones judiciales en las que el juez revisar\u00e1 los cargos, preguntar\u00e1 por la representaci\u00f3n legal y fijar\u00e1 las fechas de los futuros juicios. El detenido necesita representaci\u00f3n legal en esta fase para preservar sus opciones.<\/p><h3 class=\"wp-block-heading\">Audiencia de m\u00e9ritos<\/h3><p>Aqu\u00ed es donde se presenta su caso en su totalidad. Puede solicitar Asilo, Cancelaci\u00f3n de Expulsi\u00f3n u otras formas de alivio, pero solo si has presentado la documentaci\u00f3n adecuada y has construido un caso s\u00f3lido.<\/p><p>Cada paso del proceso de detenci\u00f3n, desde la decisi\u00f3n inicial del ICE hasta la audiencia judicial final, conlleva riesgos y oportunidades. Sin orientaci\u00f3n legal, es f\u00e1cil que se te pasen los plazos, que pierdas la elegibilidad para la ayuda o que malinterpretes tus derechos. Ah\u00ed es donde el apoyo legal profesional marca la diferencia.<\/p><p>Los abogados de detenci\u00f3n de inmigrantes en Houston pueden intervenir en cualquier momento para luchar por tu liberaci\u00f3n, preparar tu defensa y ayudarte a comprender las opciones legales que a\u00fan te quedan.<\/p><h2 class=\"wp-block-heading\">Opciones legales para ser puesto en libertad<\/h2><p>Una vez que alguien es detenido, el tiempo se vuelve cr\u00edtico. Un abogado de detenci\u00f3n de inmigrantes en Houston trabaja con urgencia para identificar todas las v\u00edas posibles para la liberaci\u00f3n y presiona para que se produzca.<\/p><p>Estas son algunas de las opciones de liberaci\u00f3n que nuestro equipo puede explorar:<\/p><h3 class=\"wp-block-heading\">Audiencias sobre fianzas<\/h3><p>Si la persona cumple los requisitos, un juez de inmigraci\u00f3n puede fijar una fianza econ\u00f3mica. Una vez pagada, el detenido queda en libertad mientras contin\u00faa su caso. Su abogado reunir\u00e1 pruebas, como lazos familiares, apoyo comunitario y antecedentes limpios, para abogar por la cantidad de fianza m\u00e1s baja posible.<\/p><p><img decoding=\"async\" class=\"size-full wp-image-7380 alignright\" src=\"https:\/\/www.houstontexasimmigrationlawyers.com\/wp-content\/uploads\/2025\/06\/consiga-ayuda-legal-con-detencion-familiar-por-inmigracion-en-eeuu.jpg\" alt=\"Consigue Ayuda Legal Con Detenci\u00f3n Familiar Por Inmigraci\u00f3n En EE.UU.\" width=\"300\" height=\"200\" \/><\/p><h3 class=\"wp-block-heading\">Solicitudes de libertad condicional<\/h3><p>En el caso de las personas que no pueden acogerse a la fianza, el ICE tiene la facultad discrecional de ponerlas en libertad por motivos humanitarios. Esto puede aplicarse en casos relacionados con problemas m\u00e9dicos graves, cuidadores primarios o personas que buscan protecci\u00f3n urgente de asilo.<\/p><h3 class=\"wp-block-heading\">Orden de supervisi\u00f3n (OSUP)<\/h3><p>El ICE puede aprobar la libertad vigilada con condiciones, como llevar una pulsera en el tobillo, controles regulares o restricciones de viaje. Esta v\u00eda se utiliza normalmente cuando alguien no presenta riesgo de fuga o peligro pero a\u00fan no puede optar a la libertad bajo fianza.<\/p><h3 class=\"wp-block-heading\">Mociones de reapertura o reconsideraci\u00f3n<\/h3><p>Si la persona tiene una orden de deportaci\u00f3n antigua, el abogado puede presentar mociones legales para pausar la expulsi\u00f3n y abogar por un nuevo examen del caso. Este paso es cr\u00edtico antes de que se pueda siquiera considerar la elegibilidad para la fianza.<\/p><h3 class=\"wp-block-heading\">Suspensiones de expulsi\u00f3n y apelaciones<\/h3><p>Si el riesgo de deportaci\u00f3n es inminente, su abogado puede solicitar una suspensi\u00f3n de emergencia mientras se persigue un alivio a m\u00e1s largo plazo. Tambi\u00e9n pueden presentarse recursos para impugnar denegaciones injustas o errores de procedimiento.<\/p><p>Por compleja que pueda parecer la situaci\u00f3n, muchas veces se puede hacer m\u00e1s de lo que crees. Un abogado de detenciones de inmigrantes capacitado puede evaluar si cumples con los requisitos para ser puesto en libertad, reunir pruebas clave y actuar con rapidez para mantener unida a tu familia.<\/p><p>Veamos c\u00f3mo nuestro equipo va m\u00e1s all\u00e1 de los tr\u00e1mites judiciales para proteger tus derechos durante todo el proceso de detenci\u00f3n.<\/p><h2 class=\"wp-block-heading\">Abogado de detenci\u00f3n de inmigrantes en Houston protege tus derechos<\/h2><p>La detenci\u00f3n no significa que pierdes tus derechos. Desde el momento en que te detienen, siguen vigentes ciertas protecciones legales, y estamos aqu\u00ed para asegurarnos de que se respeten. Como tus defensores, desafiamos cualquier extralimitaci\u00f3n, te protegemos de la coacci\u00f3n y nos aseguramos de que tu voz sea escuchada en cada parte del proceso.<\/p><p>Lee aqu\u00ed c\u00f3mo trabajamos para defender tus derechos mientras est\u00e1s bajo custodia del ICE:<\/p><h3 class=\"wp-block-heading\">El silencio es tu derecho<\/h3><p>No tienes que responder a preguntas sobre tu historial de inmigraci\u00f3n, lugar de nacimiento o situaci\u00f3n legal, y menos sin la presencia de un abogado. Guardar silencio te protege.<\/p><h3 class=\"wp-block-heading\">La representaci\u00f3n legal es siempre una opci\u00f3n<\/h3><p>Aunque el Gobierno no te asigne un abogado, puedes contratar a uno, y tener uno lo cambia todo. Intervenimos para nivelar el terreno de juego.<\/p><h3 class=\"wp-block-heading\">Nadie puede obligarte a firmar nada<\/h3><p>A muchos detenidos se les presiona para que firmen formularios de \u201csalida voluntaria\u201d. Revisamos cada documento antes de que lo firmes, asegur\u00e1ndonos de que est\u00e1s plenamente informado.<\/p><h3 class=\"wp-block-heading\">Puede haber audiencias sobre fianzas<\/h3><p>Dependiendo de tu situaci\u00f3n, podr\u00edas reunir los requisitos para una audiencia de fianza. Presentaremos la solicitud, prepararemos tu caso y defenderemos tu puesta en libertad ante el juez.<\/p><h3 class=\"wp-block-heading\">Toda persona merece un d\u00eda justo en los tribunales<\/h3><p>Los inmigrantes detenidos siguen teniendo derecho a ver a un juez y presentar su caso. Ya sea asilo, cancelaci\u00f3n de expulsi\u00f3n u otra defensa, te preparamos en cada paso del camino.<\/p><p>Desde el momento en que alguien es detenido, nuestra atenci\u00f3n no se centra solo en la estrategia, sino tambi\u00e9n en la dignidad, la claridad y la protecci\u00f3n. No tienes que enfrentarte solo al ICE o a los tribunales. Ahora, explora c\u00f3mo Houston Immigration Lawyers llevan esa protecci\u00f3n m\u00e1s all\u00e1.<\/p><h2 class=\"wp-block-heading\">C\u00f3mo puede ayudarte Houston Immigration Lawyers<\/h2><p>En nuestra firma sabemos lo aterradora e incierta que puede ser la detenci\u00f3n tanto para la persona retenida como para su familia. Actuamos con rapidez, escuchamos atentamente y elaboramos un plan adaptado a tus necesidades, tanto si solicitas una fianza como si impugnas una orden de expulsi\u00f3n o solicitas protecci\u00f3n legal.<\/p><p>As\u00ed es como nuestros abogados de detenci\u00f3n de inmigrantes en Houston trabajan para apoyarte:<\/p><p><img decoding=\"async\" class=\"size-full wp-image-7382 alignleft\" src=\"https:\/\/www.houstontexasimmigrationlawyers.com\/wp-content\/uploads\/2025\/06\/evite-la-deportacion-con-abogado-de-detencion-de-inmigrantes-en-houston.jpg\" alt=\"Evita La Deportaci\u00f3n Con Abogado De Detenci\u00f3n De Inmigrantes En Houston\" width=\"300\" height=\"200\" \/><\/p><h3 class=\"wp-block-heading\">Representaci\u00f3n de fianza y libertad condicional<\/h3><p>Abogamos por tu liberaci\u00f3n preparando mociones de fianza, reuniendo s\u00f3lidas pruebas de apoyo y represent\u00e1ndote ante el juez de inmigraci\u00f3n. Si la fianza no est\u00e1 disponible, buscamos opciones de libertad condicional o supervisi\u00f3n para mantener a las familias unidas siempre que sea posible.<\/p><h3 class=\"wp-block-heading\">Estrategia de defensa contra la expulsi\u00f3n<\/h3><p>Revisaremos todo tu historial de inmigraci\u00f3n, tus antecedentes penales y tus lazos familiares para determinar si re\u00fanes los requisitos para una medida de alivio como la Cancelaci\u00f3n de Expulsi\u00f3n, el Asilo o el Ajuste de Estatus. Si tienes \u00f3rdenes de expulsi\u00f3n anteriores, podemos presentar mociones para reabrir y detener la deportaci\u00f3n.<\/p><h3 class=\"wp-block-heading\">Representaci\u00f3n ante los tribunales y ICE<\/h3><p>Te representamos en todas las fases ante el tribunal de inmigraci\u00f3n, con los funcionarios del ICE y en las audiencias de revisi\u00f3n de la detenci\u00f3n. Respondemos a las demandas del ICE y te protegemos para que no firmes documentos bajo presi\u00f3n ni malinterpretes tus derechos.<\/p><h3 class=\"wp-block-heading\">Orientaci\u00f3n y apoyo familiar<\/h3><p>Servimos a la persona detenida y tambi\u00e9n apoyamos a sus seres queridos. Desde ayudar a las familias a reunir documentos hasta explicarles lo que sigue, nos aseguramos de que nadie se sienta perdido o impotente durante este proceso.<\/p><h3 class=\"wp-block-heading\">Audiencias y suspensiones de expulsi\u00f3n<\/h3><p>Si el Gobierno ha ordenado tu expulsi\u00f3n, podemos presentar suspensiones o audiencias de emergencia para retrasar o impedir la deportaci\u00f3n mientras se buscan otras opciones legales. El tiempo importa, as\u00ed que actuamos r\u00e1pida y estrat\u00e9gicamente para preservar tu futuro.<\/p><p>Si tu ser querido ha sido detenido, o si t\u00fa corres el riesgo de ser detenido, no est\u00e1s solo. En nuestra firma de abogados de centros de detenci\u00f3n de inmigrantes en Houston, te ayudaremos a comprender tus opciones legales, proteger tus derechos y trabajar con urgencia para conseguir tu liberaci\u00f3n siempre que sea posible.<\/p><p><a href=\"https:\/\/www.houstontexasimmigrationlawyers.com\/es\/contactenos\/\">Programa hoy mismo una evaluaci\u00f3n confidencial con nuestro equipo<\/a>. Preguntar es gratis y la conversaci\u00f3n podr\u00eda cambiarlo todo.<\/p>\t\t\t\t\t\t\t\t<\/div>\n\t\t\t\t<\/div>\n\t\t\t\t\t<\/div>\n\t\t\t\t<\/div>\n\t\t\t\t<\/div>\n\t\t","protected":false},"excerpt":{"rendered":"<p>TL;DR:Si tu ser querido ha sido detenido por las autoridades de inmigraci\u00f3n en Texas, un abogado de detenci\u00f3n de inmigrantes en Houston puede guiarte a trav\u00e9s del proceso y luchar por tu liberaci\u00f3n. La detenci\u00f3n de inmigrantes no es un castigo criminal, pero puede sentirse como una prisi\u00f3n, y suele llegar con pocas advertencias. Desde las retenciones del ICE hasta las audiencias de fianza, existen v\u00edas legales que pueden ayudarte. Ser detenido por las autoridades de inmigraci\u00f3n es una de las experiencias m\u00e1s aterradoras a las que puede enfrentarse un inmigrante. Tanto si ocurre tras un control de tr\u00e1fico, una redada en el lugar de trabajo o en la frontera, la detenci\u00f3n suele traer consigo confusi\u00f3n, miedo y silencio. Si t\u00fa o tu ser querido se encuentran actualmente bajo custodia del ICE, o incluso en peligro, es importante que conozcan sus derechos. Tambi\u00e9n debes conocer el proceso que tienes por delante. Un abogado de detenci\u00f3n de inmigrantes en Houston puede ayudarte a encontrar un camino a seguir. \u00bfQu\u00e9 es la detenci\u00f3n de inmigrantes? La detenci\u00f3n de inmigrantes es el proceso que utiliza el Gobierno estadounidense para retener a los no ciudadanos mientras determina si pueden permanecer en el pa\u00eds o no. Las personas detenidas pueden estar a la espera de una audiencia judicial, enfrentarse a la deportaci\u00f3n o esperar una decisi\u00f3n sobre una solicitud. He aqu\u00ed los hechos clave sobre la detenci\u00f3n de inmigrantes: La detenci\u00f3n es civil, no penal, pero las instalaciones suelen parecer una c\u00e1rcel. ICE (Servicio de Inmigraci\u00f3n y Control de Aduanas de Estados Unidos) es la agencia encargada. La detenci\u00f3n puede producirse sin aviso previo, especialmente tras un arresto criminal. Sigues teniendo derechos legales, incluso si est\u00e1s detenido. Algunos son detenidos directamente en la frontera, mientras que otros son recogidos por el ICE tras una interacci\u00f3n con la polic\u00eda local. Pero el hecho de estar detenido no significa que no tengas esperanza ni opciones. Entender por qu\u00e9 alguien puede ser detenido es el primer paso para defender tu futuro. Veamos las razones m\u00e1s comunes por las que los inmigrantes acaban detenidos. Razones habituales por las que ICE detiene a los inmigrantes Hay muchas razones por las que alguien puede ser detenido por las autoridades de inmigraci\u00f3n. A veces se trata de un malentendido. Otras veces, est\u00e1 relacionado con un caso pendiente o con antecedentes de inmigraci\u00f3n. Te pueden detener si: Teienes una orden de deportaci\u00f3n pendiente. Sobrepasaste tu Visa o entraste a EE.UU. sin inspecci\u00f3n. Fuiste detenido y la polic\u00eda local le avisa al ICE. Faltaste a una audiencia en el tribunal de inmigraci\u00f3n. Has violado los t\u00e9rminos de tu estatus, como DACA, TPS, Visa de Estudiante. Solicitaste asilo y fuiste detenido mientras revisaban tu solicitud. No todas las detenciones significan que la deportaci\u00f3n est\u00e9 garantizada, pero el momento es importante. Sea cual sea el motivo de la detenci\u00f3n, la experiencia es desorientadora y aterradora. Pero no es el final de tu viaje migratorio. Lo que ocurra despu\u00e9s puede variar mucho en funci\u00f3n de los hechos del caso, del historial de inmigraci\u00f3n de la persona y de la rapidez con que se tomen medidas. \u00bfQu\u00e9 sucede despu\u00e9s de que ICE te detenga? El proceso de detenci\u00f3n avanza r\u00e1pidamente, pero hay etapas en las que puede intervenir un abogado de detenci\u00f3n de inmigrantes en Houston. Esto es lo que puedes esperar despu\u00e9s de ser detenido. Custodia inicial Despu\u00e9s de que ICE detiene a una persona, \u00e9sta suele ser trasladada a un centro de detenci\u00f3n cercano, como el Centro de Detenci\u00f3n por Contrato de Houston o el Centro de Procesamiento de Montgomery. En poco tiempo, el ICE debe determinar si libera a la persona o la mantiene detenida. Tribunal de Inmigraci\u00f3n y audiencias de fianza Si la persona no es puesta en libertad, puede tener una audiencia de fianza ante un juez de inmigraci\u00f3n. Esta es una oportunidad para argumentar a favor de la liberaci\u00f3n bas\u00e1ndose en los lazos con la comunidad, la falta de antecedentes penales y la elegibilidad para el alivio. Audiencias del calendario maestro Se trata de breves sesiones judiciales en las que el juez revisar\u00e1 los cargos, preguntar\u00e1 por la representaci\u00f3n legal y fijar\u00e1 las fechas de los futuros juicios. El detenido necesita representaci\u00f3n legal en esta fase para preservar sus opciones. Audiencia de m\u00e9ritos Aqu\u00ed es donde se presenta su caso en su totalidad. Puede solicitar Asilo, Cancelaci\u00f3n de Expulsi\u00f3n u otras formas de alivio, pero solo si has presentado la documentaci\u00f3n adecuada y has construido un caso s\u00f3lido. Cada paso del proceso de detenci\u00f3n, desde la decisi\u00f3n inicial del ICE hasta la audiencia judicial final, conlleva riesgos y oportunidades. Sin orientaci\u00f3n legal, es f\u00e1cil que se te pasen los plazos, que pierdas la elegibilidad para la ayuda o que malinterpretes tus derechos. Ah\u00ed es donde el apoyo legal profesional marca la diferencia. Los abogados de detenci\u00f3n de inmigrantes en Houston pueden intervenir en cualquier momento para luchar por tu liberaci\u00f3n, preparar tu defensa y ayudarte a comprender las opciones legales que a\u00fan te quedan. Opciones legales para ser puesto en libertad Una vez que alguien es detenido, el tiempo se vuelve cr\u00edtico. Un abogado de detenci\u00f3n de inmigrantes en Houston trabaja con urgencia para identificar todas las v\u00edas posibles para la liberaci\u00f3n y presiona para que se produzca. Estas son algunas de las opciones de liberaci\u00f3n que nuestro equipo puede explorar: Audiencias sobre fianzas Si la persona cumple los requisitos, un juez de inmigraci\u00f3n puede fijar una fianza econ\u00f3mica. Una vez pagada, el detenido queda en libertad mientras contin\u00faa su caso. Su abogado reunir\u00e1 pruebas, como lazos familiares, apoyo comunitario y antecedentes limpios, para abogar por la cantidad de fianza m\u00e1s baja posible. Solicitudes de libertad condicional En el caso de las personas que no pueden acogerse a la fianza, el ICE tiene la facultad discrecional de ponerlas en libertad por motivos humanitarios. Esto puede aplicarse en casos relacionados con problemas m\u00e9dicos graves, cuidadores primarios o personas que buscan protecci\u00f3n urgente de asilo. Orden de supervisi\u00f3n (OSUP) El ICE puede aprobar<\/p>\n","protected":false},"author":3,"featured_media":0,"parent":2768,"menu_order":0,"comment_status":"closed","ping_status":"closed","template":"","meta":{"_analytify_skip_tracking":false,"rank_math_title":"Abogado de detenci\u00f3n de inmigrantes en Houston","rank_math_description":"Recibe ayuda de una firma de abogados de detenci\u00f3n de inmigrantes. Conoce tus derechos y durante la detenci\u00f3n o expulsi\u00f3n de ICE en TX. ","rank_math_focus_keyword":"Abogado de detenci\u00f3n de inmigrantes en Houston","rank_math_canonical_url":"","footnotes":""},"class_list":["post-7373","page","type-page","status-publish","hentry"],"_links":{"self":[{"href":"https:\/\/www.houstontexasimmigrationlawyers.com\/es\/wp-json\/wp\/v2\/pages\/7373","targetHints":{"allow":["GET"]}}],"collection":[{"href":"https:\/\/www.houstontexasimmigrationlawyers.com\/es\/wp-json\/wp\/v2\/pages"}],"about":[{"href":"https:\/\/www.houstontexasimmigrationlawyers.com\/es\/wp-json\/wp\/v2\/types\/page"}],"author":[{"embeddable":true,"href":"https:\/\/www.houstontexasimmigrationlawyers.com\/es\/wp-json\/wp\/v2\/users\/3"}],"replies":[{"embeddable":true,"href":"https:\/\/www.houstontexasimmigrationlawyers.com\/es\/wp-json\/wp\/v2\/comments?post=7373"}],"version-history":[{"count":1,"href":"https:\/\/www.houstontexasimmigrationlawyers.com\/es\/wp-json\/wp\/v2\/pages\/7373\/revisions"}],"predecessor-version":[{"id":15461,"href":"https:\/\/www.houstontexasimmigrationlawyers.com\/es\/wp-json\/wp\/v2\/pages\/7373\/revisions\/15461"}],"up":[{"embeddable":true,"href":"https:\/\/www.houstontexasimmigrationlawyers.com\/es\/wp-json\/wp\/v2\/pages\/2768"}],"wp:attachment":[{"href":"https:\/\/www.houstontexasimmigrationlawyers.com\/es\/wp-json\/wp\/v2\/media?parent=7373"}],"curies":[{"name":"wp","href":"https:\/\/api.w.org\/{rel}","templated":true}]}}