{"id":7206,"date":"2025-04-08T15:20:48","date_gmt":"2025-04-08T15:20:48","guid":{"rendered":"https:\/\/www.houstontexasimmigrationlawyers.com\/?page_id=7206"},"modified":"2025-04-08T15:41:33","modified_gmt":"2025-04-08T15:41:33","slug":"emilio-alva","status":"publish","type":"page","link":"https:\/\/www.houstontexasimmigrationlawyers.com\/es\/conozca-nuestro-equipo\/emilio-alva\/","title":{"rendered":"Emilio Alva"},"content":{"rendered":"\t\t<div data-elementor-type=\"wp-page\" data-elementor-id=\"7206\" class=\"elementor elementor-7206\" data-elementor-post-type=\"page\">\n\t\t\t\t<div class=\"elementor-element elementor-element-538c2d9 e-flex e-con-boxed wpr-particle-no wpr-jarallax-no wpr-parallax-no wpr-sticky-section-no wpr-equal-height-no e-con e-parent\" data-id=\"538c2d9\" data-element_type=\"container\" data-e-type=\"container\" data-settings=\"{&quot;background_background&quot;:&quot;classic&quot;}\">\n\t\t\t\t\t<div class=\"e-con-inner\">\n\t\t<div class=\"elementor-element elementor-element-f19aa85 e-con-full e-flex wpr-particle-no wpr-jarallax-no wpr-parallax-no wpr-sticky-section-no wpr-equal-height-no e-con e-child\" data-id=\"f19aa85\" data-element_type=\"container\" data-e-type=\"container\">\n\t\t<div class=\"elementor-element elementor-element-3f0d593 e-con-full e-flex wpr-particle-no wpr-jarallax-no wpr-parallax-no wpr-sticky-section-no wpr-equal-height-no e-con e-child\" data-id=\"3f0d593\" data-element_type=\"container\" data-e-type=\"container\">\n\t\t<div class=\"elementor-element elementor-element-760f576 e-con-full e-flex wpr-particle-no wpr-jarallax-no wpr-parallax-no wpr-sticky-section-no wpr-equal-height-no e-con e-child\" data-id=\"760f576\" data-element_type=\"container\" data-e-type=\"container\">\n\t\t\t\t<div class=\"elementor-element elementor-element-b92504e elementor-widget elementor-widget-image\" data-id=\"b92504e\" data-element_type=\"widget\" data-e-type=\"widget\" data-widget_type=\"image.default\">\n\t\t\t\t<div class=\"elementor-widget-container\">\n\t\t\t\t\t\t\t\t\t\t\t\t\t\t\t<img decoding=\"async\" width=\"270\" height=\"350\" src=\"https:\/\/www.houstontexasimmigrationlawyers.com\/wp-content\/uploads\/2025\/03\/emilio-alva-attorney-at-houston-texas-immigration-lawyers.webp\" class=\"attachment-full size-full wp-image-4191\" alt=\"Emilio Alva \u2013 Attorney At Houston Immigration Lawyers\" srcset=\"https:\/\/www.houstontexasimmigrationlawyers.com\/wp-content\/uploads\/2025\/03\/emilio-alva-attorney-at-houston-texas-immigration-lawyers.webp 270w, https:\/\/www.houstontexasimmigrationlawyers.com\/wp-content\/uploads\/2025\/03\/emilio-alva-attorney-at-houston-texas-immigration-lawyers-231x300.webp 231w\" sizes=\"(max-width: 270px) 100vw, 270px\" \/>\t\t\t\t\t\t\t\t\t\t\t\t\t\t\t<\/div>\n\t\t\t\t<\/div>\n\t\t\t\t<\/div>\n\t\t<div class=\"elementor-element elementor-element-1c8a617 e-con-full e-flex wpr-particle-no wpr-jarallax-no wpr-parallax-no wpr-sticky-section-no wpr-equal-height-no e-con e-child\" data-id=\"1c8a617\" data-element_type=\"container\" data-e-type=\"container\">\n\t\t\t\t<div class=\"elementor-element elementor-element-35fc02b elementor-widget elementor-widget-heading\" data-id=\"35fc02b\" data-element_type=\"widget\" data-e-type=\"widget\" data-widget_type=\"heading.default\">\n\t\t\t\t<div class=\"elementor-widget-container\">\n\t\t\t\t\t<h1 class=\"elementor-heading-title elementor-size-default\">Emilio Alva<\/h1>\t\t\t\t<\/div>\n\t\t\t\t<\/div>\n\t\t\t\t<div class=\"elementor-element elementor-element-cad356a elementor-widget-divider--view-line_text elementor-widget-divider--element-align-left elementor-widget elementor-widget-divider\" data-id=\"cad356a\" data-element_type=\"widget\" data-e-type=\"widget\" data-widget_type=\"divider.default\">\n\t\t\t\t<div class=\"elementor-widget-container\">\n\t\t\t\t\t\t\t<div class=\"elementor-divider\">\n\t\t\t<span class=\"elementor-divider-separator\">\n\t\t\t\t\t\t\t<span class=\"elementor-divider__text elementor-divider__element\">\n\t\t\t\tAbogado\t\t\t\t<\/span>\n\t\t\t\t\t\t<\/span>\n\t\t<\/div>\n\t\t\t\t\t\t<\/div>\n\t\t\t\t<\/div>\n\t\t\t\t<div class=\"elementor-element elementor-element-cc8af4b elementor-widget elementor-widget-text-editor\" data-id=\"cc8af4b\" data-element_type=\"widget\" data-e-type=\"widget\" data-widget_type=\"text-editor.default\">\n\t\t\t\t<div class=\"elementor-widget-container\">\n\t\t\t\t\t\t\t\t\tMi nombre es Emilio Alva Jr. Nac\u00ed y crec\u00ed en Laredo, Texas, en la frontera con Nuevo Laredo, M\u00e9xico. Vi de primera mano la importancia de vivir, estudiar y trabajar junto a nuestros vecinos de M\u00e9xico. Me gradu\u00e9 de la Universidad de Texas en Austin con una licenciatura en Gobierno. Posteriormente, obtuve una Maestr\u00eda en Administraci\u00f3n de Empresas de la Universidad Internacional Texas A&amp;M en Laredo antes de asistir a la facultad de derecho en la Universidad St. Mary\u2019s en San Antonio. Mientras estaba en St. Mary\u2019s, tuve la suerte de estudiar en Innsbruck, Austria, durante un verano. Viaj\u00e9 con otros estudiantes por toda Europa experimentando otras culturas y or\u00edgenes. Sal\u00ed de aqu\u00ed con una nueva apreciaci\u00f3n por otros pa\u00edses, sus ciudadanos y c\u00f3mo ven a los Estados Unidos. Mi pr\u00e1ctica legal ha incluido la presentaci\u00f3n de solicitudes de visas, residencia permanente y naturalizaci\u00f3n, as\u00ed como la representaci\u00f3n de clientes en audiencias de deportaci\u00f3n. Me siento verdaderamente bendecido por la oportunidad de ayudar a otros que buscan el sue\u00f1o americano para s\u00ed mismos y sus familias.        \t\t\t\t\t\t\t\t<\/div>\n\t\t\t\t<\/div>\n\t\t\t\t<\/div>\n\t\t\t\t<\/div>\n\t\t\t\t<\/div>\n\t\t\t\t\t<\/div>\n\t\t\t\t<\/div>\n\t\t<div class=\"elementor-element elementor-element-2c1f700 e-flex e-con-boxed wpr-particle-no wpr-jarallax-no wpr-parallax-no wpr-sticky-section-no wpr-equal-height-no e-con e-parent\" data-id=\"2c1f700\" data-element_type=\"container\" data-e-type=\"container\" data-settings=\"{&quot;background_background&quot;:&quot;classic&quot;}\">\n\t\t\t\t\t<div class=\"e-con-inner\">\n\t\t\t\t<div class=\"elementor-element elementor-element-349d684 elementor-widget elementor-widget-heading\" data-id=\"349d684\" data-element_type=\"widget\" data-e-type=\"widget\" data-widget_type=\"heading.default\">\n\t\t\t\t<div class=\"elementor-widget-container\">\n\t\t\t\t\t<h4 class=\"elementor-heading-title elementor-size-default\"><a href=\"https:\/\/www.houstontexasimmigrationlawyers.com\/es\/contactenos\/\">D\u00c9JENOS PONER NUESTROS SERVICIOS Y EXPERIENCIA A SU SERVICIO<\/a><\/h4>\t\t\t\t<\/div>\n\t\t\t\t<\/div>\n\t\t\t\t\t<\/div>\n\t\t\t\t<\/div>\n\t\t\t\t<\/div>\n\t\t","protected":false},"excerpt":{"rendered":"<p>Emilio Alva Abogado Mi nombre es Emilio Alva Jr. Nac\u00ed y crec\u00ed en Laredo, Texas, en la frontera con Nuevo Laredo, M\u00e9xico. Vi de primera mano la importancia de vivir, estudiar y trabajar junto a nuestros vecinos de M\u00e9xico. Me gradu\u00e9 de la Universidad de Texas en Austin con una licenciatura en Gobierno. Posteriormente, obtuve una Maestr\u00eda en Administraci\u00f3n de Empresas de la Universidad Internacional Texas A&amp;M en Laredo antes de asistir a la facultad de derecho en la Universidad St. Mary\u2019s en San Antonio. Mientras estaba en St. Mary\u2019s, tuve la suerte de estudiar en Innsbruck, Austria, durante un verano. Viaj\u00e9 con otros estudiantes por toda Europa experimentando otras culturas y or\u00edgenes. Sal\u00ed de aqu\u00ed con una nueva apreciaci\u00f3n por otros pa\u00edses, sus ciudadanos y c\u00f3mo ven a los Estados Unidos. Mi pr\u00e1ctica legal ha incluido la presentaci\u00f3n de solicitudes de visas, residencia permanente y naturalizaci\u00f3n, as\u00ed como la representaci\u00f3n de clientes en audiencias de deportaci\u00f3n. Me siento verdaderamente bendecido por la oportunidad de ayudar a otros que buscan el sue\u00f1o americano para s\u00ed mismos y sus familias. D\u00c9JENOS PONER NUESTROS SERVICIOS Y EXPERIENCIA A SU SERVICIO<\/p>\n","protected":false},"author":3,"featured_media":0,"parent":2532,"menu_order":0,"comment_status":"closed","ping_status":"closed","template":"","meta":{"_analytify_skip_tracking":false,"rank_math_title":"Emilio Alva - Nuestro abogado","rank_math_description":"Conozca a Emilio Alva, uno de nuestros abogados, que trabaja con nuestros abogados de inmigraci\u00f3n en Houston, TX, para brindar asesoramiento legal.","rank_math_focus_keyword":"Emilio Alva","rank_math_canonical_url":"","footnotes":""},"class_list":["post-7206","page","type-page","status-publish","hentry"],"_links":{"self":[{"href":"https:\/\/www.houstontexasimmigrationlawyers.com\/es\/wp-json\/wp\/v2\/pages\/7206","targetHints":{"allow":["GET"]}}],"collection":[{"href":"https:\/\/www.houstontexasimmigrationlawyers.com\/es\/wp-json\/wp\/v2\/pages"}],"about":[{"href":"https:\/\/www.houstontexasimmigrationlawyers.com\/es\/wp-json\/wp\/v2\/types\/page"}],"author":[{"embeddable":true,"href":"https:\/\/www.houstontexasimmigrationlawyers.com\/es\/wp-json\/wp\/v2\/users\/3"}],"replies":[{"embeddable":true,"href":"https:\/\/www.houstontexasimmigrationlawyers.com\/es\/wp-json\/wp\/v2\/comments?post=7206"}],"version-history":[{"count":0,"href":"https:\/\/www.houstontexasimmigrationlawyers.com\/es\/wp-json\/wp\/v2\/pages\/7206\/revisions"}],"up":[{"embeddable":true,"href":"https:\/\/www.houstontexasimmigrationlawyers.com\/es\/wp-json\/wp\/v2\/pages\/2532"}],"wp:attachment":[{"href":"https:\/\/www.houstontexasimmigrationlawyers.com\/es\/wp-json\/wp\/v2\/media?parent=7206"}],"curies":[{"name":"wp","href":"https:\/\/api.w.org\/{rel}","templated":true}]}}