{"id":5897,"date":"2025-04-01T15:35:49","date_gmt":"2025-04-01T15:35:49","guid":{"rendered":"https:\/\/www.houstontexasimmigrationlawyers.com\/?page_id=5897"},"modified":"2025-09-02T20:04:51","modified_gmt":"2025-09-02T20:04:51","slug":"fernando","status":"publish","type":"page","link":"https:\/\/www.houstontexasimmigrationlawyers.com\/es\/conozca-nuestro-equipo\/fernando\/","title":{"rendered":"Fernando"},"content":{"rendered":"\t\t<div data-elementor-type=\"wp-page\" data-elementor-id=\"5897\" class=\"elementor elementor-5897 elementor-3878\" data-elementor-post-type=\"page\">\n\t\t\t\t<div class=\"elementor-element elementor-element-538c2d9 e-flex e-con-boxed wpr-particle-no wpr-jarallax-no wpr-parallax-no wpr-sticky-section-no wpr-equal-height-no e-con e-parent\" data-id=\"538c2d9\" data-element_type=\"container\" data-e-type=\"container\" data-settings=\"{&quot;background_background&quot;:&quot;classic&quot;}\">\n\t\t\t\t\t<div class=\"e-con-inner\">\n\t\t<div class=\"elementor-element elementor-element-f19aa85 e-con-full e-flex wpr-particle-no wpr-jarallax-no wpr-parallax-no wpr-sticky-section-no wpr-equal-height-no e-con e-child\" data-id=\"f19aa85\" data-element_type=\"container\" data-e-type=\"container\">\n\t\t<div class=\"elementor-element elementor-element-3f0d593 e-con-full e-flex wpr-particle-no wpr-jarallax-no wpr-parallax-no wpr-sticky-section-no wpr-equal-height-no e-con e-child\" data-id=\"3f0d593\" data-element_type=\"container\" data-e-type=\"container\">\n\t\t<div class=\"elementor-element elementor-element-760f576 e-con-full e-flex wpr-particle-no wpr-jarallax-no wpr-parallax-no wpr-sticky-section-no wpr-equal-height-no e-con e-child\" data-id=\"760f576\" data-element_type=\"container\" data-e-type=\"container\">\n\t\t\t\t<div class=\"elementor-element elementor-element-b92504e elementor-widget elementor-widget-image\" data-id=\"b92504e\" data-element_type=\"widget\" data-e-type=\"widget\" data-widget_type=\"image.default\">\n\t\t\t\t<div class=\"elementor-widget-container\">\n\t\t\t\t\t\t\t\t\t\t\t\t\t\t\t<img decoding=\"async\" width=\"380\" height=\"500\" src=\"https:\/\/www.houstontexasimmigrationlawyers.com\/wp-content\/uploads\/2025\/09\/fernando-supervisor-de-facturacion-en-houston-texas-immigration-lawyers.jpg\" class=\"attachment-full size-full wp-image-10159\" alt=\"Fernando Supervisor De Facturacion En Houston Immigration Lawyers\" srcset=\"https:\/\/www.houstontexasimmigrationlawyers.com\/wp-content\/uploads\/2025\/09\/fernando-supervisor-de-facturacion-en-houston-texas-immigration-lawyers.jpg 380w, https:\/\/www.houstontexasimmigrationlawyers.com\/wp-content\/uploads\/2025\/09\/fernando-supervisor-de-facturacion-en-houston-texas-immigration-lawyers-228x300.jpg 228w\" sizes=\"(max-width: 380px) 100vw, 380px\" \/>\t\t\t\t\t\t\t\t\t\t\t\t\t\t\t<\/div>\n\t\t\t\t<\/div>\n\t\t\t\t<\/div>\n\t\t<div class=\"elementor-element elementor-element-1c8a617 e-con-full e-flex wpr-particle-no wpr-jarallax-no wpr-parallax-no wpr-sticky-section-no wpr-equal-height-no e-con e-child\" data-id=\"1c8a617\" data-element_type=\"container\" data-e-type=\"container\">\n\t\t\t\t<div class=\"elementor-element elementor-element-35fc02b elementor-widget elementor-widget-heading\" data-id=\"35fc02b\" data-element_type=\"widget\" data-e-type=\"widget\" data-widget_type=\"heading.default\">\n\t\t\t\t<div class=\"elementor-widget-container\">\n\t\t\t\t\t<h1 class=\"elementor-heading-title elementor-size-default\">Fernando<\/h1>\t\t\t\t<\/div>\n\t\t\t\t<\/div>\n\t\t\t\t<div class=\"elementor-element elementor-element-cad356a elementor-widget-divider--view-line_text elementor-widget-divider--element-align-left elementor-widget elementor-widget-divider\" data-id=\"cad356a\" data-element_type=\"widget\" data-e-type=\"widget\" data-widget_type=\"divider.default\">\n\t\t\t\t<div class=\"elementor-widget-container\">\n\t\t\t\t\t\t\t<div class=\"elementor-divider\">\n\t\t\t<span class=\"elementor-divider-separator\">\n\t\t\t\t\t\t\t<span class=\"elementor-divider__text elementor-divider__element\">\n\t\t\t\tEspecialista senior en facturaci\u00f3n\t\t\t\t<\/span>\n\t\t\t\t\t\t<\/span>\n\t\t<\/div>\n\t\t\t\t\t\t<\/div>\n\t\t\t\t<\/div>\n\t\t\t\t<div class=\"elementor-element elementor-element-cc8af4b elementor-widget elementor-widget-text-editor\" data-id=\"cc8af4b\" data-element_type=\"widget\" data-e-type=\"widget\" data-widget_type=\"text-editor.default\">\n\t\t\t\t<div class=\"elementor-widget-container\">\n\t\t\t\t\t\t\t\t\t<p>Nac\u00ed en Tlaxcala, M\u00e9xico, pero pas\u00e9 la mayor parte de mi vida en Sacramento, California. Cuando ten\u00eda tres a\u00f1os, mis padres me trajeron a Estados Unidos como inmigrante indocumentada. Al crecer, me sent\u00eda como cualquier otro ni\u00f1o. No fue hasta mi adolescencia cuando comprend\u00ed realmente mi estatus, especialmente cuando me di cuenta de que no pod\u00eda obtener un permiso de conducir ni un n\u00famero de la seguridad social.   <\/p><p>Mis padres se enfrentaron a los mismos retos. Trabajaron duro y vivieron indocumentados durante a\u00f1os, sin intentar cambiar su estatus hasta que no tuvieron otra opci\u00f3n. Afortunadamente, cuando lleg\u00f3 ese momento, estaban mejor preparados que la mayor\u00eda.  <\/p><p>Me encanta lo que hago en Houston, Texas, Abogados de Inmigraci\u00f3n porque entiendo lo intimidante que puede ser pedir ayuda en estas situaciones. Muchas familias luchan por no saber a d\u00f3nde acudir o en qui\u00e9n confiar. Se necesita mucho valor para dar ese primer paso, y yo tengo el privilegio de ayudar a los que lo hacen.  <\/p><p>Cada d\u00eda escucho historias personales de perseverancia y esperanza. Ayudo a programar consultas con nuestro extraordinario equipo jur\u00eddico para que la gente pueda obtener la orientaci\u00f3n que necesita. S\u00e9 de primera mano lo mucho que puede cambiar la vida este proceso, y estoy agradecida de formar parte de un equipo que marca una verdadera diferencia.  <\/p>\t\t\t\t\t\t\t\t<\/div>\n\t\t\t\t<\/div>\n\t\t\t\t<\/div>\n\t\t\t\t<\/div>\n\t\t\t\t<\/div>\n\t\t\t\t\t<\/div>\n\t\t\t\t<\/div>\n\t\t<div class=\"elementor-element elementor-element-e368631 e-flex e-con-boxed wpr-particle-no wpr-jarallax-no wpr-parallax-no wpr-sticky-section-no wpr-equal-height-no e-con e-parent\" data-id=\"e368631\" data-element_type=\"container\" data-e-type=\"container\" data-settings=\"{&quot;background_background&quot;:&quot;classic&quot;}\">\n\t\t\t\t\t<div class=\"e-con-inner\">\n\t\t\t\t<div class=\"elementor-element elementor-element-105f4b7 elementor-widget-divider--view-line_text elementor-widget-divider--element-align-center elementor-widget elementor-widget-divider\" data-id=\"105f4b7\" data-element_type=\"widget\" data-e-type=\"widget\" data-widget_type=\"divider.default\">\n\t\t\t\t<div class=\"elementor-widget-container\">\n\t\t\t\t\t\t\t<div class=\"elementor-divider\">\n\t\t\t<span class=\"elementor-divider-separator\">\n\t\t\t\t\t\t\t<p class=\"elementor-divider__text elementor-divider__element\">\n\t\t\t\tCompa\u00f1eros de confianza\t\t\t\t<\/p>\n\t\t\t\t\t\t<\/span>\n\t\t<\/div>\n\t\t\t\t\t\t<\/div>\n\t\t\t\t<\/div>\n\t\t<div class=\"elementor-element elementor-element-5f03c75 e-con-full e-flex wpr-particle-no wpr-jarallax-no wpr-parallax-no wpr-sticky-section-no wpr-equal-height-no e-con e-child\" data-id=\"5f03c75\" data-element_type=\"container\" data-e-type=\"container\">\n\t\t<div class=\"elementor-element elementor-element-b0adeff e-con-full e-flex wpr-particle-no wpr-jarallax-no wpr-parallax-no wpr-sticky-section-no wpr-equal-height-no e-con e-child\" data-id=\"b0adeff\" data-element_type=\"container\" data-e-type=\"container\">\n\t\t\t\t<div class=\"elementor-element elementor-element-497ea74 elementor-widget elementor-widget-image\" data-id=\"497ea74\" data-element_type=\"widget\" data-e-type=\"widget\" data-widget_type=\"image.default\">\n\t\t\t\t<div class=\"elementor-widget-container\">\n\t\t\t\t\t\t\t\t\t\t\t\t\t\t\t<img decoding=\"async\" width=\"270\" height=\"350\" src=\"https:\/\/www.houstontexasimmigrationlawyers.com\/wp-content\/uploads\/2025\/03\/fernando-trusty-sidekick-fede-houston-texas-immigration-lawyers.jpg\" class=\"attachment-full size-full wp-image-3884\" alt=\"Fernando Trusty Sidekick Fede HoustonTexas Immigration Lawyers\" srcset=\"https:\/\/www.houstontexasimmigrationlawyers.com\/wp-content\/uploads\/2025\/03\/fernando-trusty-sidekick-fede-houston-texas-immigration-lawyers.jpg 270w, https:\/\/www.houstontexasimmigrationlawyers.com\/wp-content\/uploads\/2025\/03\/fernando-trusty-sidekick-fede-houston-texas-immigration-lawyers-231x300.jpg 231w\" sizes=\"(max-width: 270px) 100vw, 270px\" \/>\t\t\t\t\t\t\t\t\t\t\t\t\t\t\t<\/div>\n\t\t\t\t<\/div>\n\t\t\t\t<div class=\"elementor-element elementor-element-a1004eb elementor-widget elementor-widget-heading\" data-id=\"a1004eb\" data-element_type=\"widget\" data-e-type=\"widget\" data-widget_type=\"heading.default\">\n\t\t\t\t<div class=\"elementor-widget-container\">\n\t\t\t\t\t<p class=\"elementor-heading-title elementor-size-default\">\u00a1Conozca a Fede!\n<\/p>\t\t\t\t<\/div>\n\t\t\t\t<\/div>\n\t\t\t\t<div class=\"elementor-element elementor-element-e35b2c1 elementor-widget-divider--view-line elementor-widget elementor-widget-divider\" data-id=\"e35b2c1\" data-element_type=\"widget\" data-e-type=\"widget\" data-widget_type=\"divider.default\">\n\t\t\t\t<div class=\"elementor-widget-container\">\n\t\t\t\t\t\t\t<div class=\"elementor-divider\">\n\t\t\t<span class=\"elementor-divider-separator\">\n\t\t\t\t\t\t<\/span>\n\t\t<\/div>\n\t\t\t\t\t\t<\/div>\n\t\t\t\t<\/div>\n\t\t\t\t<div class=\"elementor-element elementor-element-8b93419 elementor-widget elementor-widget-text-editor\" data-id=\"8b93419\" data-element_type=\"widget\" data-e-type=\"widget\" data-widget_type=\"text-editor.default\">\n\t\t\t\t<div class=\"elementor-widget-container\">\n\t\t\t\t\t\t\t\t\tHola, me llamo Fede soy un gato muy perezoso al que le encanta dormir.\t\t\t\t\t\t\t\t<\/div>\n\t\t\t\t<\/div>\n\t\t\t\t<\/div>\n\t\t<div class=\"elementor-element elementor-element-8b7d3c0 e-con-full e-flex wpr-particle-no wpr-jarallax-no wpr-parallax-no wpr-sticky-section-no wpr-equal-height-no e-con e-child\" data-id=\"8b7d3c0\" data-element_type=\"container\" data-e-type=\"container\">\n\t\t\t\t<div class=\"elementor-element elementor-element-e2076ff elementor-widget elementor-widget-image\" data-id=\"e2076ff\" data-element_type=\"widget\" data-e-type=\"widget\" data-widget_type=\"image.default\">\n\t\t\t\t<div class=\"elementor-widget-container\">\n\t\t\t\t\t\t\t\t\t\t\t\t\t\t\t<img decoding=\"async\" width=\"270\" height=\"350\" src=\"https:\/\/www.houstontexasimmigrationlawyers.com\/wp-content\/uploads\/2025\/03\/fernando-trusty-sidekick-solie-houston-texas-immigration-lawyers.jpg\" class=\"attachment-full size-full wp-image-3888\" alt=\"Fernando Trusty Sidekick Solie HoustonTexas Immigration Lawyers\" srcset=\"https:\/\/www.houstontexasimmigrationlawyers.com\/wp-content\/uploads\/2025\/03\/fernando-trusty-sidekick-solie-houston-texas-immigration-lawyers.jpg 270w, https:\/\/www.houstontexasimmigrationlawyers.com\/wp-content\/uploads\/2025\/03\/fernando-trusty-sidekick-solie-houston-texas-immigration-lawyers-231x300.jpg 231w\" sizes=\"(max-width: 270px) 100vw, 270px\" \/>\t\t\t\t\t\t\t\t\t\t\t\t\t\t\t<\/div>\n\t\t\t\t<\/div>\n\t\t\t\t<div class=\"elementor-element elementor-element-4819424 elementor-widget elementor-widget-heading\" data-id=\"4819424\" data-element_type=\"widget\" data-e-type=\"widget\" data-widget_type=\"heading.default\">\n\t\t\t\t<div class=\"elementor-widget-container\">\n\t\t\t\t\t<p class=\"elementor-heading-title elementor-size-default\">\u00a1Conozca a Solie!\n<\/p>\t\t\t\t<\/div>\n\t\t\t\t<\/div>\n\t\t\t\t<div class=\"elementor-element elementor-element-d3943cf elementor-widget-divider--view-line elementor-widget elementor-widget-divider\" data-id=\"d3943cf\" data-element_type=\"widget\" data-e-type=\"widget\" data-widget_type=\"divider.default\">\n\t\t\t\t<div class=\"elementor-widget-container\">\n\t\t\t\t\t\t\t<div class=\"elementor-divider\">\n\t\t\t<span class=\"elementor-divider-separator\">\n\t\t\t\t\t\t<\/span>\n\t\t<\/div>\n\t\t\t\t\t\t<\/div>\n\t\t\t\t<\/div>\n\t\t\t\t<div class=\"elementor-element elementor-element-36b4055 elementor-widget elementor-widget-text-editor\" data-id=\"36b4055\" data-element_type=\"widget\" data-e-type=\"widget\" data-widget_type=\"text-editor.default\">\n\t\t\t\t<div class=\"elementor-widget-container\">\n\t\t\t\t\t\t\t\t\tHola mi nombre es Solie soy un P\u00e1jaro, me encanta volar y cantar con mi amo, tambi\u00e9n disfruto trepando cosas altas.\n\t\t\t\t\t\t\t\t<\/div>\n\t\t\t\t<\/div>\n\t\t\t\t<\/div>\n\t\t\t\t<\/div>\n\t\t\t\t\t<\/div>\n\t\t\t\t<\/div>\n\t\t<div class=\"elementor-element elementor-element-2c1f700 e-flex e-con-boxed wpr-particle-no wpr-jarallax-no wpr-parallax-no wpr-sticky-section-no wpr-equal-height-no e-con e-parent\" data-id=\"2c1f700\" data-element_type=\"container\" data-e-type=\"container\" data-settings=\"{&quot;background_background&quot;:&quot;classic&quot;}\">\n\t\t\t\t\t<div class=\"e-con-inner\">\n\t\t\t\t<div class=\"elementor-element elementor-element-349d684 elementor-widget elementor-widget-heading\" data-id=\"349d684\" data-element_type=\"widget\" data-e-type=\"widget\" data-widget_type=\"heading.default\">\n\t\t\t\t<div class=\"elementor-widget-container\">\n\t\t\t\t\t<h4 class=\"elementor-heading-title elementor-size-default\"><a href=\"https:\/\/www.houstontexasimmigrationlawyers.com\/es\/contactenos\/\">D\u00c9JENOS PONER NUESTROS SERVICIOS Y EXPERIENCIA A SU SERVICIO<\/a><\/h4>\t\t\t\t<\/div>\n\t\t\t\t<\/div>\n\t\t\t\t\t<\/div>\n\t\t\t\t<\/div>\n\t\t\t\t<\/div>\n\t\t","protected":false},"excerpt":{"rendered":"<p>Fernando Especialista senior en facturaci\u00f3n Nac\u00ed en Tlaxcala, M\u00e9xico, pero pas\u00e9 la mayor parte de mi vida en Sacramento, California. Cuando ten\u00eda tres a\u00f1os, mis padres me trajeron a Estados Unidos como inmigrante indocumentada. Al crecer, me sent\u00eda como cualquier otro ni\u00f1o. No fue hasta mi adolescencia cuando comprend\u00ed realmente mi estatus, especialmente cuando me di cuenta de que no pod\u00eda obtener un permiso de conducir ni un n\u00famero de la seguridad social. Mis padres se enfrentaron a los mismos retos. Trabajaron duro y vivieron indocumentados durante a\u00f1os, sin intentar cambiar su estatus hasta que no tuvieron otra opci\u00f3n. Afortunadamente, cuando lleg\u00f3 ese momento, estaban mejor preparados que la mayor\u00eda. Me encanta lo que hago en Houston, Texas, Abogados de Inmigraci\u00f3n porque entiendo lo intimidante que puede ser pedir ayuda en estas situaciones. Muchas familias luchan por no saber a d\u00f3nde acudir o en qui\u00e9n confiar. Se necesita mucho valor para dar ese primer paso, y yo tengo el privilegio de ayudar a los que lo hacen. Cada d\u00eda escucho historias personales de perseverancia y esperanza. Ayudo a programar consultas con nuestro extraordinario equipo jur\u00eddico para que la gente pueda obtener la orientaci\u00f3n que necesita. S\u00e9 de primera mano lo mucho que puede cambiar la vida este proceso, y estoy agradecida de formar parte de un equipo que marca una verdadera diferencia. Compa\u00f1eros de confianza \u00a1Conozca a Fede! Hola, me llamo Fede soy un gato muy perezoso al que le encanta dormir. \u00a1Conozca a Solie! Hola mi nombre es Solie soy un P\u00e1jaro, me encanta volar y cantar con mi amo, tambi\u00e9n disfruto trepando cosas altas. D\u00c9JENOS PONER NUESTROS SERVICIOS Y EXPERIENCIA A SU SERVICIO<\/p>\n","protected":false},"author":3,"featured_media":0,"parent":2532,"menu_order":0,"comment_status":"closed","ping_status":"closed","template":"","meta":{"_analytify_skip_tracking":false,"rank_math_title":"Fernando - Nuestro especialista senior en facturaci\u00f3n","rank_math_description":"Conozca a Fernando, nuestro Especialista Senior en Facturaci\u00f3n. Nacido en M\u00e9xico pero criado en Sacramento desde los tres a\u00f1os. ","rank_math_focus_keyword":"Fernando","rank_math_canonical_url":"","footnotes":""},"class_list":["post-5897","page","type-page","status-publish","hentry"],"_links":{"self":[{"href":"https:\/\/www.houstontexasimmigrationlawyers.com\/es\/wp-json\/wp\/v2\/pages\/5897","targetHints":{"allow":["GET"]}}],"collection":[{"href":"https:\/\/www.houstontexasimmigrationlawyers.com\/es\/wp-json\/wp\/v2\/pages"}],"about":[{"href":"https:\/\/www.houstontexasimmigrationlawyers.com\/es\/wp-json\/wp\/v2\/types\/page"}],"author":[{"embeddable":true,"href":"https:\/\/www.houstontexasimmigrationlawyers.com\/es\/wp-json\/wp\/v2\/users\/3"}],"replies":[{"embeddable":true,"href":"https:\/\/www.houstontexasimmigrationlawyers.com\/es\/wp-json\/wp\/v2\/comments?post=5897"}],"version-history":[{"count":6,"href":"https:\/\/www.houstontexasimmigrationlawyers.com\/es\/wp-json\/wp\/v2\/pages\/5897\/revisions"}],"predecessor-version":[{"id":10280,"href":"https:\/\/www.houstontexasimmigrationlawyers.com\/es\/wp-json\/wp\/v2\/pages\/5897\/revisions\/10280"}],"up":[{"embeddable":true,"href":"https:\/\/www.houstontexasimmigrationlawyers.com\/es\/wp-json\/wp\/v2\/pages\/2532"}],"wp:attachment":[{"href":"https:\/\/www.houstontexasimmigrationlawyers.com\/es\/wp-json\/wp\/v2\/media?parent=5897"}],"curies":[{"name":"wp","href":"https:\/\/api.w.org\/{rel}","templated":true}]}}