{"id":5895,"date":"2025-04-01T15:35:50","date_gmt":"2025-04-01T15:35:50","guid":{"rendered":"https:\/\/www.houstontexasimmigrationlawyers.com\/?page_id=5895"},"modified":"2026-03-27T22:23:58","modified_gmt":"2026-03-27T22:23:58","slug":"fernando-valencia","status":"publish","type":"page","link":"https:\/\/www.houstontexasimmigrationlawyers.com\/es\/conozca-nuestro-equipo\/fernando-valencia\/","title":{"rendered":"Fernando"},"content":{"rendered":"\t\t<div data-elementor-type=\"wp-page\" data-elementor-id=\"5895\" class=\"elementor elementor-5895 elementor-3892\" data-elementor-post-type=\"page\">\n\t\t\t\t<div class=\"elementor-element elementor-element-538c2d9 e-flex e-con-boxed wpr-particle-no wpr-jarallax-no wpr-parallax-no wpr-sticky-section-no wpr-equal-height-no e-con e-parent\" data-id=\"538c2d9\" data-element_type=\"container\" data-e-type=\"container\" data-settings=\"{&quot;background_background&quot;:&quot;classic&quot;}\">\n\t\t\t\t\t<div class=\"e-con-inner\">\n\t\t<div class=\"elementor-element elementor-element-f19aa85 e-con-full e-flex wpr-particle-no wpr-jarallax-no wpr-parallax-no wpr-sticky-section-no wpr-equal-height-no e-con e-child\" data-id=\"f19aa85\" data-element_type=\"container\" data-e-type=\"container\">\n\t\t<div class=\"elementor-element elementor-element-3f0d593 e-con-full e-flex wpr-particle-no wpr-jarallax-no wpr-parallax-no wpr-sticky-section-no wpr-equal-height-no e-con e-child\" data-id=\"3f0d593\" data-element_type=\"container\" data-e-type=\"container\">\n\t\t<div class=\"elementor-element elementor-element-744cd48 e-con-full e-flex wpr-particle-no wpr-jarallax-no wpr-parallax-no wpr-sticky-section-no wpr-equal-height-no e-con e-child\" data-id=\"744cd48\" data-element_type=\"container\" data-e-type=\"container\">\n\t\t\t\t<div class=\"elementor-element elementor-element-6268d0d elementor-widget elementor-widget-image\" data-id=\"6268d0d\" data-element_type=\"widget\" data-e-type=\"widget\" data-widget_type=\"image.default\">\n\t\t\t\t<div class=\"elementor-widget-container\">\n\t\t\t\t\t\t\t\t\t\t\t\t\t\t\t<img decoding=\"async\" width=\"380\" height=\"500\" src=\"https:\/\/www.houstontexasimmigrationlawyers.com\/wp-content\/uploads\/2025\/09\/fernando-coordinador-de-ventas-en-houston-texas-immigration-lawyers.jpg\" class=\"attachment-full size-full wp-image-10178\" alt=\"Fernando Coordinador De Ventas En Houston Immigration Lawyers\" srcset=\"https:\/\/www.houstontexasimmigrationlawyers.com\/wp-content\/uploads\/2025\/09\/fernando-coordinador-de-ventas-en-houston-texas-immigration-lawyers.jpg 380w, https:\/\/www.houstontexasimmigrationlawyers.com\/wp-content\/uploads\/2025\/09\/fernando-coordinador-de-ventas-en-houston-texas-immigration-lawyers-228x300.jpg 228w\" sizes=\"(max-width: 380px) 100vw, 380px\" \/>\t\t\t\t\t\t\t\t\t\t\t\t\t\t\t<\/div>\n\t\t\t\t<\/div>\n\t\t\t\t<\/div>\n\t\t<div class=\"elementor-element elementor-element-1c8a617 e-con-full e-flex wpr-particle-no wpr-jarallax-no wpr-parallax-no wpr-sticky-section-no wpr-equal-height-no e-con e-child\" data-id=\"1c8a617\" data-element_type=\"container\" data-e-type=\"container\">\n\t\t\t\t<div class=\"elementor-element elementor-element-35fc02b elementor-widget elementor-widget-heading\" data-id=\"35fc02b\" data-element_type=\"widget\" data-e-type=\"widget\" data-widget_type=\"heading.default\">\n\t\t\t\t<div class=\"elementor-widget-container\">\n\t\t\t\t\t<h1 class=\"elementor-heading-title elementor-size-default\">Fernando<\/h1>\t\t\t\t<\/div>\n\t\t\t\t<\/div>\n\t\t\t\t<div class=\"elementor-element elementor-element-cad356a elementor-widget-divider--view-line_text elementor-widget-divider--element-align-left elementor-widget elementor-widget-divider\" data-id=\"cad356a\" data-element_type=\"widget\" data-e-type=\"widget\" data-widget_type=\"divider.default\">\n\t\t\t\t<div class=\"elementor-widget-container\">\n\t\t\t\t\t\t\t<div class=\"elementor-divider\">\n\t\t\t<span class=\"elementor-divider-separator\">\n\t\t\t\t\t\t\t<span class=\"elementor-divider__text elementor-divider__element\">\n\t\t\t\tCoordinador de ventas\t\t\t\t<\/span>\n\t\t\t\t\t\t<\/span>\n\t\t<\/div>\n\t\t\t\t\t\t<\/div>\n\t\t\t\t<\/div>\n\t\t\t\t<div class=\"elementor-element elementor-element-cc8af4b elementor-widget elementor-widget-text-editor\" data-id=\"cc8af4b\" data-element_type=\"widget\" data-e-type=\"widget\" data-widget_type=\"text-editor.default\">\n\t\t\t\t<div class=\"elementor-widget-container\">\n\t\t\t\t\t\t\t\t\t<p>Nac\u00ed en Ciudad de M\u00e9xico, una vibrante metr\u00f3polis con diversas culturas, cocinas y tradiciones. Mi madre es originaria de la pintoresca Pachuca, Hidalgo, mientras que mi padre es de San Rafael, un pueblo enclavado en la base del majestuoso volc\u00e1n Iztacc\u00edhuatl, a menudo llamado la \u00abmujer dormida\u00bb. <\/p><p>Mi esposa, originaria de Nicaragua, y yo llevamos 14 a\u00f1os casados. A trav\u00e9s de ella he abrazado diferentes tradiciones y sabores, ampliando mi apreciaci\u00f3n por la diversidad hispana. Soy un gran fan de la cocina mexicana, pero s\u00e9 que apenas he ara\u00f1ado la superficie de su vasta oferta. La comida nicarag\u00fcense tambi\u00e9n es una de mis favoritas.   <\/p><p>Fijarme objetivos y trabajar duro para alcanzarlos me motiva. Mi abuelo de 94 a\u00f1os me ha demostrado que la edad nunca es una barrera: siempre hay espacio para aprender, crecer y aplicar nuevos conocimientos. <\/p><p>Estoy orgullosa de formar parte de Houston Immigration Lawyers, una firma profundamente arraigada en valores fuertes y objetivos claros. Me permite construir conexiones significativas y ayudar a aquellos que se enfrentan al inmenso reto de la inmigraci\u00f3n. <\/p><p>El viaje a Estados Unidos no suele ser f\u00e1cil y es incre\u00edblemente gratificante ayudar a facilitar esa transici\u00f3n. Ayudar a los dem\u00e1s no es s\u00f3lo gratificante: es esencial. Me enorgullece saber que mis esfuerzos mejoran la vida de las personas y les permiten mantener a sus seres queridos.  <\/p><p>Todo el mundo merece un futuro lleno de seguridad, paz y felicidad, incluso cuando el mundo presenta obst\u00e1culos.<\/p>\t\t\t\t\t\t\t\t<\/div>\n\t\t\t\t<\/div>\n\t\t\t\t<\/div>\n\t\t\t\t<\/div>\n\t\t\t\t<\/div>\n\t\t\t\t\t<\/div>\n\t\t\t\t<\/div>\n\t\t<div class=\"elementor-element elementor-element-2c1f700 e-flex e-con-boxed wpr-particle-no wpr-jarallax-no wpr-parallax-no wpr-sticky-section-no wpr-equal-height-no e-con e-parent\" data-id=\"2c1f700\" data-element_type=\"container\" data-e-type=\"container\" data-settings=\"{&quot;background_background&quot;:&quot;classic&quot;}\">\n\t\t\t\t\t<div class=\"e-con-inner\">\n\t\t\t\t<div class=\"elementor-element elementor-element-349d684 elementor-widget elementor-widget-heading\" data-id=\"349d684\" data-element_type=\"widget\" data-e-type=\"widget\" data-widget_type=\"heading.default\">\n\t\t\t\t<div class=\"elementor-widget-container\">\n\t\t\t\t\t<h4 class=\"elementor-heading-title elementor-size-default\"><a href=\"https:\/\/www.houstontexasimmigrationlawyers.com\/es\/contactenos\/\">D\u00c9JENOS PONER NUESTROS SERVICIOS Y EXPERIENCIA A SU SERVICIO<\/a><\/h4>\t\t\t\t<\/div>\n\t\t\t\t<\/div>\n\t\t\t\t\t<\/div>\n\t\t\t\t<\/div>\n\t\t\t\t<\/div>\n\t\t","protected":false},"excerpt":{"rendered":"<p>Fernando Coordinador de ventas Nac\u00ed en Ciudad de M\u00e9xico, una vibrante metr\u00f3polis con diversas culturas, cocinas y tradiciones. Mi madre es originaria de la pintoresca Pachuca, Hidalgo, mientras que mi padre es de San Rafael, un pueblo enclavado en la base del majestuoso volc\u00e1n Iztacc\u00edhuatl, a menudo llamado la \u00abmujer dormida\u00bb. Mi esposa, originaria de Nicaragua, y yo llevamos 14 a\u00f1os casados. A trav\u00e9s de ella he abrazado diferentes tradiciones y sabores, ampliando mi apreciaci\u00f3n por la diversidad hispana. Soy un gran fan de la cocina mexicana, pero s\u00e9 que apenas he ara\u00f1ado la superficie de su vasta oferta. La comida nicarag\u00fcense tambi\u00e9n es una de mis favoritas. Fijarme objetivos y trabajar duro para alcanzarlos me motiva. Mi abuelo de 94 a\u00f1os me ha demostrado que la edad nunca es una barrera: siempre hay espacio para aprender, crecer y aplicar nuevos conocimientos. Estoy orgullosa de formar parte de Houston Immigration Lawyers, una firma profundamente arraigada en valores fuertes y objetivos claros. Me permite construir conexiones significativas y ayudar a aquellos que se enfrentan al inmenso reto de la inmigraci\u00f3n. El viaje a Estados Unidos no suele ser f\u00e1cil y es incre\u00edblemente gratificante ayudar a facilitar esa transici\u00f3n. Ayudar a los dem\u00e1s no es s\u00f3lo gratificante: es esencial. Me enorgullece saber que mis esfuerzos mejoran la vida de las personas y les permiten mantener a sus seres queridos. Todo el mundo merece un futuro lleno de seguridad, paz y felicidad, incluso cuando el mundo presenta obst\u00e1culos. D\u00c9JENOS PONER NUESTROS SERVICIOS Y EXPERIENCIA A SU SERVICIO<\/p>\n","protected":false},"author":3,"featured_media":0,"parent":2532,"menu_order":0,"comment_status":"closed","ping_status":"closed","template":"","meta":{"_analytify_skip_tracking":false,"rank_math_title":"Fernando - Nuestro coordinador de venta social","rank_math_description":"Conozca a Fernando, Coordinador de Venta Social. Cont\u00e1ctenos para resolver sus dudas sobre su caso de inmigraci\u00f3n.","rank_math_focus_keyword":"Fernando","rank_math_canonical_url":"","footnotes":""},"class_list":["post-5895","page","type-page","status-publish","hentry"],"_links":{"self":[{"href":"https:\/\/www.houstontexasimmigrationlawyers.com\/es\/wp-json\/wp\/v2\/pages\/5895","targetHints":{"allow":["GET"]}}],"collection":[{"href":"https:\/\/www.houstontexasimmigrationlawyers.com\/es\/wp-json\/wp\/v2\/pages"}],"about":[{"href":"https:\/\/www.houstontexasimmigrationlawyers.com\/es\/wp-json\/wp\/v2\/types\/page"}],"author":[{"embeddable":true,"href":"https:\/\/www.houstontexasimmigrationlawyers.com\/es\/wp-json\/wp\/v2\/users\/3"}],"replies":[{"embeddable":true,"href":"https:\/\/www.houstontexasimmigrationlawyers.com\/es\/wp-json\/wp\/v2\/comments?post=5895"}],"version-history":[{"count":3,"href":"https:\/\/www.houstontexasimmigrationlawyers.com\/es\/wp-json\/wp\/v2\/pages\/5895\/revisions"}],"predecessor-version":[{"id":10310,"href":"https:\/\/www.houstontexasimmigrationlawyers.com\/es\/wp-json\/wp\/v2\/pages\/5895\/revisions\/10310"}],"up":[{"embeddable":true,"href":"https:\/\/www.houstontexasimmigrationlawyers.com\/es\/wp-json\/wp\/v2\/pages\/2532"}],"wp:attachment":[{"href":"https:\/\/www.houstontexasimmigrationlawyers.com\/es\/wp-json\/wp\/v2\/media?parent=5895"}],"curies":[{"name":"wp","href":"https:\/\/api.w.org\/{rel}","templated":true}]}}