{"id":5093,"date":"2025-02-20T11:15:30","date_gmt":"2025-02-20T11:15:30","guid":{"rendered":"https:\/\/www.houstontexasimmigrationlawyers.com\/testimonios-y-resenas\/"},"modified":"2025-11-18T16:44:44","modified_gmt":"2025-11-18T16:44:44","slug":"testimonios","status":"publish","type":"page","link":"https:\/\/www.houstontexasimmigrationlawyers.com\/es\/testimonios\/","title":{"rendered":"Testimonios y rese\u00f1as"},"content":{"rendered":"\t\t<div data-elementor-type=\"wp-page\" data-elementor-id=\"5093\" class=\"elementor elementor-5093 elementor-583\" data-elementor-post-type=\"page\">\n\t\t\t\t<div class=\"elementor-element elementor-element-538c2d9 e-flex e-con-boxed wpr-particle-no wpr-jarallax-no wpr-parallax-no wpr-sticky-section-no wpr-equal-height-no e-con e-parent\" data-id=\"538c2d9\" data-element_type=\"container\" data-e-type=\"container\" data-settings=\"{&quot;background_background&quot;:&quot;classic&quot;}\">\n\t\t\t\t\t<div class=\"e-con-inner\">\n\t\t<div class=\"elementor-element elementor-element-f19aa85 e-con-full e-flex wpr-particle-no wpr-jarallax-no wpr-parallax-no wpr-sticky-section-no wpr-equal-height-no e-con e-child\" data-id=\"f19aa85\" data-element_type=\"container\" data-e-type=\"container\">\n\t\t\t\t<div class=\"elementor-element elementor-element-35fc02b elementor-widget elementor-widget-heading\" data-id=\"35fc02b\" data-element_type=\"widget\" data-e-type=\"widget\" data-widget_type=\"heading.default\">\n\t\t\t\t<div class=\"elementor-widget-container\">\n\t\t\t\t\t<h1 class=\"elementor-heading-title elementor-size-default\">\u00a1\u00danete a la familia de Houston Immigration Lawyers!<\/h1>\t\t\t\t<\/div>\n\t\t\t\t<\/div>\n\t\t\t\t<div class=\"elementor-element elementor-element-a5db647 elementor-arrows-position-outside elementor-widget elementor-widget-image-carousel\" data-id=\"a5db647\" data-element_type=\"widget\" data-e-type=\"widget\" data-settings=\"{&quot;slides_to_show&quot;:&quot;3&quot;,&quot;slides_to_scroll&quot;:&quot;1&quot;,&quot;navigation&quot;:&quot;arrows&quot;,&quot;slides_to_show_mobile&quot;:&quot;1&quot;,&quot;autoplay&quot;:&quot;yes&quot;,&quot;pause_on_hover&quot;:&quot;yes&quot;,&quot;pause_on_interaction&quot;:&quot;yes&quot;,&quot;autoplay_speed&quot;:5000,&quot;infinite&quot;:&quot;yes&quot;,&quot;speed&quot;:500,&quot;image_spacing_custom&quot;:{&quot;unit&quot;:&quot;px&quot;,&quot;size&quot;:20,&quot;sizes&quot;:[]},&quot;image_spacing_custom_tablet&quot;:{&quot;unit&quot;:&quot;px&quot;,&quot;size&quot;:&quot;&quot;,&quot;sizes&quot;:[]}}\" data-widget_type=\"image-carousel.default\">\n\t\t\t\t<div class=\"elementor-widget-container\">\n\t\t\t\t\t\t\t<div class=\"elementor-image-carousel-wrapper swiper\" role=\"region\" aria-roledescription=\"carousel\" aria-label=\"Image Carousel\" dir=\"ltr\">\n\t\t\t<div class=\"elementor-image-carousel swiper-wrapper\" aria-live=\"off\">\n\t\t\t\t\t\t\t\t<div class=\"swiper-slide\" role=\"group\" aria-roledescription=\"slide\" aria-label=\"1 de 8\"><figure class=\"swiper-slide-inner\"><img decoding=\"async\" class=\"swiper-slide-image\" src=\"https:\/\/www.houstontexasimmigrationlawyers.com\/wp-content\/uploads\/2025\/03\/abogado-de-inmigracion-experimentado-en-houston-tx.jpg\" alt=\"Abogado De Inmigracion Experimentado En Houston Tx\" \/><\/figure><\/div><div class=\"swiper-slide\" role=\"group\" aria-roledescription=\"slide\" aria-label=\"2 de 8\"><figure class=\"swiper-slide-inner\"><img decoding=\"async\" class=\"swiper-slide-image\" src=\"https:\/\/www.houstontexasimmigrationlawyers.com\/wp-content\/uploads\/2025\/03\/firma-de-abogados-de-inmigracion-confiables-en-houston.jpg\" alt=\"Firma De Abogados De Inmigracion Confiables En Houston\" \/><\/figure><\/div><div class=\"swiper-slide\" role=\"group\" aria-roledescription=\"slide\" aria-label=\"3 de 8\"><figure class=\"swiper-slide-inner\"><img decoding=\"async\" class=\"swiper-slide-image\" src=\"https:\/\/www.houstontexasimmigrationlawyers.com\/wp-content\/uploads\/2025\/03\/abogado-con-experiencia-para-inmigrantes-en-houston.jpg\" alt=\"Abogado Con Experiencia Para Inmigrantes En Houston\" \/><\/figure><\/div><div class=\"swiper-slide\" role=\"group\" aria-roledescription=\"slide\" aria-label=\"4 de 8\"><figure class=\"swiper-slide-inner\"><img decoding=\"async\" class=\"swiper-slide-image\" src=\"https:\/\/www.houstontexasimmigrationlawyers.com\/wp-content\/uploads\/2025\/03\/abogados-de-inmigracion-confiables-en-houston-tx.jpg\" alt=\"Abogados De Inmigracion Confiables En Houston TX\" \/><\/figure><\/div><div class=\"swiper-slide\" role=\"group\" aria-roledescription=\"slide\" aria-label=\"5 de 8\"><figure class=\"swiper-slide-inner\"><img decoding=\"async\" class=\"swiper-slide-image\" src=\"https:\/\/www.houstontexasimmigrationlawyers.com\/wp-content\/uploads\/2025\/03\/abogada-de-inmigracion-premiada-en-houston-tx.jpg\" alt=\"Abogada De Inmigracion Premiada En Houston Tx\" \/><\/figure><\/div><div class=\"swiper-slide\" role=\"group\" aria-roledescription=\"slide\" aria-label=\"6 de 8\"><figure class=\"swiper-slide-inner\"><img decoding=\"async\" class=\"swiper-slide-image\" src=\"https:\/\/www.houstontexasimmigrationlawyers.com\/wp-content\/uploads\/2025\/03\/abogados-de-inmigracion-confiables-en-houston-texas.jpg\" alt=\"Abogados De Inmigracion Confiables En Houston Texas\" \/><\/figure><\/div><div class=\"swiper-slide\" role=\"group\" aria-roledescription=\"slide\" aria-label=\"7 de 8\"><figure class=\"swiper-slide-inner\"><img decoding=\"async\" class=\"swiper-slide-image\" src=\"https:\/\/www.houstontexasimmigrationlawyers.com\/wp-content\/uploads\/2025\/03\/premiados-abogados-de-inmigracion-en-houston-tx.jpg\" alt=\"Premiados Abogados De Inmigracion En Houston Tx\" \/><\/figure><\/div><div class=\"swiper-slide\" role=\"group\" aria-roledescription=\"slide\" aria-label=\"8 de 8\"><figure class=\"swiper-slide-inner\"><img decoding=\"async\" class=\"swiper-slide-image\" src=\"https:\/\/www.houstontexasimmigrationlawyers.com\/wp-content\/uploads\/2025\/03\/firma-legal-de-inmigracion-ganadora-de-premios-en-houston.jpg\" alt=\"Firma Legal De Inmigracion Ganadora De Premios En Houston\" \/><\/figure><\/div>\t\t\t<\/div>\n\t\t\t\t\t\t\t\t\t\t\t\t<div class=\"elementor-swiper-button elementor-swiper-button-prev\" role=\"button\" tabindex=\"0\">\n\t\t\t\t\t\t<svg aria-hidden=\"true\" class=\"e-font-icon-svg e-eicon-chevron-left\" viewBox=\"0 0 1000 1000\" xmlns=\"http:\/\/www.w3.org\/2000\/svg\"><path d=\"M646 125C629 125 613 133 604 142L308 442C296 454 292 471 292 487 292 504 296 521 308 533L604 854C617 867 629 875 646 875 663 875 679 871 692 858 704 846 713 829 713 812 713 796 708 779 692 767L438 487 692 225C700 217 708 204 708 187 708 171 704 154 692 142 675 129 663 125 646 125Z\"><\/path><\/svg>\t\t\t\t\t<\/div>\n\t\t\t\t\t<div class=\"elementor-swiper-button elementor-swiper-button-next\" role=\"button\" tabindex=\"0\">\n\t\t\t\t\t\t<svg aria-hidden=\"true\" class=\"e-font-icon-svg e-eicon-chevron-right\" viewBox=\"0 0 1000 1000\" xmlns=\"http:\/\/www.w3.org\/2000\/svg\"><path d=\"M696 533C708 521 713 504 713 487 713 471 708 454 696 446L400 146C388 133 375 125 354 125 338 125 325 129 313 142 300 154 292 171 292 187 292 204 296 221 308 233L563 492 304 771C292 783 288 800 288 817 288 833 296 850 308 863 321 871 338 875 354 875 371 875 388 867 400 854L696 533Z\"><\/path><\/svg>\t\t\t\t\t<\/div>\n\t\t\t\t\n\t\t\t\t\t\t\t\t\t<\/div>\n\t\t\t\t\t\t<\/div>\n\t\t\t\t<\/div>\n\t\t\t\t<div class=\"elementor-element elementor-element-cc8af4b elementor-widget elementor-widget-text-editor\" data-id=\"cc8af4b\" data-element_type=\"widget\" data-e-type=\"widget\" data-widget_type=\"text-editor.default\">\n\t\t\t\t<div class=\"elementor-widget-container\">\n\t\t\t\t\t\t\t\t\t<p>Encontrar un abogado en el que pueda confiar de verdad no siempre es f\u00e1cil, y saber qui\u00e9n es el m\u00e1s adecuado para su caso puede ser a\u00fan m\u00e1s dif\u00edcil. En lugar de fiarse de nuestra palabra, le invitamos a que escuche directamente a nuestros clientes. Eche un vistazo a sus rese\u00f1as: lo m\u00e1s probable es que encuentre historias que le resulten familiares, que le ofrezcan un poco de tranquilidad. Y quiz\u00e1 alg\u00fan d\u00eda sea usted quien nos deje una rese\u00f1a de 5 estrellas tras una gran experiencia propia.   <\/p>\t\t\t\t\t\t\t\t<\/div>\n\t\t\t\t<\/div>\n\t\t\t\t<\/div>\n\t\t\t\t\t<\/div>\n\t\t\t\t<\/div>\n\t\t\t\t<\/div>\n\t\t","protected":false},"excerpt":{"rendered":"<p>\u00a1\u00danete a la familia de Houston Immigration Lawyers! Encontrar un abogado en el que pueda confiar de verdad no siempre es f\u00e1cil, y saber qui\u00e9n es el m\u00e1s adecuado para su caso puede ser a\u00fan m\u00e1s dif\u00edcil. En lugar de fiarse de nuestra palabra, le invitamos a que escuche directamente a nuestros clientes. Eche un vistazo a sus rese\u00f1as: lo m\u00e1s probable es que encuentre historias que le resulten familiares, que le ofrezcan un poco de tranquilidad. Y quiz\u00e1 alg\u00fan d\u00eda sea usted quien nos deje una rese\u00f1a de 5 estrellas tras una gran experiencia propia.<\/p>\n","protected":false},"author":3,"featured_media":0,"parent":0,"menu_order":0,"comment_status":"closed","ping_status":"closed","template":"","meta":{"_analytify_skip_tracking":false,"rank_math_title":"Houston Immigration Lawyers | Testimonios De Clientes","rank_math_description":"\u00danase a la familia de Houston Immigration Lawyers. Lea testimonios reales y descubra por qu\u00e9 recibimos rese\u00f1as de 5 estrellas.","rank_math_focus_keyword":"Testimonios","rank_math_canonical_url":"","footnotes":""},"class_list":["post-5093","page","type-page","status-publish","hentry"],"_links":{"self":[{"href":"https:\/\/www.houstontexasimmigrationlawyers.com\/es\/wp-json\/wp\/v2\/pages\/5093","targetHints":{"allow":["GET"]}}],"collection":[{"href":"https:\/\/www.houstontexasimmigrationlawyers.com\/es\/wp-json\/wp\/v2\/pages"}],"about":[{"href":"https:\/\/www.houstontexasimmigrationlawyers.com\/es\/wp-json\/wp\/v2\/types\/page"}],"author":[{"embeddable":true,"href":"https:\/\/www.houstontexasimmigrationlawyers.com\/es\/wp-json\/wp\/v2\/users\/3"}],"replies":[{"embeddable":true,"href":"https:\/\/www.houstontexasimmigrationlawyers.com\/es\/wp-json\/wp\/v2\/comments?post=5093"}],"version-history":[{"count":24,"href":"https:\/\/www.houstontexasimmigrationlawyers.com\/es\/wp-json\/wp\/v2\/pages\/5093\/revisions"}],"predecessor-version":[{"id":10838,"href":"https:\/\/www.houstontexasimmigrationlawyers.com\/es\/wp-json\/wp\/v2\/pages\/5093\/revisions\/10838"}],"wp:attachment":[{"href":"https:\/\/www.houstontexasimmigrationlawyers.com\/es\/wp-json\/wp\/v2\/media?parent=5093"}],"curies":[{"name":"wp","href":"https:\/\/api.w.org\/{rel}","templated":true}]}}