{"id":3574,"date":"2025-02-25T13:39:32","date_gmt":"2025-02-25T13:39:32","guid":{"rendered":"https:\/\/www.houstontexasimmigrationlawyers.com\/conozca-nuestro-equipo\/teresa\/"},"modified":"2026-03-27T14:14:51","modified_gmt":"2026-03-27T14:14:51","slug":"teresa","status":"publish","type":"page","link":"https:\/\/www.houstontexasimmigrationlawyers.com\/es\/conozca-nuestro-equipo\/teresa\/","title":{"rendered":"Teresa"},"content":{"rendered":"\t\t<div data-elementor-type=\"wp-page\" data-elementor-id=\"3574\" class=\"elementor elementor-3574 elementor-1370\" data-elementor-post-type=\"page\">\n\t\t\t\t<div class=\"elementor-element elementor-element-538c2d9 e-flex e-con-boxed wpr-particle-no wpr-jarallax-no wpr-parallax-no wpr-sticky-section-no wpr-equal-height-no e-con e-parent\" data-id=\"538c2d9\" data-element_type=\"container\" data-e-type=\"container\" data-settings=\"{&quot;background_background&quot;:&quot;classic&quot;}\">\n\t\t\t\t\t<div class=\"e-con-inner\">\n\t\t<div class=\"elementor-element elementor-element-f19aa85 e-con-full e-flex wpr-particle-no wpr-jarallax-no wpr-parallax-no wpr-sticky-section-no wpr-equal-height-no e-con e-child\" data-id=\"f19aa85\" data-element_type=\"container\" data-e-type=\"container\">\n\t\t<div class=\"elementor-element elementor-element-3f0d593 e-con-full e-flex wpr-particle-no wpr-jarallax-no wpr-parallax-no wpr-sticky-section-no wpr-equal-height-no e-con e-child\" data-id=\"3f0d593\" data-element_type=\"container\" data-e-type=\"container\">\n\t\t<div class=\"elementor-element elementor-element-760f576 e-con-full e-flex wpr-particle-no wpr-jarallax-no wpr-parallax-no wpr-sticky-section-no wpr-equal-height-no e-con e-child\" data-id=\"760f576\" data-element_type=\"container\" data-e-type=\"container\">\n\t\t\t\t<div class=\"elementor-element elementor-element-b92504e elementor-widget elementor-widget-image\" data-id=\"b92504e\" data-element_type=\"widget\" data-e-type=\"widget\" data-widget_type=\"image.default\">\n\t\t\t\t<div class=\"elementor-widget-container\">\n\t\t\t\t\t\t\t\t\t\t\t\t\t\t\t<img decoding=\"async\" width=\"380\" height=\"500\" src=\"https:\/\/www.houstontexasimmigrationlawyers.com\/wp-content\/uploads\/2025\/09\/teresa-asistente-legal-en-houston-texas-immigration-lawyers.jpg\" class=\"attachment-full size-full wp-image-10096\" alt=\"Teresa Asistente Legal En Houston Immigration Lawyers\" srcset=\"https:\/\/www.houstontexasimmigrationlawyers.com\/wp-content\/uploads\/2025\/09\/teresa-asistente-legal-en-houston-texas-immigration-lawyers.jpg 380w, https:\/\/www.houstontexasimmigrationlawyers.com\/wp-content\/uploads\/2025\/09\/teresa-asistente-legal-en-houston-texas-immigration-lawyers-228x300.jpg 228w\" sizes=\"(max-width: 380px) 100vw, 380px\" \/>\t\t\t\t\t\t\t\t\t\t\t\t\t\t\t<\/div>\n\t\t\t\t<\/div>\n\t\t\t\t<\/div>\n\t\t<div class=\"elementor-element elementor-element-1c8a617 e-con-full e-flex wpr-particle-no wpr-jarallax-no wpr-parallax-no wpr-sticky-section-no wpr-equal-height-no e-con e-child\" data-id=\"1c8a617\" data-element_type=\"container\" data-e-type=\"container\">\n\t\t\t\t<div class=\"elementor-element elementor-element-35fc02b elementor-widget elementor-widget-heading\" data-id=\"35fc02b\" data-element_type=\"widget\" data-e-type=\"widget\" data-widget_type=\"heading.default\">\n\t\t\t\t<div class=\"elementor-widget-container\">\n\t\t\t\t\t<h1 class=\"elementor-heading-title elementor-size-default\">Teresa<\/h1>\t\t\t\t<\/div>\n\t\t\t\t<\/div>\n\t\t\t\t<div class=\"elementor-element elementor-element-cad356a elementor-widget-divider--view-line_text elementor-widget-divider--element-align-left elementor-widget elementor-widget-divider\" data-id=\"cad356a\" data-element_type=\"widget\" data-e-type=\"widget\" data-widget_type=\"divider.default\">\n\t\t\t\t<div class=\"elementor-widget-container\">\n\t\t\t\t\t\t\t<div class=\"elementor-divider\">\n\t\t\t<span class=\"elementor-divider-separator\">\n\t\t\t\t\t\t\t<h2 class=\"elementor-divider__text elementor-divider__element\">\n\t\t\t\tAsistente legal\t\t\t\t<\/h2>\n\t\t\t\t\t\t<\/span>\n\t\t<\/div>\n\t\t\t\t\t\t<\/div>\n\t\t\t\t<\/div>\n\t\t\t\t<div class=\"elementor-element elementor-element-cc8af4b elementor-widget elementor-widget-text-editor\" data-id=\"cc8af4b\" data-element_type=\"widget\" data-e-type=\"widget\" data-widget_type=\"text-editor.default\">\n\t\t\t\t<div class=\"elementor-widget-container\">\n\t\t\t\t\t\t\t\t\t<p>Nac\u00ed en Torre\u00f3n, M\u00e9xico, en el seno de una familia c\u00e1lida y afectuosa. De ni\u00f1a me mud\u00e9 a Ciudad Ju\u00e1rez debido al trabajo de mi padre. All\u00ed pas\u00e9 siete a\u00f1os antes de regresar a Coahuila, donde me licenci\u00e9 en Derecho en 2009. M\u00e1s tarde, me traslad\u00e9 a Monterrey, una ciudad que ocupa un lugar especial en mi coraz\u00f3n.<\/p><p>Desde ni\u00f1a, he sentido un profundo deseo de explorar diferentes pa\u00edses. Sin embargo, como mujer abogada en M\u00e9xico, me enfrent\u00e9 a retos a la hora de perseguir ese sue\u00f1o. A pesar de las dificultades, encontr\u00e9 formas de viajar y experimentar nuevas culturas. A trav\u00e9s de estos viajes, conoc\u00ed a personas de diversos or\u00edgenes, cada una con perspectivas e historias \u00fanicas. Adquir\u00ed conocimientos sobre temas globales, descubr\u00ed soluciones alternativas a los problemas, aprend\u00ed sobre el respeto mutuo y form\u00e9 amistades para toda la vida. Afortunadamente, \u00a1mi marido comparte mi pasi\u00f3n por los viajes!<\/p><p>Salir de su zona de confort cambia su perspectiva, fortalece la resistencia y abre las puertas a nuevas posibilidades. Tambi\u00e9n fomenta la sabidur\u00eda y la empat\u00eda. Estoy agradecida de que mi trabajo me permita ayudar a los dem\u00e1s, lo que realmente me encanta. Me conecto profundamente con la misi\u00f3n de Houston Immigration Lawyers y el impacto que hacemos.<\/p><p>En mi tiempo libre, me gustan las actividades al aire libre y dibujar. Mis pel\u00edculas favoritas son <i>Gladiador<\/i> y <i>El Se\u00f1or de los Anillos.<\/i><\/p>\t\t\t\t\t\t\t\t<\/div>\n\t\t\t\t<\/div>\n\t\t\t\t<\/div>\n\t\t\t\t<\/div>\n\t\t\t\t<\/div>\n\t\t\t\t\t<\/div>\n\t\t\t\t<\/div>\n\t\t<div class=\"elementor-element elementor-element-2c1f700 e-flex e-con-boxed wpr-particle-no wpr-jarallax-no wpr-parallax-no wpr-sticky-section-no wpr-equal-height-no e-con e-parent\" data-id=\"2c1f700\" data-element_type=\"container\" data-e-type=\"container\" data-settings=\"{&quot;background_background&quot;:&quot;classic&quot;}\">\n\t\t\t\t\t<div class=\"e-con-inner\">\n\t\t\t\t<div class=\"elementor-element elementor-element-349d684 elementor-widget elementor-widget-heading\" data-id=\"349d684\" data-element_type=\"widget\" data-e-type=\"widget\" data-widget_type=\"heading.default\">\n\t\t\t\t<div class=\"elementor-widget-container\">\n\t\t\t\t\t<p class=\"elementor-heading-title elementor-size-default\"><a href=\"https:\/\/www.houstontexasimmigrationlawyers.com\/es\/contactenos\/\">D\u00c9JENOS PONER NUESTROS CONOCIMIENTOS Y EXPERIENCIA A SU SERVICIO.<\/a><\/p>\t\t\t\t<\/div>\n\t\t\t\t<\/div>\n\t\t\t\t\t<\/div>\n\t\t\t\t<\/div>\n\t\t\t\t<\/div>\n\t\t","protected":false},"excerpt":{"rendered":"<p>Teresa Asistente legal Nac\u00ed en Torre\u00f3n, M\u00e9xico, en el seno de una familia c\u00e1lida y afectuosa. De ni\u00f1a me mud\u00e9 a Ciudad Ju\u00e1rez debido al trabajo de mi padre. All\u00ed pas\u00e9 siete a\u00f1os antes de regresar a Coahuila, donde me licenci\u00e9 en Derecho en 2009. M\u00e1s tarde, me traslad\u00e9 a Monterrey, una ciudad que ocupa un lugar especial en mi coraz\u00f3n. Desde ni\u00f1a, he sentido un profundo deseo de explorar diferentes pa\u00edses. Sin embargo, como mujer abogada en M\u00e9xico, me enfrent\u00e9 a retos a la hora de perseguir ese sue\u00f1o. A pesar de las dificultades, encontr\u00e9 formas de viajar y experimentar nuevas culturas. A trav\u00e9s de estos viajes, conoc\u00ed a personas de diversos or\u00edgenes, cada una con perspectivas e historias \u00fanicas. Adquir\u00ed conocimientos sobre temas globales, descubr\u00ed soluciones alternativas a los problemas, aprend\u00ed sobre el respeto mutuo y form\u00e9 amistades para toda la vida. Afortunadamente, \u00a1mi marido comparte mi pasi\u00f3n por los viajes! Salir de su zona de confort cambia su perspectiva, fortalece la resistencia y abre las puertas a nuevas posibilidades. Tambi\u00e9n fomenta la sabidur\u00eda y la empat\u00eda. Estoy agradecida de que mi trabajo me permita ayudar a los dem\u00e1s, lo que realmente me encanta. Me conecto profundamente con la misi\u00f3n de Houston Immigration Lawyers y el impacto que hacemos. En mi tiempo libre, me gustan las actividades al aire libre y dibujar. Mis pel\u00edculas favoritas son Gladiador y El Se\u00f1or de los Anillos. D\u00c9JENOS PONER NUESTROS CONOCIMIENTOS Y EXPERIENCIA A SU SERVICIO.<\/p>\n","protected":false},"author":3,"featured_media":0,"parent":2532,"menu_order":0,"comment_status":"closed","ping_status":"closed","template":"","meta":{"_analytify_skip_tracking":false,"rank_math_title":"Teresa - Nuestra asistente legal","rank_math_description":"Conozca a Teresa, nuestra asistente legal. Apoya a nuestros abogados y clientes con esmero, precisi\u00f3n y pasi\u00f3n por ayudar.","rank_math_focus_keyword":"Teresa","rank_math_canonical_url":"","footnotes":""},"class_list":["post-3574","page","type-page","status-publish","hentry"],"_links":{"self":[{"href":"https:\/\/www.houstontexasimmigrationlawyers.com\/es\/wp-json\/wp\/v2\/pages\/3574","targetHints":{"allow":["GET"]}}],"collection":[{"href":"https:\/\/www.houstontexasimmigrationlawyers.com\/es\/wp-json\/wp\/v2\/pages"}],"about":[{"href":"https:\/\/www.houstontexasimmigrationlawyers.com\/es\/wp-json\/wp\/v2\/types\/page"}],"author":[{"embeddable":true,"href":"https:\/\/www.houstontexasimmigrationlawyers.com\/es\/wp-json\/wp\/v2\/users\/3"}],"replies":[{"embeddable":true,"href":"https:\/\/www.houstontexasimmigrationlawyers.com\/es\/wp-json\/wp\/v2\/comments?post=3574"}],"version-history":[{"count":3,"href":"https:\/\/www.houstontexasimmigrationlawyers.com\/es\/wp-json\/wp\/v2\/pages\/3574\/revisions"}],"predecessor-version":[{"id":10217,"href":"https:\/\/www.houstontexasimmigrationlawyers.com\/es\/wp-json\/wp\/v2\/pages\/3574\/revisions\/10217"}],"up":[{"embeddable":true,"href":"https:\/\/www.houstontexasimmigrationlawyers.com\/es\/wp-json\/wp\/v2\/pages\/2532"}],"wp:attachment":[{"href":"https:\/\/www.houstontexasimmigrationlawyers.com\/es\/wp-json\/wp\/v2\/media?parent=3574"}],"curies":[{"name":"wp","href":"https:\/\/api.w.org\/{rel}","templated":true}]}}