{"id":3549,"date":"2025-02-25T14:01:51","date_gmt":"2025-02-25T14:01:51","guid":{"rendered":"https:\/\/www.houstontexasimmigrationlawyers.com\/conozca-nuestro-equipo\/leonardo\/"},"modified":"2025-09-02T20:03:04","modified_gmt":"2025-09-02T20:03:04","slug":"leonardo","status":"publish","type":"page","link":"https:\/\/www.houstontexasimmigrationlawyers.com\/es\/conozca-nuestro-equipo\/leonardo\/","title":{"rendered":"Leonardo"},"content":{"rendered":"\t\t<div data-elementor-type=\"wp-page\" data-elementor-id=\"3549\" class=\"elementor elementor-3549 elementor-1429\" data-elementor-post-type=\"page\">\n\t\t\t\t<div class=\"elementor-element elementor-element-538c2d9 e-flex e-con-boxed wpr-particle-no wpr-jarallax-no wpr-parallax-no wpr-sticky-section-no wpr-equal-height-no e-con e-parent\" data-id=\"538c2d9\" data-element_type=\"container\" data-e-type=\"container\" data-settings=\"{&quot;background_background&quot;:&quot;classic&quot;}\">\n\t\t\t\t\t<div class=\"e-con-inner\">\n\t\t<div class=\"elementor-element elementor-element-f19aa85 e-con-full e-flex wpr-particle-no wpr-jarallax-no wpr-parallax-no wpr-sticky-section-no wpr-equal-height-no e-con e-child\" data-id=\"f19aa85\" data-element_type=\"container\" data-e-type=\"container\">\n\t\t<div class=\"elementor-element elementor-element-3f0d593 e-con-full e-flex wpr-particle-no wpr-jarallax-no wpr-parallax-no wpr-sticky-section-no wpr-equal-height-no e-con e-child\" data-id=\"3f0d593\" data-element_type=\"container\" data-e-type=\"container\">\n\t\t<div class=\"elementor-element elementor-element-760f576 e-con-full e-flex wpr-particle-no wpr-jarallax-no wpr-parallax-no wpr-sticky-section-no wpr-equal-height-no e-con e-child\" data-id=\"760f576\" data-element_type=\"container\" data-e-type=\"container\">\n\t\t\t\t<div class=\"elementor-element elementor-element-b92504e elementor-widget elementor-widget-image\" data-id=\"b92504e\" data-element_type=\"widget\" data-e-type=\"widget\" data-widget_type=\"image.default\">\n\t\t\t\t<div class=\"elementor-widget-container\">\n\t\t\t\t\t\t\t\t\t\t\t\t\t\t\t<img decoding=\"async\" width=\"380\" height=\"500\" src=\"https:\/\/www.houstontexasimmigrationlawyers.com\/wp-content\/uploads\/2025\/09\/leonardo-recepcionista-en-houston-texas-immigration-lawyers.jpg\" class=\"attachment-full size-full wp-image-10147\" alt=\"Leonardo Recepcionista En Houston Immigration Lawyers\" srcset=\"https:\/\/www.houstontexasimmigrationlawyers.com\/wp-content\/uploads\/2025\/09\/leonardo-recepcionista-en-houston-texas-immigration-lawyers.jpg 380w, https:\/\/www.houstontexasimmigrationlawyers.com\/wp-content\/uploads\/2025\/09\/leonardo-recepcionista-en-houston-texas-immigration-lawyers-228x300.jpg 228w\" sizes=\"(max-width: 380px) 100vw, 380px\" \/>\t\t\t\t\t\t\t\t\t\t\t\t\t\t\t<\/div>\n\t\t\t\t<\/div>\n\t\t\t\t<\/div>\n\t\t<div class=\"elementor-element elementor-element-1c8a617 e-con-full e-flex wpr-particle-no wpr-jarallax-no wpr-parallax-no wpr-sticky-section-no wpr-equal-height-no e-con e-child\" data-id=\"1c8a617\" data-element_type=\"container\" data-e-type=\"container\">\n\t\t\t\t<div class=\"elementor-element elementor-element-35fc02b elementor-widget elementor-widget-heading\" data-id=\"35fc02b\" data-element_type=\"widget\" data-e-type=\"widget\" data-widget_type=\"heading.default\">\n\t\t\t\t<div class=\"elementor-widget-container\">\n\t\t\t\t\t<h1 class=\"elementor-heading-title elementor-size-default\">Leonardo<\/h1>\t\t\t\t<\/div>\n\t\t\t\t<\/div>\n\t\t\t\t<div class=\"elementor-element elementor-element-cad356a elementor-widget-divider--view-line_text elementor-widget-divider--element-align-left elementor-widget elementor-widget-divider\" data-id=\"cad356a\" data-element_type=\"widget\" data-e-type=\"widget\" data-widget_type=\"divider.default\">\n\t\t\t\t<div class=\"elementor-widget-container\">\n\t\t\t\t\t\t\t<div class=\"elementor-divider\">\n\t\t\t<span class=\"elementor-divider-separator\">\n\t\t\t\t\t\t\t<h2 class=\"elementor-divider__text elementor-divider__element\">\n\t\t\t\tRecepcionista\t\t\t\t<\/h2>\n\t\t\t\t\t\t<\/span>\n\t\t<\/div>\n\t\t\t\t\t\t<\/div>\n\t\t\t\t<\/div>\n\t\t\t\t<div class=\"elementor-element elementor-element-cc8af4b elementor-widget elementor-widget-text-editor\" data-id=\"cc8af4b\" data-element_type=\"widget\" data-e-type=\"widget\" data-widget_type=\"text-editor.default\">\n\t\t\t\t<div class=\"elementor-widget-container\">\n\t\t\t\t\t\t\t\t\t<p>Mi nombre es Leonardo. Nac\u00ed en un peque\u00f1o pueblo de Jalisco llamado Lagos de Moreno. Me gusta todo tipo de comida, especialmente los platillos tradicionales mexicanos. Me encantan los animales y la m\u00fasica, y creo firmemente que el caf\u00e9 y el agua pura son las mejores bebidas de la vida.<\/p><p>El deporte siempre ha sido una de mis pasiones, incluso form\u00e9 parte del equipo de f\u00fatbol de mi universidad. Recientemente, tambi\u00e9n tuve la oportunidad de completar un curso sobre desarrollo humano y programaci\u00f3n neuroling\u00fc\u00edstica.<\/p><p>Todas las personas merecen justicia y respeto. La gente simplemente quiere lo mejor para s\u00ed misma y para su familia. Los inmigrantes buscan mejores oportunidades y la posibilidad de vivir sin miedo. Eso es exactamente por lo que trabajamos en Houston Immigration Lawyers.<\/p><p>Formar parte de Houston Immigration Lawyers es un verdadero honor. Aqu\u00ed, puedo apoyar a otros, aplicando mis habilidades y conocimientos para servir a los necesitados. Este trabajo me ha ense\u00f1ado la importancia de la empat\u00eda y la bondad. Ha reforzado mi creencia de que el lugar de donde vienes no define tu potencial o lo lejos que puedes llegar en la vida.<\/p>\t\t\t\t\t\t\t\t<\/div>\n\t\t\t\t<\/div>\n\t\t\t\t<\/div>\n\t\t\t\t<\/div>\n\t\t\t\t<\/div>\n\t\t\t\t\t<\/div>\n\t\t\t\t<\/div>\n\t\t<div class=\"elementor-element elementor-element-2c1f700 e-flex e-con-boxed wpr-particle-no wpr-jarallax-no wpr-parallax-no wpr-sticky-section-no wpr-equal-height-no e-con e-parent\" data-id=\"2c1f700\" data-element_type=\"container\" data-e-type=\"container\" data-settings=\"{&quot;background_background&quot;:&quot;classic&quot;}\">\n\t\t\t\t\t<div class=\"e-con-inner\">\n\t\t\t\t<div class=\"elementor-element elementor-element-349d684 elementor-widget elementor-widget-heading\" data-id=\"349d684\" data-element_type=\"widget\" data-e-type=\"widget\" data-widget_type=\"heading.default\">\n\t\t\t\t<div class=\"elementor-widget-container\">\n\t\t\t\t\t<p class=\"elementor-heading-title elementor-size-default\"><a href=\"https:\/\/www.houstontexasimmigrationlawyers.com\/es\/contactenos\/\">D\u00c9JENOS PONER NUESTROS CONOCIMIENTOS Y EXPERIENCIA A SU SERVICIO.<\/a><\/p>\t\t\t\t<\/div>\n\t\t\t\t<\/div>\n\t\t\t\t\t<\/div>\n\t\t\t\t<\/div>\n\t\t\t\t<\/div>\n\t\t","protected":false},"excerpt":{"rendered":"<p>Leonardo Recepcionista Mi nombre es Leonardo. Nac\u00ed en un peque\u00f1o pueblo de Jalisco llamado Lagos de Moreno. Me gusta todo tipo de comida, especialmente los platillos tradicionales mexicanos. Me encantan los animales y la m\u00fasica, y creo firmemente que el caf\u00e9 y el agua pura son las mejores bebidas de la vida. El deporte siempre ha sido una de mis pasiones, incluso form\u00e9 parte del equipo de f\u00fatbol de mi universidad. Recientemente, tambi\u00e9n tuve la oportunidad de completar un curso sobre desarrollo humano y programaci\u00f3n neuroling\u00fc\u00edstica. Todas las personas merecen justicia y respeto. La gente simplemente quiere lo mejor para s\u00ed misma y para su familia. Los inmigrantes buscan mejores oportunidades y la posibilidad de vivir sin miedo. Eso es exactamente por lo que trabajamos en Houston Immigration Lawyers. Formar parte de Houston Immigration Lawyers es un verdadero honor. Aqu\u00ed, puedo apoyar a otros, aplicando mis habilidades y conocimientos para servir a los necesitados. Este trabajo me ha ense\u00f1ado la importancia de la empat\u00eda y la bondad. Ha reforzado mi creencia de que el lugar de donde vienes no define tu potencial o lo lejos que puedes llegar en la vida. D\u00c9JENOS PONER NUESTROS CONOCIMIENTOS Y EXPERIENCIA A SU SERVICIO.<\/p>\n","protected":false},"author":3,"featured_media":0,"parent":2532,"menu_order":0,"comment_status":"closed","ping_status":"closed","template":"","meta":{"_analytify_skip_tracking":false,"rank_math_title":"Leonardo - Nuestro recepcionista","rank_math_description":"Salude a Leonardo, nuestro recepcionista, siempre dispuesto a recibir a los clientes con calidez y ayudarles a sentirse a gusto.","rank_math_focus_keyword":"Leonardo","rank_math_canonical_url":"","footnotes":""},"class_list":["post-3549","page","type-page","status-publish","hentry"],"_links":{"self":[{"href":"https:\/\/www.houstontexasimmigrationlawyers.com\/es\/wp-json\/wp\/v2\/pages\/3549","targetHints":{"allow":["GET"]}}],"collection":[{"href":"https:\/\/www.houstontexasimmigrationlawyers.com\/es\/wp-json\/wp\/v2\/pages"}],"about":[{"href":"https:\/\/www.houstontexasimmigrationlawyers.com\/es\/wp-json\/wp\/v2\/types\/page"}],"author":[{"embeddable":true,"href":"https:\/\/www.houstontexasimmigrationlawyers.com\/es\/wp-json\/wp\/v2\/users\/3"}],"replies":[{"embeddable":true,"href":"https:\/\/www.houstontexasimmigrationlawyers.com\/es\/wp-json\/wp\/v2\/comments?post=3549"}],"version-history":[{"count":3,"href":"https:\/\/www.houstontexasimmigrationlawyers.com\/es\/wp-json\/wp\/v2\/pages\/3549\/revisions"}],"predecessor-version":[{"id":10270,"href":"https:\/\/www.houstontexasimmigrationlawyers.com\/es\/wp-json\/wp\/v2\/pages\/3549\/revisions\/10270"}],"up":[{"embeddable":true,"href":"https:\/\/www.houstontexasimmigrationlawyers.com\/es\/wp-json\/wp\/v2\/pages\/2532"}],"wp:attachment":[{"href":"https:\/\/www.houstontexasimmigrationlawyers.com\/es\/wp-json\/wp\/v2\/media?parent=3549"}],"curies":[{"name":"wp","href":"https:\/\/api.w.org\/{rel}","templated":true}]}}