{"id":3386,"date":"2025-02-25T13:41:45","date_gmt":"2025-02-25T13:41:45","guid":{"rendered":"https:\/\/www.houstontexasimmigrationlawyers.com\/conozca-nuestro-equipo\/carolina\/"},"modified":"2026-03-27T14:31:58","modified_gmt":"2026-03-27T14:31:58","slug":"carolina","status":"publish","type":"page","link":"https:\/\/www.houstontexasimmigrationlawyers.com\/es\/conozca-nuestro-equipo\/carolina\/","title":{"rendered":"Carolina"},"content":{"rendered":"\t\t<div data-elementor-type=\"wp-page\" data-elementor-id=\"3386\" class=\"elementor elementor-3386 elementor-1379\" data-elementor-post-type=\"page\">\n\t\t\t\t<div class=\"elementor-element elementor-element-538c2d9 e-flex e-con-boxed wpr-particle-no wpr-jarallax-no wpr-parallax-no wpr-sticky-section-no wpr-equal-height-no e-con e-parent\" data-id=\"538c2d9\" data-element_type=\"container\" data-e-type=\"container\" data-settings=\"{&quot;background_background&quot;:&quot;classic&quot;}\">\n\t\t\t\t\t<div class=\"e-con-inner\">\n\t\t<div class=\"elementor-element elementor-element-f19aa85 e-con-full e-flex wpr-particle-no wpr-jarallax-no wpr-parallax-no wpr-sticky-section-no wpr-equal-height-no e-con e-child\" data-id=\"f19aa85\" data-element_type=\"container\" data-e-type=\"container\">\n\t\t<div class=\"elementor-element elementor-element-3f0d593 e-con-full e-flex wpr-particle-no wpr-jarallax-no wpr-parallax-no wpr-sticky-section-no wpr-equal-height-no e-con e-child\" data-id=\"3f0d593\" data-element_type=\"container\" data-e-type=\"container\">\n\t\t<div class=\"elementor-element elementor-element-760f576 e-con-full e-flex wpr-particle-no wpr-jarallax-no wpr-parallax-no wpr-sticky-section-no wpr-equal-height-no e-con e-child\" data-id=\"760f576\" data-element_type=\"container\" data-e-type=\"container\">\n\t\t\t\t<div class=\"elementor-element elementor-element-b92504e elementor-widget elementor-widget-image\" data-id=\"b92504e\" data-element_type=\"widget\" data-e-type=\"widget\" data-widget_type=\"image.default\">\n\t\t\t\t<div class=\"elementor-widget-container\">\n\t\t\t\t\t\t\t\t\t\t\t\t\t\t\t<img decoding=\"async\" width=\"380\" height=\"500\" src=\"https:\/\/www.houstontexasimmigrationlawyers.com\/wp-content\/uploads\/2025\/09\/carolina-coordinadora-de-felicidad-de-cliente-en-houston-texas-immigration-lawyers.jpg\" class=\"attachment-full size-full wp-image-10104\" alt=\"Carolina Coordinadora De Felicidad De Cliente En Houston Immigration Lawyers\" srcset=\"https:\/\/www.houstontexasimmigrationlawyers.com\/wp-content\/uploads\/2025\/09\/carolina-coordinadora-de-felicidad-de-cliente-en-houston-texas-immigration-lawyers.jpg 380w, https:\/\/www.houstontexasimmigrationlawyers.com\/wp-content\/uploads\/2025\/09\/carolina-coordinadora-de-felicidad-de-cliente-en-houston-texas-immigration-lawyers-228x300.jpg 228w\" sizes=\"(max-width: 380px) 100vw, 380px\" \/>\t\t\t\t\t\t\t\t\t\t\t\t\t\t\t<\/div>\n\t\t\t\t<\/div>\n\t\t\t\t<\/div>\n\t\t<div class=\"elementor-element elementor-element-1c8a617 e-con-full e-flex wpr-particle-no wpr-jarallax-no wpr-parallax-no wpr-sticky-section-no wpr-equal-height-no e-con e-child\" data-id=\"1c8a617\" data-element_type=\"container\" data-e-type=\"container\">\n\t\t\t\t<div class=\"elementor-element elementor-element-35fc02b elementor-widget elementor-widget-heading\" data-id=\"35fc02b\" data-element_type=\"widget\" data-e-type=\"widget\" data-widget_type=\"heading.default\">\n\t\t\t\t<div class=\"elementor-widget-container\">\n\t\t\t\t\t<h1 class=\"elementor-heading-title elementor-size-default\">Carolina<\/h1>\t\t\t\t<\/div>\n\t\t\t\t<\/div>\n\t\t\t\t<div class=\"elementor-element elementor-element-cad356a elementor-widget-divider--view-line_text elementor-widget-divider--element-align-left elementor-widget elementor-widget-divider\" data-id=\"cad356a\" data-element_type=\"widget\" data-e-type=\"widget\" data-widget_type=\"divider.default\">\n\t\t\t\t<div class=\"elementor-widget-container\">\n\t\t\t\t\t\t\t<div class=\"elementor-divider\">\n\t\t\t<span class=\"elementor-divider-separator\">\n\t\t\t\t\t\t\t<h2 class=\"elementor-divider__text elementor-divider__element\">\n\t\t\t\tCoordinadora de Satisfacci\u00f3n del Cliente\t\t\t\t<\/h2>\n\t\t\t\t\t\t<\/span>\n\t\t<\/div>\n\t\t\t\t\t\t<\/div>\n\t\t\t\t<\/div>\n\t\t\t\t<div class=\"elementor-element elementor-element-cc8af4b elementor-widget elementor-widget-text-editor\" data-id=\"cc8af4b\" data-element_type=\"widget\" data-e-type=\"widget\" data-widget_type=\"text-editor.default\">\n\t\t\t\t<div class=\"elementor-widget-container\">\n\t\t\t\t\t\t\t\t\t<p><span style=\"font-weight: 400;\">Trabajar en <\/span>Houston Immigration Lawyers <span style=\"font-weight: 400;\">ha sido una experiencia reveladora, que me ha permitido ayudar a muchas familias en este viaje. Aunque soy ciudadana estadounidense, no crec\u00ed aqu\u00ed. La mayor parte de mi familia s\u00ed, y vi de primera mano lo dif\u00edcil que fue para algunos de ellos conseguir sus documentos. Comprendo la lucha que supone simplemente querer llevar una vida normal. <\/span><\/p><p><span style=\"font-weight: 400;\">Lo que me motiva cada d\u00eda es la oportunidad de ayudar a las familias, aunque solo las conozca a trav\u00e9s de llamadas telef\u00f3nicas. Su confianza y vulnerabilidad me conmueven profundamente. Nadie deber\u00eda tener que sufrir mientras intenta labrarse un futuro mejor. Algunas de sus historias son desgarradoras, pero saber que he desempe\u00f1ado un peque\u00f1o papel ayud\u00e1ndoles me llena de alegr\u00eda. <\/span><\/p><p><span style=\"font-weight: 400;\">Me encanta que ofrezcamos consultas honestas y directas. Trabajamos duro para ofrecer una orientaci\u00f3n precisa porque nuestros clientes se merecen un servicio m\u00e1s dedicado, un asesoramiento fiable y abogados cualificados. Muchos comparten sus luchas sin conocernos personalmente y, sin embargo, conf\u00edan plenamente en nosotros. Ese tipo de valor no merece nada menos que nuestros dedicados esfuerzos. <\/span><\/p><p><span style=\"font-weight: 400;\">Estoy orgullosa de formar parte de este equipo.<\/span><\/p>\t\t\t\t\t\t\t\t<\/div>\n\t\t\t\t<\/div>\n\t\t\t\t<\/div>\n\t\t\t\t<\/div>\n\t\t\t\t<\/div>\n\t\t\t\t\t<\/div>\n\t\t\t\t<\/div>\n\t\t<div class=\"elementor-element elementor-element-2c1f700 e-flex e-con-boxed wpr-particle-no wpr-jarallax-no wpr-parallax-no wpr-sticky-section-no wpr-equal-height-no e-con e-parent\" data-id=\"2c1f700\" data-element_type=\"container\" data-e-type=\"container\" data-settings=\"{&quot;background_background&quot;:&quot;classic&quot;}\">\n\t\t\t\t\t<div class=\"e-con-inner\">\n\t\t\t\t<div class=\"elementor-element elementor-element-349d684 elementor-widget elementor-widget-heading\" data-id=\"349d684\" data-element_type=\"widget\" data-e-type=\"widget\" data-widget_type=\"heading.default\">\n\t\t\t\t<div class=\"elementor-widget-container\">\n\t\t\t\t\t<p class=\"elementor-heading-title elementor-size-default\"><a href=\"https:\/\/www.houstontexasimmigrationlawyers.com\/es\/contactenos\/\">D\u00c9JENOS PONER NUESTROS CONOCIMIENTOS Y EXPERIENCIA A SU SERVICIO.<\/a><\/p>\t\t\t\t<\/div>\n\t\t\t\t<\/div>\n\t\t\t\t\t<\/div>\n\t\t\t\t<\/div>\n\t\t\t\t<\/div>\n\t\t","protected":false},"excerpt":{"rendered":"<p>Carolina Coordinadora de Satisfacci\u00f3n del Cliente Trabajar en Houston Immigration Lawyers ha sido una experiencia reveladora, que me ha permitido ayudar a muchas familias en este viaje. Aunque soy ciudadana estadounidense, no crec\u00ed aqu\u00ed. La mayor parte de mi familia s\u00ed, y vi de primera mano lo dif\u00edcil que fue para algunos de ellos conseguir sus documentos. Comprendo la lucha que supone simplemente querer llevar una vida normal. Lo que me motiva cada d\u00eda es la oportunidad de ayudar a las familias, aunque solo las conozca a trav\u00e9s de llamadas telef\u00f3nicas. Su confianza y vulnerabilidad me conmueven profundamente. Nadie deber\u00eda tener que sufrir mientras intenta labrarse un futuro mejor. Algunas de sus historias son desgarradoras, pero saber que he desempe\u00f1ado un peque\u00f1o papel ayud\u00e1ndoles me llena de alegr\u00eda. Me encanta que ofrezcamos consultas honestas y directas. Trabajamos duro para ofrecer una orientaci\u00f3n precisa porque nuestros clientes se merecen un servicio m\u00e1s dedicado, un asesoramiento fiable y abogados cualificados. Muchos comparten sus luchas sin conocernos personalmente y, sin embargo, conf\u00edan plenamente en nosotros. Ese tipo de valor no merece nada menos que nuestros dedicados esfuerzos. Estoy orgullosa de formar parte de este equipo. D\u00c9JENOS PONER NUESTROS CONOCIMIENTOS Y EXPERIENCIA A SU SERVICIO.<\/p>\n","protected":false},"author":3,"featured_media":0,"parent":2532,"menu_order":0,"comment_status":"closed","ping_status":"closed","template":"","meta":{"_analytify_skip_tracking":false,"rank_math_title":"Carolina - Coordinadora de satisfacci\u00f3n del cliente","rank_math_description":"Conozca a Carolina, nuestra Coordinadora de Satisfacci\u00f3n del Cliente, dedicada a hacer su experiencia fluida y acogedora.","rank_math_focus_keyword":"Carolina","rank_math_canonical_url":"","footnotes":""},"class_list":["post-3386","page","type-page","status-publish","hentry"],"_links":{"self":[{"href":"https:\/\/www.houstontexasimmigrationlawyers.com\/es\/wp-json\/wp\/v2\/pages\/3386","targetHints":{"allow":["GET"]}}],"collection":[{"href":"https:\/\/www.houstontexasimmigrationlawyers.com\/es\/wp-json\/wp\/v2\/pages"}],"about":[{"href":"https:\/\/www.houstontexasimmigrationlawyers.com\/es\/wp-json\/wp\/v2\/types\/page"}],"author":[{"embeddable":true,"href":"https:\/\/www.houstontexasimmigrationlawyers.com\/es\/wp-json\/wp\/v2\/users\/3"}],"replies":[{"embeddable":true,"href":"https:\/\/www.houstontexasimmigrationlawyers.com\/es\/wp-json\/wp\/v2\/comments?post=3386"}],"version-history":[{"count":3,"href":"https:\/\/www.houstontexasimmigrationlawyers.com\/es\/wp-json\/wp\/v2\/pages\/3386\/revisions"}],"predecessor-version":[{"id":10223,"href":"https:\/\/www.houstontexasimmigrationlawyers.com\/es\/wp-json\/wp\/v2\/pages\/3386\/revisions\/10223"}],"up":[{"embeddable":true,"href":"https:\/\/www.houstontexasimmigrationlawyers.com\/es\/wp-json\/wp\/v2\/pages\/2532"}],"wp:attachment":[{"href":"https:\/\/www.houstontexasimmigrationlawyers.com\/es\/wp-json\/wp\/v2\/media?parent=3386"}],"curies":[{"name":"wp","href":"https:\/\/api.w.org\/{rel}","templated":true}]}}