{"id":3281,"date":"2025-02-19T10:44:45","date_gmt":"2025-02-19T10:44:45","guid":{"rendered":"https:\/\/www.houstontexasimmigrationlawyers.com\/sobre-nosotros\/"},"modified":"2026-04-06T20:42:28","modified_gmt":"2026-04-06T20:42:28","slug":"sobre-nosotros","status":"publish","type":"page","link":"https:\/\/www.houstontexasimmigrationlawyers.com\/es\/sobre-nosotros\/","title":{"rendered":"Sobre Nosotros"},"content":{"rendered":"\t\t<div data-elementor-type=\"wp-page\" data-elementor-id=\"3281\" class=\"elementor elementor-3281 elementor-521\" data-elementor-post-type=\"page\">\n\t\t\t\t<div class=\"elementor-element elementor-element-538c2d9 e-flex e-con-boxed wpr-particle-no wpr-jarallax-no wpr-parallax-no wpr-sticky-section-no wpr-equal-height-no e-con e-parent\" data-id=\"538c2d9\" data-element_type=\"container\" data-e-type=\"container\" data-settings=\"{&quot;background_background&quot;:&quot;classic&quot;}\">\n\t\t\t\t\t<div class=\"e-con-inner\">\n\t\t<div class=\"elementor-element elementor-element-f19aa85 e-con-full e-flex wpr-particle-no wpr-jarallax-no wpr-parallax-no wpr-sticky-section-no wpr-equal-height-no e-con e-child\" data-id=\"f19aa85\" data-element_type=\"container\" data-e-type=\"container\">\n\t\t\t\t<div class=\"elementor-element elementor-element-35fc02b elementor-widget elementor-widget-heading\" data-id=\"35fc02b\" data-element_type=\"widget\" data-e-type=\"widget\" data-widget_type=\"heading.default\">\n\t\t\t\t<div class=\"elementor-widget-container\">\n\t\t\t\t\t<h1 class=\"elementor-heading-title elementor-size-default\">Sobre Houston Immigration Lawyers<\/h1>\t\t\t\t<\/div>\n\t\t\t\t<\/div>\n\t\t\t\t<div class=\"elementor-element elementor-element-7918e6f elementor-widget elementor-widget-image\" data-id=\"7918e6f\" data-element_type=\"widget\" data-e-type=\"widget\" data-widget_type=\"image.default\">\n\t\t\t\t<div class=\"elementor-widget-container\">\n\t\t\t\t\t\t\t\t\t\t\t\t\t\t\t<img decoding=\"async\" width=\"900\" height=\"601\" src=\"https:\/\/www.houstontexasimmigrationlawyers.com\/wp-content\/uploads\/2025\/08\/asistencia-legal-para-migrantes-con-houston-texas-immigration-lawyers.jpg\" class=\"attachment-full size-full wp-image-8938\" alt=\"Asistencia legal para migrantes con Houston Immigration Lawyers\" srcset=\"https:\/\/www.houstontexasimmigrationlawyers.com\/wp-content\/uploads\/2025\/08\/asistencia-legal-para-migrantes-con-houston-texas-immigration-lawyers.jpg 900w, https:\/\/www.houstontexasimmigrationlawyers.com\/wp-content\/uploads\/2025\/08\/asistencia-legal-para-migrantes-con-houston-texas-immigration-lawyers-300x200.jpg 300w, https:\/\/www.houstontexasimmigrationlawyers.com\/wp-content\/uploads\/2025\/08\/asistencia-legal-para-migrantes-con-houston-texas-immigration-lawyers-768x513.jpg 768w\" sizes=\"(max-width: 900px) 100vw, 900px\" \/>\t\t\t\t\t\t\t\t\t\t\t\t\t\t\t<\/div>\n\t\t\t\t<\/div>\n\t\t\t\t<div class=\"elementor-element elementor-element-cc8af4b elementor-widget elementor-widget-text-editor\" data-id=\"cc8af4b\" data-element_type=\"widget\" data-e-type=\"widget\" data-widget_type=\"text-editor.default\">\n\t\t\t\t<div class=\"elementor-widget-container\">\n\t\t\t\t\t\t\t\t\t<p><span style=\"font-weight: 400;\">En<a href=\"https:\/\/www.houstontexasimmigrationlawyers.com\/es\/\"> Houston Immigration Lawyers<\/a>, no nos limitamos a manejar los casos-ayudamos a las personas a construir su futuro. Nuestra misi\u00f3n es guiar a individuos y familias a trav\u00e9s del a menudo desafiante proceso de inmigraci\u00f3n con cuidado y comprensi\u00f3n. Detr\u00e1s de cada caso hay una historia, un sue\u00f1o y una vida, y estamos aqu\u00ed para hacer ese viaje un poco m\u00e1s suave para usted. <\/span><\/p><h2><b><\/b>Nuestros servicios<\/h2><p><img decoding=\"async\" class=\"size-medium wp-image-9788 alignright\" src=\"https:\/\/www.houstontexasimmigrationlawyers.com\/wp-content\/uploads\/2025\/03\/abogada-de-inmigracion-premiada-en-houston-tx-261x300.jpg\" alt=\"\" width=\"261\" height=\"300\" srcset=\"https:\/\/www.houstontexasimmigrationlawyers.com\/wp-content\/uploads\/2025\/03\/abogada-de-inmigracion-premiada-en-houston-tx-261x300.jpg 261w, https:\/\/www.houstontexasimmigrationlawyers.com\/wp-content\/uploads\/2025\/03\/abogada-de-inmigracion-premiada-en-houston-tx.jpg 600w\" sizes=\"(max-width: 261px) 100vw, 261px\" \/><\/p><p><span style=\"font-weight: 400;\">Ofrecemos una amplia gama de servicios de inmigraci\u00f3n dise\u00f1ados para atender diversas necesidades. Tanto si desea reunirse con su familia, como si busca oportunidades profesionales o protecci\u00f3n, estamos preparados para estar a su lado. <\/span><\/p><p><span style=\"font-weight: 400;\">Esto es en lo que podemos ayudarle:<\/span><\/p><ul><li style=\"font-weight: 400;\" aria-level=\"1\"><span style=\"font-weight: 400;\">Inmigraci\u00f3n familiar: Reconectar a las familias es una de nuestras principales prioridades. Desde peticiones para c\u00f3nyuges e hijos hasta ayudar a padres y hermanos a reunirse con usted en EE.UU., estamos aqu\u00ed para ayudarle a mantener unidos a sus seres queridos. <\/span><\/li><li style=\"font-weight: 400;\" aria-level=\"1\"><span style=\"font-weight: 400;\">Defensa contra la deportaci\u00f3n: Enfrentarse a la deportaci\u00f3n puede ser aterrador. Le proporcionamos una representaci\u00f3n legal agresiva para ayudarle a luchar por permanecer en los EE.UU. <\/span><\/li><li style=\"font-weight: 400;\" aria-level=\"1\"><span style=\"font-weight: 400;\">Ciudadan\u00eda y naturalizaci\u00f3n: Conseguir la ciudadan\u00eda estadounidense es un momento que cambia la vida. Le guiaremos en cada paso del camino, prepar\u00e1ndole para su solicitud, entrevista y m\u00e1s all\u00e1. <\/span><\/li><li style=\"font-weight: 400;\" aria-level=\"1\"><span style=\"font-weight: 400;\">Inmigraci\u00f3n laboral: Tanto para empresas como para profesionales, gestionamos Visas de Trabajo y solicitudes de Green Card, ayud\u00e1ndole a acceder a oportunidades y talento a nivel mundial.<\/span><\/li><li style=\"font-weight: 400;\" aria-level=\"1\"><span style=\"font-weight: 400;\">Asilo y protecci\u00f3n humanitaria: A las personas que huyen de la persecuci\u00f3n o el peligro, les ayudamos con las solicitudes de asilo y otras opciones humanitarias para garantizar la seguridad y la estabilidad.<\/span><\/li><\/ul>\t\t\t\t\t\t\t\t<\/div>\n\t\t\t\t<\/div>\n\t\t\t\t<div class=\"elementor-element elementor-element-76eb007 elementor-widget elementor-widget-text-editor\" data-id=\"76eb007\" data-element_type=\"widget\" data-e-type=\"widget\" data-widget_type=\"text-editor.default\">\n\t\t\t\t<div class=\"elementor-widget-container\">\n\t\t\t\t\t\t\t\t\t<p>Cada caso se trata con cuidado, precisi\u00f3n y respeto por los objetivos y las vidas que hay detr\u00e1s. Sus aspiraciones son la base de nuestro trabajo.<\/p>\t\t\t\t\t\t\t\t<\/div>\n\t\t\t\t<\/div>\n\t\t\t\t<div class=\"elementor-element elementor-element-2c7fcbe elementor-widget elementor-widget-text-editor\" data-id=\"2c7fcbe\" data-element_type=\"widget\" data-e-type=\"widget\" data-widget_type=\"text-editor.default\">\n\t\t\t\t<div class=\"elementor-widget-container\">\n\t\t\t\t\t\t\t\t\t<h2>Lo que nos diferencia<\/h2><p><span style=\"font-weight: 400;\">No somos la t\u00edpica firma de abogados. Para nosotros, <a href=\"https:\/\/www.uscis.gov\/es\/\" target=\"_blank\" rel=\"noopener\">la ley de inmigraci\u00f3n<\/a> no se trata solo de procedimientos legales: se trata de personas. Reconocemos el peso de lo que est\u00e1 en juego en cada caso, y por eso damos prioridad a su historia, sus necesidades y sus sue\u00f1os. <\/span><\/p><p><span style=\"font-weight: 400;\">As\u00ed es como marcamos la diferencia:<\/span><\/p><ul><li style=\"font-weight: 400;\" aria-level=\"1\"><span style=\"font-weight: 400;\">Primero escuchamos: Cada viaje es \u00fanico, y comprender su historia es nuestro primer paso. Sus objetivos y preocupaciones gu\u00edan nuestro enfoque para elaborar una estrategia a su medida. <\/span><\/li><li style=\"font-weight: 400;\" aria-level=\"1\"><span style=\"font-weight: 400;\">Comunicaci\u00f3n clara y honesta: No creemos en la confusa jerga legal. Siempre sabr\u00e1 lo que est\u00e1 ocurriendo en su caso, lo que sigue y lo que puede esperar. <\/span><\/li><li style=\"font-weight: 400;\" aria-level=\"1\"><span style=\"font-weight: 400;\">Empat\u00eda en cada paso: La inmigraci\u00f3n puede ser emocional y mentalmente agotadora. Estamos aqu\u00ed para proporcionar no solo asesor\u00eda legal, sino tambi\u00e9n aliento y apoyo a lo largo del camino. <\/span><\/li><li style=\"font-weight: 400;\" aria-level=\"1\"><span style=\"font-weight: 400;\">Defensa feroz: Merece la pena luchar por sus derechos, e iremos m\u00e1s all\u00e1 para representarle con determinaci\u00f3n y pericia.<\/span><\/li><li style=\"font-weight: 400;\" aria-level=\"1\"><span style=\"font-weight: 400;\">Para nosotros, usted nunca es un caso m\u00e1s. Su viaje es personal, y as\u00ed lo tratamos. <\/span><\/li><\/ul>\t\t\t\t\t\t\t\t<\/div>\n\t\t\t\t<\/div>\n\t\t\t\t<div class=\"elementor-element elementor-element-264d562 elementor-widget elementor-widget-text-editor\" data-id=\"264d562\" data-element_type=\"widget\" data-e-type=\"widget\" data-widget_type=\"text-editor.default\">\n\t\t\t\t<div class=\"elementor-widget-container\">\n\t\t\t\t\t\t\t\t\t<p>En Houston Immigration Lawyers, creemos que un toque personal hace toda la diferencia. Su caso no es solo papeleo para nosotros-es su historia, sus sue\u00f1os y su futuro. Es por eso que abordamos cada situaci\u00f3n con cuidado, una comunicaci\u00f3n clara y un apoyo inquebrantable.<\/p>\t\t\t\t\t\t\t\t<\/div>\n\t\t\t\t<\/div>\n\t\t\t\t<div class=\"elementor-element elementor-element-6fdab2c elementor-widget-divider--view-line elementor-widget elementor-widget-divider\" data-id=\"6fdab2c\" data-element_type=\"widget\" data-e-type=\"widget\" data-widget_type=\"divider.default\">\n\t\t\t\t<div class=\"elementor-widget-container\">\n\t\t\t\t\t\t\t<div class=\"elementor-divider\">\n\t\t\t<span class=\"elementor-divider-separator\">\n\t\t\t\t\t\t<\/span>\n\t\t<\/div>\n\t\t\t\t\t\t<\/div>\n\t\t\t\t<\/div>\n\t\t\t\t<div class=\"elementor-element elementor-element-b28aac9 elementor-widget elementor-widget-text-editor\" data-id=\"b28aac9\" data-element_type=\"widget\" data-e-type=\"widget\" data-widget_type=\"text-editor.default\">\n\t\t\t\t<div class=\"elementor-widget-container\">\n\t\t\t\t\t\t\t\t\t<h2>\u00bfPor qu\u00e9 elegir a Houston Immigration Lawyers?<\/h2><p><img decoding=\"async\" class=\"size-medium wp-image-9800 alignright\" src=\"https:\/\/www.houstontexasimmigrationlawyers.com\/wp-content\/uploads\/2025\/03\/abogados-de-inmigracion-confiables-en-houston-tx-200x300.jpg\" alt=\"\" width=\"200\" height=\"300\" srcset=\"https:\/\/www.houstontexasimmigrationlawyers.com\/wp-content\/uploads\/2025\/03\/abogados-de-inmigracion-confiables-en-houston-tx-200x300.jpg 200w, https:\/\/www.houstontexasimmigrationlawyers.com\/wp-content\/uploads\/2025\/03\/abogados-de-inmigracion-confiables-en-houston-tx.jpg 450w\" sizes=\"(max-width: 200px) 100vw, 200px\" \/><\/p><p>Elegir un abogado de inmigraci\u00f3n es una gran decisi\u00f3n, y nuestro objetivo es que esa elecci\u00f3n sea clara. Sus objetivos y preocupaciones est\u00e1n al frente de todo lo que hacemos. Cada cliente es tratado con cuidado y respeto, asegur\u00e1ndonos de que se sienta apoyado de principio a fin.<\/p><p>Esto es lo que nos convierte en la opci\u00f3n de confianza para tantos:<\/p><ul><li style=\"font-weight: 400;\" aria-level=\"1\">Atenci\u00f3n individualizada: No hay dos casos iguales, y tratamos a cada cliente con atenci\u00f3n personalizada. Elaboramos estrategias adaptadas a sus circunstancias y objetivos espec\u00edficos.<\/li><li style=\"font-weight: 400;\" aria-level=\"1\">Profesionales con experiencia: Con a\u00f1os de experiencia en un amplio espectro de asuntos de inmigraci\u00f3n, nuestro equipo sabe c\u00f3mo afrontar incluso los retos m\u00e1s dif\u00edciles.<\/li><li style=\"font-weight: 400;\" aria-level=\"1\">Historial probado: Desde reunificar familias hasta ayudar a individuos a conseguir la ciudadan\u00eda, hemos ayudado a innumerables clientes a lograr sus objetivos.<\/li><li style=\"font-weight: 400;\" aria-level=\"1\">Profundas ra\u00edces locales: Houston no es solo donde trabajamos, es nuestro hogar. Estamos comprometidos a servir y elevar la comunidad de la que estamos orgullosos de formar parte.<\/li><\/ul>\t\t\t\t\t\t\t\t<\/div>\n\t\t\t\t<\/div>\n\t\t\t\t<div class=\"elementor-element elementor-element-0e1568f elementor-widget-divider--view-line elementor-widget elementor-widget-divider\" data-id=\"0e1568f\" data-element_type=\"widget\" data-e-type=\"widget\" data-widget_type=\"divider.default\">\n\t\t\t\t<div class=\"elementor-widget-container\">\n\t\t\t\t\t\t\t<div class=\"elementor-divider\">\n\t\t\t<span class=\"elementor-divider-separator\">\n\t\t\t\t\t\t<\/span>\n\t\t<\/div>\n\t\t\t\t\t\t<\/div>\n\t\t\t\t<\/div>\n\t\t\t\t<div class=\"elementor-element elementor-element-09b5dba elementor-widget elementor-widget-text-editor\" data-id=\"09b5dba\" data-element_type=\"widget\" data-e-type=\"widget\" data-widget_type=\"text-editor.default\">\n\t\t\t\t<div class=\"elementor-widget-container\">\n\t\t\t\t\t\t\t\t\t<h2>D\u00e9 el siguiente paso hoy<\/h2><p><span style=\"font-weight: 400;\">Si est\u00e1 listo para iniciar su viaje de inmigraci\u00f3n, estamos aqu\u00ed para ayudarle. Ya sea una consulta r\u00e1pida o una orientaci\u00f3n legal en profundidad, le acompa\u00f1aremos en cada paso del camino. P\u00f3ngase en contacto con nosotros hoy mismo para programar una evaluaci\u00f3n confidencial. <\/span><\/p><p><span style=\"font-weight: 400;\">Su sue\u00f1o americano est\u00e1 a su alcance: alcanc\u00e9moslo juntos.<\/span><\/p><p><strong>Houston Immigration Lawyers<br \/><\/strong>Calle Lousiana 440, Suite 900<br \/>Houston, TX 77002<br \/><a href=\"tel:+1-281-944-3866\">(281) 944-3866<\/a><\/p>\t\t\t\t\t\t\t\t<\/div>\n\t\t\t\t<\/div>\n\t\t\t\t<\/div>\n\t\t\t\t\t<\/div>\n\t\t\t\t<\/div>\n\t\t\t\t<\/div>\n\t\t","protected":false},"excerpt":{"rendered":"<p>Sobre Houston Immigration Lawyers En Houston Immigration Lawyers, no nos limitamos a manejar los casos-ayudamos a las personas a construir su futuro. Nuestra misi\u00f3n es guiar a individuos y familias a trav\u00e9s del a menudo desafiante proceso de inmigraci\u00f3n con cuidado y comprensi\u00f3n. Detr\u00e1s de cada caso hay una historia, un sue\u00f1o y una vida, y estamos aqu\u00ed para hacer ese viaje un poco m\u00e1s suave para usted. Nuestros servicios Ofrecemos una amplia gama de servicios de inmigraci\u00f3n dise\u00f1ados para atender diversas necesidades. Tanto si desea reunirse con su familia, como si busca oportunidades profesionales o protecci\u00f3n, estamos preparados para estar a su lado. Esto es en lo que podemos ayudarle: Inmigraci\u00f3n familiar: Reconectar a las familias es una de nuestras principales prioridades. Desde peticiones para c\u00f3nyuges e hijos hasta ayudar a padres y hermanos a reunirse con usted en EE.UU., estamos aqu\u00ed para ayudarle a mantener unidos a sus seres queridos. Defensa contra la deportaci\u00f3n: Enfrentarse a la deportaci\u00f3n puede ser aterrador. Le proporcionamos una representaci\u00f3n legal agresiva para ayudarle a luchar por permanecer en los EE.UU. Ciudadan\u00eda y naturalizaci\u00f3n: Conseguir la ciudadan\u00eda estadounidense es un momento que cambia la vida. Le guiaremos en cada paso del camino, prepar\u00e1ndole para su solicitud, entrevista y m\u00e1s all\u00e1. Inmigraci\u00f3n laboral: Tanto para empresas como para profesionales, gestionamos Visas de Trabajo y solicitudes de Green Card, ayud\u00e1ndole a acceder a oportunidades y talento a nivel mundial. Asilo y protecci\u00f3n humanitaria: A las personas que huyen de la persecuci\u00f3n o el peligro, les ayudamos con las solicitudes de asilo y otras opciones humanitarias para garantizar la seguridad y la estabilidad. Cada caso se trata con cuidado, precisi\u00f3n y respeto por los objetivos y las vidas que hay detr\u00e1s. Sus aspiraciones son la base de nuestro trabajo. Lo que nos diferencia No somos la t\u00edpica firma de abogados. Para nosotros, la ley de inmigraci\u00f3n no se trata solo de procedimientos legales: se trata de personas. Reconocemos el peso de lo que est\u00e1 en juego en cada caso, y por eso damos prioridad a su historia, sus necesidades y sus sue\u00f1os. As\u00ed es como marcamos la diferencia: Primero escuchamos: Cada viaje es \u00fanico, y comprender su historia es nuestro primer paso. Sus objetivos y preocupaciones gu\u00edan nuestro enfoque para elaborar una estrategia a su medida. Comunicaci\u00f3n clara y honesta: No creemos en la confusa jerga legal. Siempre sabr\u00e1 lo que est\u00e1 ocurriendo en su caso, lo que sigue y lo que puede esperar. Empat\u00eda en cada paso: La inmigraci\u00f3n puede ser emocional y mentalmente agotadora. Estamos aqu\u00ed para proporcionar no solo asesor\u00eda legal, sino tambi\u00e9n aliento y apoyo a lo largo del camino. Defensa feroz: Merece la pena luchar por sus derechos, e iremos m\u00e1s all\u00e1 para representarle con determinaci\u00f3n y pericia. Para nosotros, usted nunca es un caso m\u00e1s. Su viaje es personal, y as\u00ed lo tratamos. En Houston Immigration Lawyers, creemos que un toque personal hace toda la diferencia. Su caso no es solo papeleo para nosotros-es su historia, sus sue\u00f1os y su futuro. Es por eso que abordamos cada situaci\u00f3n con cuidado, una comunicaci\u00f3n clara y un apoyo inquebrantable. \u00bfPor qu\u00e9 elegir a Houston Immigration Lawyers? Elegir un abogado de inmigraci\u00f3n es una gran decisi\u00f3n, y nuestro objetivo es que esa elecci\u00f3n sea clara. Sus objetivos y preocupaciones est\u00e1n al frente de todo lo que hacemos. Cada cliente es tratado con cuidado y respeto, asegur\u00e1ndonos de que se sienta apoyado de principio a fin. Esto es lo que nos convierte en la opci\u00f3n de confianza para tantos: Atenci\u00f3n individualizada: No hay dos casos iguales, y tratamos a cada cliente con atenci\u00f3n personalizada. Elaboramos estrategias adaptadas a sus circunstancias y objetivos espec\u00edficos. Profesionales con experiencia: Con a\u00f1os de experiencia en un amplio espectro de asuntos de inmigraci\u00f3n, nuestro equipo sabe c\u00f3mo afrontar incluso los retos m\u00e1s dif\u00edciles. Historial probado: Desde reunificar familias hasta ayudar a individuos a conseguir la ciudadan\u00eda, hemos ayudado a innumerables clientes a lograr sus objetivos. Profundas ra\u00edces locales: Houston no es solo donde trabajamos, es nuestro hogar. Estamos comprometidos a servir y elevar la comunidad de la que estamos orgullosos de formar parte. D\u00e9 el siguiente paso hoy Si est\u00e1 listo para iniciar su viaje de inmigraci\u00f3n, estamos aqu\u00ed para ayudarle. Ya sea una consulta r\u00e1pida o una orientaci\u00f3n legal en profundidad, le acompa\u00f1aremos en cada paso del camino. P\u00f3ngase en contacto con nosotros hoy mismo para programar una evaluaci\u00f3n confidencial. Su sue\u00f1o americano est\u00e1 a su alcance: alcanc\u00e9moslo juntos. Houston Immigration LawyersCalle Lousiana 440, Suite 900Houston, TX 77002(281) 944-3866<\/p>\n","protected":false},"author":3,"featured_media":0,"parent":0,"menu_order":0,"comment_status":"closed","ping_status":"closed","template":"","meta":{"_analytify_skip_tracking":false,"rank_math_title":"Sobre nosotros | Houston Immigration Lawyers","rank_math_description":"Conozca a los abogados y la misi\u00f3n de Houston Immigration Lawyers-dedicados a guiarle a trav\u00e9s de cada paso de su viaje de inmigraci\u00f3n.","rank_math_focus_keyword":"Sobre Nosotros","rank_math_canonical_url":"","footnotes":""},"class_list":["post-3281","page","type-page","status-publish","hentry"],"_links":{"self":[{"href":"https:\/\/www.houstontexasimmigrationlawyers.com\/es\/wp-json\/wp\/v2\/pages\/3281","targetHints":{"allow":["GET"]}}],"collection":[{"href":"https:\/\/www.houstontexasimmigrationlawyers.com\/es\/wp-json\/wp\/v2\/pages"}],"about":[{"href":"https:\/\/www.houstontexasimmigrationlawyers.com\/es\/wp-json\/wp\/v2\/types\/page"}],"author":[{"embeddable":true,"href":"https:\/\/www.houstontexasimmigrationlawyers.com\/es\/wp-json\/wp\/v2\/users\/3"}],"replies":[{"embeddable":true,"href":"https:\/\/www.houstontexasimmigrationlawyers.com\/es\/wp-json\/wp\/v2\/comments?post=3281"}],"version-history":[{"count":15,"href":"https:\/\/www.houstontexasimmigrationlawyers.com\/es\/wp-json\/wp\/v2\/pages\/3281\/revisions"}],"predecessor-version":[{"id":15066,"href":"https:\/\/www.houstontexasimmigrationlawyers.com\/es\/wp-json\/wp\/v2\/pages\/3281\/revisions\/15066"}],"wp:attachment":[{"href":"https:\/\/www.houstontexasimmigrationlawyers.com\/es\/wp-json\/wp\/v2\/media?parent=3281"}],"curies":[{"name":"wp","href":"https:\/\/api.w.org\/{rel}","templated":true}]}}