{"id":3168,"date":"2025-02-24T11:49:21","date_gmt":"2025-02-24T11:49:21","guid":{"rendered":"https:\/\/www.houstontexasimmigrationlawyers.com\/conozca-nuestro-equipo\/yunuen\/"},"modified":"2026-03-27T14:06:47","modified_gmt":"2026-03-27T14:06:47","slug":"yunuen","status":"publish","type":"page","link":"https:\/\/www.houstontexasimmigrationlawyers.com\/es\/conozca-nuestro-equipo\/yunuen\/","title":{"rendered":"Yunuen"},"content":{"rendered":"\t\t<div data-elementor-type=\"wp-page\" data-elementor-id=\"3168\" class=\"elementor elementor-3168 elementor-1012\" data-elementor-post-type=\"page\">\n\t\t\t\t<div class=\"elementor-element elementor-element-538c2d9 e-flex e-con-boxed wpr-particle-no wpr-jarallax-no wpr-parallax-no wpr-sticky-section-no wpr-equal-height-no e-con e-parent\" data-id=\"538c2d9\" data-element_type=\"container\" data-e-type=\"container\" data-settings=\"{&quot;background_background&quot;:&quot;classic&quot;}\">\n\t\t\t\t\t<div class=\"e-con-inner\">\n\t\t<div class=\"elementor-element elementor-element-f19aa85 e-con-full e-flex wpr-particle-no wpr-jarallax-no wpr-parallax-no wpr-sticky-section-no wpr-equal-height-no e-con e-child\" data-id=\"f19aa85\" data-element_type=\"container\" data-e-type=\"container\">\n\t\t<div class=\"elementor-element elementor-element-3f0d593 e-con-full e-flex wpr-particle-no wpr-jarallax-no wpr-parallax-no wpr-sticky-section-no wpr-equal-height-no e-con e-child\" data-id=\"3f0d593\" data-element_type=\"container\" data-e-type=\"container\">\n\t\t<div class=\"elementor-element elementor-element-760f576 e-con-full e-flex wpr-particle-no wpr-jarallax-no wpr-parallax-no wpr-sticky-section-no wpr-equal-height-no e-con e-child\" data-id=\"760f576\" data-element_type=\"container\" data-e-type=\"container\">\n\t\t\t\t<div class=\"elementor-element elementor-element-b92504e elementor-widget elementor-widget-image\" data-id=\"b92504e\" data-element_type=\"widget\" data-e-type=\"widget\" data-widget_type=\"image.default\">\n\t\t\t\t<div class=\"elementor-widget-container\">\n\t\t\t\t\t\t\t\t\t\t\t\t\t\t\t<img decoding=\"async\" width=\"380\" height=\"500\" src=\"https:\/\/www.houstontexasimmigrationlawyers.com\/wp-content\/uploads\/2025\/09\/yunuen-directora-de-marketing-en-houston-texas-immigration-lawyers.jpg\" class=\"attachment-full size-full wp-image-10168\" alt=\"Yunuen Directora De Marketing En Houston Immigration Lawyers\" srcset=\"https:\/\/www.houstontexasimmigrationlawyers.com\/wp-content\/uploads\/2025\/09\/yunuen-directora-de-marketing-en-houston-texas-immigration-lawyers.jpg 380w, https:\/\/www.houstontexasimmigrationlawyers.com\/wp-content\/uploads\/2025\/09\/yunuen-directora-de-marketing-en-houston-texas-immigration-lawyers-228x300.jpg 228w\" sizes=\"(max-width: 380px) 100vw, 380px\" \/>\t\t\t\t\t\t\t\t\t\t\t\t\t\t\t<\/div>\n\t\t\t\t<\/div>\n\t\t\t\t<\/div>\n\t\t<div class=\"elementor-element elementor-element-1c8a617 e-con-full e-flex wpr-particle-no wpr-jarallax-no wpr-parallax-no wpr-sticky-section-no wpr-equal-height-no e-con e-child\" data-id=\"1c8a617\" data-element_type=\"container\" data-e-type=\"container\">\n\t\t\t\t<div class=\"elementor-element elementor-element-35fc02b elementor-widget elementor-widget-heading\" data-id=\"35fc02b\" data-element_type=\"widget\" data-e-type=\"widget\" data-widget_type=\"heading.default\">\n\t\t\t\t<div class=\"elementor-widget-container\">\n\t\t\t\t\t<h1 class=\"elementor-heading-title elementor-size-default\">Yunuen\n\n<\/h1>\t\t\t\t<\/div>\n\t\t\t\t<\/div>\n\t\t\t\t<div class=\"elementor-element elementor-element-cad356a elementor-widget-divider--view-line_text elementor-widget-divider--element-align-left elementor-widget elementor-widget-divider\" data-id=\"cad356a\" data-element_type=\"widget\" data-e-type=\"widget\" data-widget_type=\"divider.default\">\n\t\t\t\t<div class=\"elementor-widget-container\">\n\t\t\t\t\t\t\t<div class=\"elementor-divider\">\n\t\t\t<span class=\"elementor-divider-separator\">\n\t\t\t\t\t\t\t<h2 class=\"elementor-divider__text elementor-divider__element\">\n\t\t\t\tCapit\u00e1n del equipo de marketing\t\t\t\t<\/h2>\n\t\t\t\t\t\t<\/span>\n\t\t<\/div>\n\t\t\t\t\t\t<\/div>\n\t\t\t\t<\/div>\n\t\t\t\t<div class=\"elementor-element elementor-element-cc8af4b elementor-widget elementor-widget-text-editor\" data-id=\"cc8af4b\" data-element_type=\"widget\" data-e-type=\"widget\" data-widget_type=\"text-editor.default\">\n\t\t\t\t<div class=\"elementor-widget-container\">\n\t\t\t\t\t\t\t\t\t<p>Me llamo Yunuen y nac\u00ed en Quer\u00e9taro, M\u00e9xico. A los seis a\u00f1os emigr\u00e9 a Estados Unidos. Pas\u00e9 mi infancia movi\u00e9ndome por Georgia, Florida y Alabama antes de establecerme finalmente en Austin, Texas, cuando ten\u00eda 14 a\u00f1os.<\/p><p>Ser una ni\u00f1a indocumentada fue todo un reto. Ten\u00eda dificultades con el ingl\u00e9s y a menudo me ridiculizaban por mi acento. A pesar de las dificultades, mi madre nunca flaque\u00f3. Me ense\u00f1\u00f3 resistencia, amabilidad e integridad. Su fortaleza forj\u00f3 mi convicci\u00f3n de defender lo que es correcto y servir a mi comunidad.<\/p><p>A los 15 a\u00f1os, me convert\u00ed en beneficiaria de DACA, un punto de inflexi\u00f3n que me dio oportunidades que nunca cre\u00ed posibles. Con un permiso de trabajo, pude cursar estudios superiores. Me gradu\u00e9 en la Universidad Estatal de Texas en 2020 con una licenciatura en Periodismo y Comunicaci\u00f3n de Masas (concentraci\u00f3n en Medios Digitales) y un grado menor en Estudios de Diversidad. Estoy cursando un m\u00e1ster en Estudios de Sostenibilidad, con experiencia adicional en sociolog\u00eda y filosof\u00eda.<\/p><p>Trabajo en Houston Immigration Lawyers porque me apasiona ayudar a los dem\u00e1s. Utilizar mis habilidades para apoyar a las comunidades subrepresentadas es profundamente satisfactorio. S\u00e9 lo que se siente al estar perdido o no ser escuchado, y me dedico diariamente a asegurar que otros no tengan que sentirse as\u00ed.<\/p>\t\t\t\t\t\t\t\t<\/div>\n\t\t\t\t<\/div>\n\t\t\t\t<\/div>\n\t\t\t\t<\/div>\n\t\t\t\t<\/div>\n\t\t\t\t\t<\/div>\n\t\t\t\t<\/div>\n\t\t<div class=\"elementor-element elementor-element-2c1f700 e-flex e-con-boxed wpr-particle-no wpr-jarallax-no wpr-parallax-no wpr-sticky-section-no wpr-equal-height-no e-con e-parent\" data-id=\"2c1f700\" data-element_type=\"container\" data-e-type=\"container\" data-settings=\"{&quot;background_background&quot;:&quot;classic&quot;}\">\n\t\t\t\t\t<div class=\"e-con-inner\">\n\t\t\t\t<div class=\"elementor-element elementor-element-349d684 elementor-widget elementor-widget-heading\" data-id=\"349d684\" data-element_type=\"widget\" data-e-type=\"widget\" data-widget_type=\"heading.default\">\n\t\t\t\t<div class=\"elementor-widget-container\">\n\t\t\t\t\t<p class=\"elementor-heading-title elementor-size-default\"><a href=\"https:\/\/www.houstontexasimmigrationlawyers.com\/es\/contactenos\/\">D\u00c9JENOS PONER NUESTROS CONOCIMIENTOS Y EXPERIENCIA A SU SERVICIO<\/a><\/p>\t\t\t\t<\/div>\n\t\t\t\t<\/div>\n\t\t\t\t\t<\/div>\n\t\t\t\t<\/div>\n\t\t\t\t<\/div>\n\t\t","protected":false},"excerpt":{"rendered":"<p>Yunuen Capit\u00e1n del equipo de marketing Me llamo Yunuen y nac\u00ed en Quer\u00e9taro, M\u00e9xico. A los seis a\u00f1os emigr\u00e9 a Estados Unidos. Pas\u00e9 mi infancia movi\u00e9ndome por Georgia, Florida y Alabama antes de establecerme finalmente en Austin, Texas, cuando ten\u00eda 14 a\u00f1os. Ser una ni\u00f1a indocumentada fue todo un reto. Ten\u00eda dificultades con el ingl\u00e9s y a menudo me ridiculizaban por mi acento. A pesar de las dificultades, mi madre nunca flaque\u00f3. Me ense\u00f1\u00f3 resistencia, amabilidad e integridad. Su fortaleza forj\u00f3 mi convicci\u00f3n de defender lo que es correcto y servir a mi comunidad. A los 15 a\u00f1os, me convert\u00ed en beneficiaria de DACA, un punto de inflexi\u00f3n que me dio oportunidades que nunca cre\u00ed posibles. Con un permiso de trabajo, pude cursar estudios superiores. Me gradu\u00e9 en la Universidad Estatal de Texas en 2020 con una licenciatura en Periodismo y Comunicaci\u00f3n de Masas (concentraci\u00f3n en Medios Digitales) y un grado menor en Estudios de Diversidad. Estoy cursando un m\u00e1ster en Estudios de Sostenibilidad, con experiencia adicional en sociolog\u00eda y filosof\u00eda. Trabajo en Houston Immigration Lawyers porque me apasiona ayudar a los dem\u00e1s. Utilizar mis habilidades para apoyar a las comunidades subrepresentadas es profundamente satisfactorio. S\u00e9 lo que se siente al estar perdido o no ser escuchado, y me dedico diariamente a asegurar que otros no tengan que sentirse as\u00ed. D\u00c9JENOS PONER NUESTROS CONOCIMIENTOS Y EXPERIENCIA A SU SERVICIO<\/p>\n","protected":false},"author":3,"featured_media":0,"parent":2532,"menu_order":0,"comment_status":"closed","ping_status":"closed","template":"","meta":{"_analytify_skip_tracking":false,"rank_math_title":"Yunuen - Gerente de Crecimiento y Desarrollo","rank_math_description":"Yunuen Alvarado es Gerente de Crecimiento de Houston Immigration Lawyers. Le apasiona ayudar a comunidades vulnerables.","rank_math_focus_keyword":"yunuen","rank_math_canonical_url":"","footnotes":""},"class_list":["post-3168","page","type-page","status-publish","hentry"],"_links":{"self":[{"href":"https:\/\/www.houstontexasimmigrationlawyers.com\/es\/wp-json\/wp\/v2\/pages\/3168","targetHints":{"allow":["GET"]}}],"collection":[{"href":"https:\/\/www.houstontexasimmigrationlawyers.com\/es\/wp-json\/wp\/v2\/pages"}],"about":[{"href":"https:\/\/www.houstontexasimmigrationlawyers.com\/es\/wp-json\/wp\/v2\/types\/page"}],"author":[{"embeddable":true,"href":"https:\/\/www.houstontexasimmigrationlawyers.com\/es\/wp-json\/wp\/v2\/users\/3"}],"replies":[{"embeddable":true,"href":"https:\/\/www.houstontexasimmigrationlawyers.com\/es\/wp-json\/wp\/v2\/comments?post=3168"}],"version-history":[{"count":6,"href":"https:\/\/www.houstontexasimmigrationlawyers.com\/es\/wp-json\/wp\/v2\/pages\/3168\/revisions"}],"predecessor-version":[{"id":11916,"href":"https:\/\/www.houstontexasimmigrationlawyers.com\/es\/wp-json\/wp\/v2\/pages\/3168\/revisions\/11916"}],"up":[{"embeddable":true,"href":"https:\/\/www.houstontexasimmigrationlawyers.com\/es\/wp-json\/wp\/v2\/pages\/2532"}],"wp:attachment":[{"href":"https:\/\/www.houstontexasimmigrationlawyers.com\/es\/wp-json\/wp\/v2\/media?parent=3168"}],"curies":[{"name":"wp","href":"https:\/\/api.w.org\/{rel}","templated":true}]}}