{"id":3127,"date":"2025-02-25T13:26:11","date_gmt":"2025-02-25T13:26:11","guid":{"rendered":"https:\/\/www.houstontexasimmigrationlawyers.com\/conozca-nuestro-equipo\/jacklyn-garcia\/"},"modified":"2025-03-24T20:45:43","modified_gmt":"2025-03-24T20:45:43","slug":"jacklyn-garcia","status":"publish","type":"page","link":"https:\/\/www.houstontexasimmigrationlawyers.com\/es\/conozca-nuestro-equipo\/jacklyn-garcia\/","title":{"rendered":"Jacklyn Garcia"},"content":{"rendered":"\t\t<div data-elementor-type=\"wp-page\" data-elementor-id=\"3127\" class=\"elementor elementor-3127\" data-elementor-post-type=\"page\">\n\t\t\t\t<div class=\"elementor-element elementor-element-538c2d9 e-flex e-con-boxed wpr-particle-no wpr-jarallax-no wpr-parallax-no wpr-sticky-section-no wpr-equal-height-no e-con e-parent\" data-id=\"538c2d9\" data-element_type=\"container\" data-e-type=\"container\" data-settings=\"{&quot;background_background&quot;:&quot;classic&quot;}\">\n\t\t\t\t\t<div class=\"e-con-inner\">\n\t\t<div class=\"elementor-element elementor-element-f19aa85 e-con-full e-flex wpr-particle-no wpr-jarallax-no wpr-parallax-no wpr-sticky-section-no wpr-equal-height-no e-con e-child\" data-id=\"f19aa85\" data-element_type=\"container\" data-e-type=\"container\">\n\t\t<div class=\"elementor-element elementor-element-3f0d593 e-con-full e-flex wpr-particle-no wpr-jarallax-no wpr-parallax-no wpr-sticky-section-no wpr-equal-height-no e-con e-child\" data-id=\"3f0d593\" data-element_type=\"container\" data-e-type=\"container\">\n\t\t<div class=\"elementor-element elementor-element-760f576 e-con-full e-flex wpr-particle-no wpr-jarallax-no wpr-parallax-no wpr-sticky-section-no wpr-equal-height-no e-con e-child\" data-id=\"760f576\" data-element_type=\"container\" data-e-type=\"container\">\n\t\t\t\t<div class=\"elementor-element elementor-element-b92504e elementor-widget elementor-widget-image\" data-id=\"b92504e\" data-element_type=\"widget\" data-e-type=\"widget\" data-widget_type=\"image.default\">\n\t\t\t\t<div class=\"elementor-widget-container\">\n\t\t\t\t\t\t\t\t\t\t\t\t\t\t\t<img decoding=\"async\" width=\"270\" height=\"350\" src=\"https:\/\/www.houstontexasimmigrationlawyers.com\/wp-content\/uploads\/2025\/03\/jacklyn-garcia-abogada-en-houston-texas-immigration-lawyers.webp\" class=\"attachment-full size-full wp-image-3137\" alt=\"Jacklyn Garcia - Abogada En Houston Immigration Lawyers\" srcset=\"https:\/\/www.houstontexasimmigrationlawyers.com\/wp-content\/uploads\/2025\/03\/jacklyn-garcia-abogada-en-houston-texas-immigration-lawyers.webp 270w, https:\/\/www.houstontexasimmigrationlawyers.com\/wp-content\/uploads\/2025\/03\/jacklyn-garcia-abogada-en-houston-texas-immigration-lawyers-231x300.webp 231w\" sizes=\"(max-width: 270px) 100vw, 270px\" \/>\t\t\t\t\t\t\t\t\t\t\t\t\t\t\t<\/div>\n\t\t\t\t<\/div>\n\t\t\t\t<\/div>\n\t\t<div class=\"elementor-element elementor-element-1c8a617 e-con-full e-flex wpr-particle-no wpr-jarallax-no wpr-parallax-no wpr-sticky-section-no wpr-equal-height-no e-con e-child\" data-id=\"1c8a617\" data-element_type=\"container\" data-e-type=\"container\">\n\t\t\t\t<div class=\"elementor-element elementor-element-35fc02b elementor-widget elementor-widget-heading\" data-id=\"35fc02b\" data-element_type=\"widget\" data-e-type=\"widget\" data-widget_type=\"heading.default\">\n\t\t\t\t<div class=\"elementor-widget-container\">\n\t\t\t\t\t<h1 class=\"elementor-heading-title elementor-size-default\">Jacklyn Garcia\n\n<\/h1>\t\t\t\t<\/div>\n\t\t\t\t<\/div>\n\t\t\t\t<div class=\"elementor-element elementor-element-cad356a elementor-widget-divider--view-line_text elementor-widget-divider--element-align-left elementor-widget elementor-widget-divider\" data-id=\"cad356a\" data-element_type=\"widget\" data-e-type=\"widget\" data-widget_type=\"divider.default\">\n\t\t\t\t<div class=\"elementor-widget-container\">\n\t\t\t\t\t\t\t<div class=\"elementor-divider\">\n\t\t\t<span class=\"elementor-divider-separator\">\n\t\t\t\t\t\t\t<h2 class=\"elementor-divider__text elementor-divider__element\">\n\t\t\t\tAbogada\t\t\t\t<\/h2>\n\t\t\t\t\t\t<\/span>\n\t\t<\/div>\n\t\t\t\t\t\t<\/div>\n\t\t\t\t<\/div>\n\t\t\t\t<div class=\"elementor-element elementor-element-cc8af4b elementor-widget elementor-widget-text-editor\" data-id=\"cc8af4b\" data-element_type=\"widget\" data-e-type=\"widget\" data-widget_type=\"text-editor.default\">\n\t\t\t\t<div class=\"elementor-widget-container\">\n\t\t\t\t\t\t\t\t\t<p>Crec\u00ed en Nueva York y mis amigos siempre bromeaban diciendo que hab\u00eda nacido para ser abogada de inmigraci\u00f3n, mucho antes de que yo misma me diera cuenta. En high school, mi diverso grupo de amigos, al que mis padres llamaban cari\u00f1osamente las Naciones Unidas, se top\u00f3 con un obst\u00e1culo inesperado. Algunos pod\u00edan solicitar permisos de conducir y ayudas econ\u00f3micas, mientras que otros se enfrentaban a frustrantes barreras legales.<\/p><p>Cuando las conversaciones sobre los planes del presidente Obama para los Dreamers cobraron impulso, supe cu\u00e1l era mi vocaci\u00f3n. Estudi\u00e9 Sociolog\u00eda y Espa\u00f1ol en la Universidad de Quinnipiac, centr\u00e1ndome en asuntos de inmigraci\u00f3n y derechos de la mujer. Mi pasi\u00f3n me llev\u00f3 a trabajar en una agencia de reasentamiento de refugiados, donde fui testigo de primera mano de las luchas a las que se enfrentan muchos inmigrantes.<\/p><p>Despu\u00e9s de graduarme en 2013, me mud\u00e9 a Austin para servir como miembro de AmeriCorps en Casa Marianella, un refugio para inmigrantes y solicitantes de asilo. All\u00ed, conect\u00e9 verdaderamente con la comunidad inmigrante de Austin y sus dedicados defensores. En 2016, me un\u00ed a Lincoln-Goldfinch Law como asistente legal, ganando experiencia pr\u00e1ctica como voluntaria en centros de detenci\u00f3n y cl\u00ednicas de ayuda legal.<\/p><p>Decidida a profundizar mi impacto, regres\u00e9 a Nueva York en 2017 para asistir a la Facultad de Derecho de la Universidad de la Ciudad de Nueva York. Durante la facultad de Derecho, organic\u00e9 viajes de formaci\u00f3n y voluntariado a centros de detenci\u00f3n de familias en Pensilvania y Texas, ayudando a los solicitantes de asilo a navegar por el sistema legal. Despu\u00e9s de graduarme en 2020, hice de Austin mi hogar permanente con mi esposo y mi perro.<\/p><p>Ahora, como abogada asociada en Houston Immigration Lawyers, me centro en la defensa de deportaci\u00f3n y en casos de Visas humanitarias, continuando con mi compromiso de toda la vida con los derechos de los inmigrantes.<\/p>\t\t\t\t\t\t\t\t<\/div>\n\t\t\t\t<\/div>\n\t\t\t\t<\/div>\n\t\t\t\t<\/div>\n\t\t\t\t<\/div>\n\t\t\t\t\t<\/div>\n\t\t\t\t<\/div>\n\t\t<div class=\"elementor-element elementor-element-2aa5992 e-flex e-con-boxed wpr-particle-no wpr-jarallax-no wpr-parallax-no wpr-sticky-section-no wpr-equal-height-no e-con e-parent\" data-id=\"2aa5992\" data-element_type=\"container\" data-e-type=\"container\" data-settings=\"{&quot;background_background&quot;:&quot;classic&quot;}\">\n\t\t\t\t\t<div class=\"e-con-inner\">\n\t\t\t\t<div class=\"elementor-element elementor-element-4da6097 elementor-widget-divider--view-line_text elementor-widget-divider--element-align-center elementor-widget elementor-widget-divider\" data-id=\"4da6097\" data-element_type=\"widget\" data-e-type=\"widget\" data-widget_type=\"divider.default\">\n\t\t\t\t<div class=\"elementor-widget-container\">\n\t\t\t\t\t\t\t<div class=\"elementor-divider\">\n\t\t\t<span class=\"elementor-divider-separator\">\n\t\t\t\t\t\t\t<p class=\"elementor-divider__text elementor-divider__element\">\n\t\t\t\tCompa\u00f1ero confiable\t\t\t\t<\/p>\n\t\t\t\t\t\t<\/span>\n\t\t<\/div>\n\t\t\t\t\t\t<\/div>\n\t\t\t\t<\/div>\n\t\t<div class=\"elementor-element elementor-element-848bb11 e-con-full e-flex wpr-particle-no wpr-jarallax-no wpr-parallax-no wpr-sticky-section-no wpr-equal-height-no e-con e-child\" data-id=\"848bb11\" data-element_type=\"container\" data-e-type=\"container\">\n\t\t<div class=\"elementor-element elementor-element-5e4fe64 e-con-full e-flex wpr-particle-no wpr-jarallax-no wpr-parallax-no wpr-sticky-section-no wpr-equal-height-no e-con e-child\" data-id=\"5e4fe64\" data-element_type=\"container\" data-e-type=\"container\">\n\t\t\t\t<div class=\"elementor-element elementor-element-508848e elementor-widget elementor-widget-image\" data-id=\"508848e\" data-element_type=\"widget\" data-e-type=\"widget\" data-widget_type=\"image.default\">\n\t\t\t\t<div class=\"elementor-widget-container\">\n\t\t\t\t\t\t\t\t\t\t\t\t\t\t\t<img decoding=\"async\" width=\"270\" height=\"350\" src=\"https:\/\/www.houstontexasimmigrationlawyers.com\/wp-content\/uploads\/2025\/03\/jacklyn-companero-confiable-otis.webp\" class=\"attachment-full size-full wp-image-3139\" alt=\"Otis, Compa\u00f1ero Confiable De Jacklyn\" srcset=\"https:\/\/www.houstontexasimmigrationlawyers.com\/wp-content\/uploads\/2025\/03\/jacklyn-companero-confiable-otis.webp 270w, https:\/\/www.houstontexasimmigrationlawyers.com\/wp-content\/uploads\/2025\/03\/jacklyn-companero-confiable-otis-231x300.webp 231w\" sizes=\"(max-width: 270px) 100vw, 270px\" \/>\t\t\t\t\t\t\t\t\t\t\t\t\t\t\t<\/div>\n\t\t\t\t<\/div>\n\t\t\t\t<div class=\"elementor-element elementor-element-9b46175 elementor-widget elementor-widget-heading\" data-id=\"9b46175\" data-element_type=\"widget\" data-e-type=\"widget\" data-widget_type=\"heading.default\">\n\t\t\t\t<div class=\"elementor-widget-container\">\n\t\t\t\t\t<p class=\"elementor-heading-title elementor-size-default\">\u00a1Conozca a Otis!\n<\/p>\t\t\t\t<\/div>\n\t\t\t\t<\/div>\n\t\t\t\t<div class=\"elementor-element elementor-element-c15d7fc elementor-widget-divider--view-line elementor-widget elementor-widget-divider\" data-id=\"c15d7fc\" data-element_type=\"widget\" data-e-type=\"widget\" data-widget_type=\"divider.default\">\n\t\t\t\t<div class=\"elementor-widget-container\">\n\t\t\t\t\t\t\t<div class=\"elementor-divider\">\n\t\t\t<span class=\"elementor-divider-separator\">\n\t\t\t\t\t\t<\/span>\n\t\t<\/div>\n\t\t\t\t\t\t<\/div>\n\t\t\t\t<\/div>\n\t\t\t\t<div class=\"elementor-element elementor-element-35db3ea elementor-widget elementor-widget-text-editor\" data-id=\"35db3ea\" data-element_type=\"widget\" data-e-type=\"widget\" data-widget_type=\"text-editor.default\">\n\t\t\t\t<div class=\"elementor-widget-container\">\n\t\t\t\t\t\t\t\t\t<p>Me llamo Otis, me mud\u00e9 de Nueva York a Austin, Texas con mis padres y ahora me gusta mucho estar aqu\u00ed. Mis padres me rescataron de un refugio en Harlem y ahora estoy viviendo mi mejor vida. Damos muchos paseos por los parques estatales de Texas y exploramos mucho. \u00a1Solo no me gusta cuando hace demasiado calor!<\/p>\t\t\t\t\t\t\t\t<\/div>\n\t\t\t\t<\/div>\n\t\t\t\t<\/div>\n\t\t\t\t<\/div>\n\t\t\t\t\t<\/div>\n\t\t\t\t<\/div>\n\t\t<div class=\"elementor-element elementor-element-2c1f700 e-flex e-con-boxed wpr-particle-no wpr-jarallax-no wpr-parallax-no wpr-sticky-section-no wpr-equal-height-no e-con e-parent\" data-id=\"2c1f700\" data-element_type=\"container\" data-e-type=\"container\" data-settings=\"{&quot;background_background&quot;:&quot;classic&quot;}\">\n\t\t\t\t\t<div class=\"e-con-inner\">\n\t\t\t\t<div class=\"elementor-element elementor-element-349d684 elementor-widget elementor-widget-heading\" data-id=\"349d684\" data-element_type=\"widget\" data-e-type=\"widget\" data-widget_type=\"heading.default\">\n\t\t\t\t<div class=\"elementor-widget-container\">\n\t\t\t\t\t<p class=\"elementor-heading-title elementor-size-default\"><a href=\"https:\/\/www.houstontexasimmigrationlawyers.com\/es\/contactenos\/\">D\u00c9JENOS PONER NUESTROS CONOCIMIENTOS Y EXPERIENCIA A SU SERVICIO<\/a><\/p>\t\t\t\t<\/div>\n\t\t\t\t<\/div>\n\t\t\t\t\t<\/div>\n\t\t\t\t<\/div>\n\t\t\t\t<\/div>\n\t\t","protected":false},"excerpt":{"rendered":"<p>Jacklyn Garcia Abogada Crec\u00ed en Nueva York y mis amigos siempre bromeaban diciendo que hab\u00eda nacido para ser abogada de inmigraci\u00f3n, mucho antes de que yo misma me diera cuenta. En high school, mi diverso grupo de amigos, al que mis padres llamaban cari\u00f1osamente las Naciones Unidas, se top\u00f3 con un obst\u00e1culo inesperado. Algunos pod\u00edan solicitar permisos de conducir y ayudas econ\u00f3micas, mientras que otros se enfrentaban a frustrantes barreras legales. Cuando las conversaciones sobre los planes del presidente Obama para los Dreamers cobraron impulso, supe cu\u00e1l era mi vocaci\u00f3n. Estudi\u00e9 Sociolog\u00eda y Espa\u00f1ol en la Universidad de Quinnipiac, centr\u00e1ndome en asuntos de inmigraci\u00f3n y derechos de la mujer. Mi pasi\u00f3n me llev\u00f3 a trabajar en una agencia de reasentamiento de refugiados, donde fui testigo de primera mano de las luchas a las que se enfrentan muchos inmigrantes. Despu\u00e9s de graduarme en 2013, me mud\u00e9 a Austin para servir como miembro de AmeriCorps en Casa Marianella, un refugio para inmigrantes y solicitantes de asilo. All\u00ed, conect\u00e9 verdaderamente con la comunidad inmigrante de Austin y sus dedicados defensores. En 2016, me un\u00ed a Lincoln-Goldfinch Law como asistente legal, ganando experiencia pr\u00e1ctica como voluntaria en centros de detenci\u00f3n y cl\u00ednicas de ayuda legal. Decidida a profundizar mi impacto, regres\u00e9 a Nueva York en 2017 para asistir a la Facultad de Derecho de la Universidad de la Ciudad de Nueva York. Durante la facultad de Derecho, organic\u00e9 viajes de formaci\u00f3n y voluntariado a centros de detenci\u00f3n de familias en Pensilvania y Texas, ayudando a los solicitantes de asilo a navegar por el sistema legal. Despu\u00e9s de graduarme en 2020, hice de Austin mi hogar permanente con mi esposo y mi perro. Ahora, como abogada asociada en Houston Immigration Lawyers, me centro en la defensa de deportaci\u00f3n y en casos de Visas humanitarias, continuando con mi compromiso de toda la vida con los derechos de los inmigrantes. Compa\u00f1ero confiable \u00a1Conozca a Otis! Me llamo Otis, me mud\u00e9 de Nueva York a Austin, Texas con mis padres y ahora me gusta mucho estar aqu\u00ed. Mis padres me rescataron de un refugio en Harlem y ahora estoy viviendo mi mejor vida. Damos muchos paseos por los parques estatales de Texas y exploramos mucho. \u00a1Solo no me gusta cuando hace demasiado calor! D\u00c9JENOS PONER NUESTROS CONOCIMIENTOS Y EXPERIENCIA A SU SERVICIO<\/p>\n","protected":false},"author":3,"featured_media":0,"parent":2532,"menu_order":0,"comment_status":"closed","ping_status":"closed","template":"","meta":{"_analytify_skip_tracking":false,"rank_math_title":"Jacklyn Garcia - Nuestra abogada","rank_math_description":"Jacklyn Garcia es abogada asociada en Houston Immigration Lawyers. Ella se enfoca en casos humanitarios y defensa de deportaci\u00f3n. ","rank_math_focus_keyword":"jacklyn","rank_math_canonical_url":"","footnotes":""},"class_list":["post-3127","page","type-page","status-publish","hentry"],"_links":{"self":[{"href":"https:\/\/www.houstontexasimmigrationlawyers.com\/es\/wp-json\/wp\/v2\/pages\/3127","targetHints":{"allow":["GET"]}}],"collection":[{"href":"https:\/\/www.houstontexasimmigrationlawyers.com\/es\/wp-json\/wp\/v2\/pages"}],"about":[{"href":"https:\/\/www.houstontexasimmigrationlawyers.com\/es\/wp-json\/wp\/v2\/types\/page"}],"author":[{"embeddable":true,"href":"https:\/\/www.houstontexasimmigrationlawyers.com\/es\/wp-json\/wp\/v2\/users\/3"}],"replies":[{"embeddable":true,"href":"https:\/\/www.houstontexasimmigrationlawyers.com\/es\/wp-json\/wp\/v2\/comments?post=3127"}],"version-history":[{"count":0,"href":"https:\/\/www.houstontexasimmigrationlawyers.com\/es\/wp-json\/wp\/v2\/pages\/3127\/revisions"}],"up":[{"embeddable":true,"href":"https:\/\/www.houstontexasimmigrationlawyers.com\/es\/wp-json\/wp\/v2\/pages\/2532"}],"wp:attachment":[{"href":"https:\/\/www.houstontexasimmigrationlawyers.com\/es\/wp-json\/wp\/v2\/media?parent=3127"}],"curies":[{"name":"wp","href":"https:\/\/api.w.org\/{rel}","templated":true}]}}