{"id":2930,"date":"2025-02-25T14:05:09","date_gmt":"2025-02-25T14:05:09","guid":{"rendered":"https:\/\/www.houstontexasimmigrationlawyers.com\/conozca-nuestro-equipo\/hector\/"},"modified":"2026-03-26T16:18:07","modified_gmt":"2026-03-26T16:18:07","slug":"hector","status":"publish","type":"page","link":"https:\/\/www.houstontexasimmigrationlawyers.com\/es\/conozca-nuestro-equipo\/hector\/","title":{"rendered":"H\u00e9ctor"},"content":{"rendered":"\t\t<div data-elementor-type=\"wp-page\" data-elementor-id=\"2930\" class=\"elementor elementor-2930 elementor-1447\" data-elementor-post-type=\"page\">\n\t\t\t\t<div class=\"elementor-element elementor-element-538c2d9 e-flex e-con-boxed wpr-particle-no wpr-jarallax-no wpr-parallax-no wpr-sticky-section-no wpr-equal-height-no e-con e-parent\" data-id=\"538c2d9\" data-element_type=\"container\" data-e-type=\"container\" data-settings=\"{&quot;background_background&quot;:&quot;classic&quot;}\">\n\t\t\t\t\t<div class=\"e-con-inner\">\n\t\t<div class=\"elementor-element elementor-element-f19aa85 e-con-full e-flex wpr-particle-no wpr-jarallax-no wpr-parallax-no wpr-sticky-section-no wpr-equal-height-no e-con e-child\" data-id=\"f19aa85\" data-element_type=\"container\" data-e-type=\"container\">\n\t\t<div class=\"elementor-element elementor-element-3f0d593 e-con-full e-flex wpr-particle-no wpr-jarallax-no wpr-parallax-no wpr-sticky-section-no wpr-equal-height-no e-con e-child\" data-id=\"3f0d593\" data-element_type=\"container\" data-e-type=\"container\">\n\t\t<div class=\"elementor-element elementor-element-760f576 e-con-full e-flex wpr-particle-no wpr-jarallax-no wpr-parallax-no wpr-sticky-section-no wpr-equal-height-no e-con e-child\" data-id=\"760f576\" data-element_type=\"container\" data-e-type=\"container\">\n\t\t\t\t<div class=\"elementor-element elementor-element-b92504e elementor-widget elementor-widget-image\" data-id=\"b92504e\" data-element_type=\"widget\" data-e-type=\"widget\" data-widget_type=\"image.default\">\n\t\t\t\t<div class=\"elementor-widget-container\">\n\t\t\t\t\t\t\t\t\t\t\t\t\t\t\t<img decoding=\"async\" width=\"380\" height=\"500\" src=\"https:\/\/www.houstontexasimmigrationlawyers.com\/wp-content\/uploads\/2025\/09\/hector-director-de-it-en-houston-texas-immigration-lawyers.jpg\" class=\"attachment-full size-full wp-image-10153\" alt=\"Hector Director De IT En Houston Immigration Lawyers\" srcset=\"https:\/\/www.houstontexasimmigrationlawyers.com\/wp-content\/uploads\/2025\/09\/hector-director-de-it-en-houston-texas-immigration-lawyers.jpg 380w, https:\/\/www.houstontexasimmigrationlawyers.com\/wp-content\/uploads\/2025\/09\/hector-director-de-it-en-houston-texas-immigration-lawyers-228x300.jpg 228w\" sizes=\"(max-width: 380px) 100vw, 380px\" \/>\t\t\t\t\t\t\t\t\t\t\t\t\t\t\t<\/div>\n\t\t\t\t<\/div>\n\t\t\t\t<\/div>\n\t\t<div class=\"elementor-element elementor-element-1c8a617 e-con-full e-flex wpr-particle-no wpr-jarallax-no wpr-parallax-no wpr-sticky-section-no wpr-equal-height-no e-con e-child\" data-id=\"1c8a617\" data-element_type=\"container\" data-e-type=\"container\">\n\t\t\t\t<div class=\"elementor-element elementor-element-35fc02b elementor-widget elementor-widget-heading\" data-id=\"35fc02b\" data-element_type=\"widget\" data-e-type=\"widget\" data-widget_type=\"heading.default\">\n\t\t\t\t<div class=\"elementor-widget-container\">\n\t\t\t\t\t<h1 class=\"elementor-heading-title elementor-size-default\">H\u00e9ctor<\/h1>\t\t\t\t<\/div>\n\t\t\t\t<\/div>\n\t\t\t\t<div class=\"elementor-element elementor-element-cad356a elementor-widget-divider--view-line_text elementor-widget-divider--element-align-left elementor-widget elementor-widget-divider\" data-id=\"cad356a\" data-element_type=\"widget\" data-e-type=\"widget\" data-widget_type=\"divider.default\">\n\t\t\t\t<div class=\"elementor-widget-container\">\n\t\t\t\t\t\t\t<div class=\"elementor-divider\">\n\t\t\t<span class=\"elementor-divider-separator\">\n\t\t\t\t\t\t\t<h2 class=\"elementor-divider__text elementor-divider__element\">\n\t\t\t\tDirector de T.I.\t\t\t\t<\/h2>\n\t\t\t\t\t\t<\/span>\n\t\t<\/div>\n\t\t\t\t\t\t<\/div>\n\t\t\t\t<\/div>\n\t\t\t\t<div class=\"elementor-element elementor-element-cc8af4b elementor-widget elementor-widget-text-editor\" data-id=\"cc8af4b\" data-element_type=\"widget\" data-e-type=\"widget\" data-widget_type=\"text-editor.default\">\n\t\t\t\t<div class=\"elementor-widget-container\">\n\t\t\t\t\t\t\t\t\t<p>Mi nombre es H\u00e9ctor y soy el Gerente de TI (Tecnolog\u00eda de la Informaci\u00f3n) en Houston Immigration Lawyers. Nac\u00ed y crec\u00ed en la Ciudad de M\u00e9xico, pero me mud\u00e9 a los EE.UU. para ir a la universidad despu\u00e9s de terminar la escuela secundaria. Desde ni\u00f1o, la tecnolog\u00eda me ha fascinado, especialmente su poder para simplificar tareas y unir a las personas.  <\/p><p>Vivir en una ciudad fronteriza durante varios a\u00f1os me permiti\u00f3 conocer de primera mano los retos a los que se enfrentan los inmigrantes. Desarroll\u00e9 fuertes lazos dentro de la comunidad y me interes\u00e9 profundamente por c\u00f3mo la tecnolog\u00eda pod\u00eda ayudar a quienes trabajan para apoyarles. <\/p><p>Antes de unirme a Houston Immigration Lawyers, fui especialista senior en TI en el Centro de Refugiados e Inmigrantes para la Educaci\u00f3n y Servicios Legales (RAICES), una organizaci\u00f3n sin fines de lucro con sede en Texas. Ahora, me concentro en garantizar que nuestro equipo cuente con las herramientas necesarias para ayudar a los clientes a encontrar la tranquilidad.   <\/p><p>Fuera del trabajo, disfruto componiendo m\u00fasica, explorando la naturaleza y pasando tiempo de calidad con mi familia.<\/p>\t\t\t\t\t\t\t\t<\/div>\n\t\t\t\t<\/div>\n\t\t\t\t<\/div>\n\t\t\t\t<\/div>\n\t\t\t\t<\/div>\n\t\t\t\t\t<\/div>\n\t\t\t\t<\/div>\n\t\t<div class=\"elementor-element elementor-element-2c1f700 e-flex e-con-boxed wpr-particle-no wpr-jarallax-no wpr-parallax-no wpr-sticky-section-no wpr-equal-height-no e-con e-parent\" data-id=\"2c1f700\" data-element_type=\"container\" data-e-type=\"container\" data-settings=\"{&quot;background_background&quot;:&quot;classic&quot;}\">\n\t\t\t\t\t<div class=\"e-con-inner\">\n\t\t\t\t<div class=\"elementor-element elementor-element-349d684 elementor-widget elementor-widget-heading\" data-id=\"349d684\" data-element_type=\"widget\" data-e-type=\"widget\" data-widget_type=\"heading.default\">\n\t\t\t\t<div class=\"elementor-widget-container\">\n\t\t\t\t\t<p class=\"elementor-heading-title elementor-size-default\"><a href=\"https:\/\/www.houstontexasimmigrationlawyers.com\/es\/contactenos\/\">D\u00c9JENOS PONER NUESTROS CONOCIMIENTOS Y EXPERIENCIA A SU SERVICIO.<\/a><\/p>\t\t\t\t<\/div>\n\t\t\t\t<\/div>\n\t\t\t\t\t<\/div>\n\t\t\t\t<\/div>\n\t\t\t\t<\/div>\n\t\t","protected":false},"excerpt":{"rendered":"<p>H\u00e9ctor Director de T.I. Mi nombre es H\u00e9ctor y soy el Gerente de TI (Tecnolog\u00eda de la Informaci\u00f3n) en Houston Immigration Lawyers. Nac\u00ed y crec\u00ed en la Ciudad de M\u00e9xico, pero me mud\u00e9 a los EE.UU. para ir a la universidad despu\u00e9s de terminar la escuela secundaria. Desde ni\u00f1o, la tecnolog\u00eda me ha fascinado, especialmente su poder para simplificar tareas y unir a las personas. Vivir en una ciudad fronteriza durante varios a\u00f1os me permiti\u00f3 conocer de primera mano los retos a los que se enfrentan los inmigrantes. Desarroll\u00e9 fuertes lazos dentro de la comunidad y me interes\u00e9 profundamente por c\u00f3mo la tecnolog\u00eda pod\u00eda ayudar a quienes trabajan para apoyarles. Antes de unirme a Houston Immigration Lawyers, fui especialista senior en TI en el Centro de Refugiados e Inmigrantes para la Educaci\u00f3n y Servicios Legales (RAICES), una organizaci\u00f3n sin fines de lucro con sede en Texas. Ahora, me concentro en garantizar que nuestro equipo cuente con las herramientas necesarias para ayudar a los clientes a encontrar la tranquilidad. Fuera del trabajo, disfruto componiendo m\u00fasica, explorando la naturaleza y pasando tiempo de calidad con mi familia. D\u00c9JENOS PONER NUESTROS CONOCIMIENTOS Y EXPERIENCIA A SU SERVICIO.<\/p>\n","protected":false},"author":3,"featured_media":0,"parent":2532,"menu_order":0,"comment_status":"closed","ping_status":"closed","template":"","meta":{"_analytify_skip_tracking":false,"rank_math_title":"H\u00e9ctor - Nuestro director de T.I.","rank_math_description":"Conozca a H\u00e9ctor, nuestro director T.I. en Houston Immigration Lawyers, dedicado a potenciar a nuestro equipo a trav\u00e9s de la tecnolog\u00eda.","rank_math_focus_keyword":"H\u00e9ctor","rank_math_canonical_url":"","footnotes":""},"class_list":["post-2930","page","type-page","status-publish","hentry"],"_links":{"self":[{"href":"https:\/\/www.houstontexasimmigrationlawyers.com\/es\/wp-json\/wp\/v2\/pages\/2930","targetHints":{"allow":["GET"]}}],"collection":[{"href":"https:\/\/www.houstontexasimmigrationlawyers.com\/es\/wp-json\/wp\/v2\/pages"}],"about":[{"href":"https:\/\/www.houstontexasimmigrationlawyers.com\/es\/wp-json\/wp\/v2\/types\/page"}],"author":[{"embeddable":true,"href":"https:\/\/www.houstontexasimmigrationlawyers.com\/es\/wp-json\/wp\/v2\/users\/3"}],"replies":[{"embeddable":true,"href":"https:\/\/www.houstontexasimmigrationlawyers.com\/es\/wp-json\/wp\/v2\/comments?post=2930"}],"version-history":[{"count":6,"href":"https:\/\/www.houstontexasimmigrationlawyers.com\/es\/wp-json\/wp\/v2\/pages\/2930\/revisions"}],"predecessor-version":[{"id":10286,"href":"https:\/\/www.houstontexasimmigrationlawyers.com\/es\/wp-json\/wp\/v2\/pages\/2930\/revisions\/10286"}],"up":[{"embeddable":true,"href":"https:\/\/www.houstontexasimmigrationlawyers.com\/es\/wp-json\/wp\/v2\/pages\/2532"}],"wp:attachment":[{"href":"https:\/\/www.houstontexasimmigrationlawyers.com\/es\/wp-json\/wp\/v2\/media?parent=2930"}],"curies":[{"name":"wp","href":"https:\/\/api.w.org\/{rel}","templated":true}]}}