{"id":2874,"date":"2025-02-25T13:29:35","date_gmt":"2025-02-25T13:29:35","guid":{"rendered":"https:\/\/www.houstontexasimmigrationlawyers.com\/conozca-nuestro-equipo\/eduardo-flores\/"},"modified":"2026-04-10T18:50:34","modified_gmt":"2026-04-10T18:50:34","slug":"eduardo-flores","status":"publish","type":"page","link":"https:\/\/www.houstontexasimmigrationlawyers.com\/es\/conozca-nuestro-equipo\/eduardo-flores\/","title":{"rendered":"Eduardo Flores"},"content":{"rendered":"\t\t<div data-elementor-type=\"wp-page\" data-elementor-id=\"2874\" class=\"elementor elementor-2874 elementor-1341\" data-elementor-post-type=\"page\">\n\t\t\t\t<div class=\"elementor-element elementor-element-538c2d9 e-flex e-con-boxed wpr-particle-no wpr-jarallax-no wpr-parallax-no wpr-sticky-section-no wpr-equal-height-no e-con e-parent\" data-id=\"538c2d9\" data-element_type=\"container\" data-e-type=\"container\" data-settings=\"{&quot;background_background&quot;:&quot;classic&quot;}\">\n\t\t\t\t\t<div class=\"e-con-inner\">\n\t\t<div class=\"elementor-element elementor-element-f19aa85 e-con-full e-flex wpr-particle-no wpr-jarallax-no wpr-parallax-no wpr-sticky-section-no wpr-equal-height-no e-con e-child\" data-id=\"f19aa85\" data-element_type=\"container\" data-e-type=\"container\">\n\t\t<div class=\"elementor-element elementor-element-3f0d593 e-con-full e-flex wpr-particle-no wpr-jarallax-no wpr-parallax-no wpr-sticky-section-no wpr-equal-height-no e-con e-child\" data-id=\"3f0d593\" data-element_type=\"container\" data-e-type=\"container\">\n\t\t<div class=\"elementor-element elementor-element-760f576 e-con-full e-flex wpr-particle-no wpr-jarallax-no wpr-parallax-no wpr-sticky-section-no wpr-equal-height-no e-con e-child\" data-id=\"760f576\" data-element_type=\"container\" data-e-type=\"container\">\n\t\t\t\t<div class=\"elementor-element elementor-element-b92504e elementor-widget elementor-widget-image\" data-id=\"b92504e\" data-element_type=\"widget\" data-e-type=\"widget\" data-widget_type=\"image.default\">\n\t\t\t\t<div class=\"elementor-widget-container\">\n\t\t\t\t\t\t\t\t\t\t\t\t\t\t\t<img decoding=\"async\" width=\"380\" height=\"500\" src=\"https:\/\/www.houstontexasimmigrationlawyers.com\/wp-content\/uploads\/2026\/04\/eduardo-flores-abogado-de-oficio-de-houston-texas-immigration-lawyers.webp\" class=\"attachment-full size-full wp-image-15228\" alt=\"Eduardo Flores Abogado de Oficio de Houston Immigration Lawyers\" srcset=\"https:\/\/www.houstontexasimmigrationlawyers.com\/wp-content\/uploads\/2026\/04\/eduardo-flores-abogado-de-oficio-de-houston-texas-immigration-lawyers.webp 380w, https:\/\/www.houstontexasimmigrationlawyers.com\/wp-content\/uploads\/2026\/04\/eduardo-flores-abogado-de-oficio-de-houston-texas-immigration-lawyers-228x300.webp 228w\" sizes=\"(max-width: 380px) 100vw, 380px\" \/>\t\t\t\t\t\t\t\t\t\t\t\t\t\t\t<\/div>\n\t\t\t\t<\/div>\n\t\t\t\t<\/div>\n\t\t<div class=\"elementor-element elementor-element-1c8a617 e-con-full e-flex wpr-particle-no wpr-jarallax-no wpr-parallax-no wpr-sticky-section-no wpr-equal-height-no e-con e-child\" data-id=\"1c8a617\" data-element_type=\"container\" data-e-type=\"container\">\n\t\t\t\t<div class=\"elementor-element elementor-element-35fc02b elementor-widget elementor-widget-heading\" data-id=\"35fc02b\" data-element_type=\"widget\" data-e-type=\"widget\" data-widget_type=\"heading.default\">\n\t\t\t\t<div class=\"elementor-widget-container\">\n\t\t\t\t\t<h1 class=\"elementor-heading-title elementor-size-default\">Eduardo Flores\n\n<\/h1>\t\t\t\t<\/div>\n\t\t\t\t<\/div>\n\t\t\t\t<div class=\"elementor-element elementor-element-cad356a elementor-widget-divider--view-line_text elementor-widget-divider--element-align-left elementor-widget elementor-widget-divider\" data-id=\"cad356a\" data-element_type=\"widget\" data-e-type=\"widget\" data-widget_type=\"divider.default\">\n\t\t\t\t<div class=\"elementor-widget-container\">\n\t\t\t\t\t\t\t<div class=\"elementor-divider\">\n\t\t\t<span class=\"elementor-divider-separator\">\n\t\t\t\t\t\t\t<span class=\"elementor-divider__text elementor-divider__element\">\n\t\t\t\tAbogado de oficio\t\t\t\t<\/span>\n\t\t\t\t\t\t<\/span>\n\t\t<\/div>\n\t\t\t\t\t\t<\/div>\n\t\t\t\t<\/div>\n\t\t\t\t<div class=\"elementor-element elementor-element-cc8af4b elementor-widget elementor-widget-text-editor\" data-id=\"cc8af4b\" data-element_type=\"widget\" data-e-type=\"widget\" data-widget_type=\"text-editor.default\">\n\t\t\t\t<div class=\"elementor-widget-container\">\n\t\t\t\t\t\t\t\t\t<p><span style=\"font-weight: 400;\">Estoy orgulloso de formar parte de Houston Immigration Lawyers. Originario de McAllen, Texas, en el Valle del R\u00edo Grande, siempre me han atra\u00eddo los temas relacionados con la inmigraci\u00f3n. Mi esposa y su familia inmigraron a los EE.UU., y he visto de primera mano las contribuciones positivas que los inmigrantes hacen a nuestras comunidades. <\/span><\/p><p><span style=\"font-weight: 400;\">Me licenci\u00e9 en Derecho por la Universidad de St. Mary y empec\u00e9 a llevar casos de inmigraci\u00f3n en mi tercer a\u00f1o en la facultad de Derecho. Despu\u00e9s de graduarme, trabaj\u00e9 con la organizaci\u00f3n sin \u00e1nimo de lucro RAICES antes de abrir mi propia firma. Mi enfoque incluye casos de inmigraci\u00f3n basados en la familia y la defensa de expulsi\u00f3n en los tribunales de inmigraci\u00f3n. <\/span><\/p><p><span style=\"font-weight: 400;\">Valoro mi profesi\u00f3n y a los dedicados abogados con los que colaboro. Nos apoyamos mutuamente siempre que es posible. <\/span><\/p><p><span style=\"font-weight: 400;\">Fuera del trabajo, disfruto pasando tiempo con mi mujer y mis hijas: una de 11 a\u00f1os que juega al f\u00fatbol y otra de 8 a la que le encanta nadar.<\/span><\/p>\t\t\t\t\t\t\t\t<\/div>\n\t\t\t\t<\/div>\n\t\t\t\t<\/div>\n\t\t\t\t<\/div>\n\t\t\t\t<\/div>\n\t\t\t\t\t<\/div>\n\t\t\t\t<\/div>\n\t\t<div class=\"elementor-element elementor-element-2c1f700 e-flex e-con-boxed wpr-particle-no wpr-jarallax-no wpr-parallax-no wpr-sticky-section-no wpr-equal-height-no e-con e-parent\" data-id=\"2c1f700\" data-element_type=\"container\" data-e-type=\"container\" data-settings=\"{&quot;background_background&quot;:&quot;classic&quot;}\">\n\t\t\t\t\t<div class=\"e-con-inner\">\n\t\t\t\t<div class=\"elementor-element elementor-element-349d684 elementor-widget elementor-widget-heading\" data-id=\"349d684\" data-element_type=\"widget\" data-e-type=\"widget\" data-widget_type=\"heading.default\">\n\t\t\t\t<div class=\"elementor-widget-container\">\n\t\t\t\t\t<h4 class=\"elementor-heading-title elementor-size-default\"><a href=\"https:\/\/www.houstontexasimmigrationlawyers.com\/es\/contactenos\/\">D\u00c9JENOS PONER NUESTROS CONOCIMIENTOS Y EXPERIENCIA A SU SERVICIO.<\/a><\/h4>\t\t\t\t<\/div>\n\t\t\t\t<\/div>\n\t\t\t\t\t<\/div>\n\t\t\t\t<\/div>\n\t\t\t\t<\/div>\n\t\t","protected":false},"excerpt":{"rendered":"<p>Eduardo Flores Abogado de oficio Estoy orgulloso de formar parte de Houston Immigration Lawyers. Originario de McAllen, Texas, en el Valle del R\u00edo Grande, siempre me han atra\u00eddo los temas relacionados con la inmigraci\u00f3n. Mi esposa y su familia inmigraron a los EE.UU., y he visto de primera mano las contribuciones positivas que los inmigrantes hacen a nuestras comunidades. Me licenci\u00e9 en Derecho por la Universidad de St. Mary y empec\u00e9 a llevar casos de inmigraci\u00f3n en mi tercer a\u00f1o en la facultad de Derecho. Despu\u00e9s de graduarme, trabaj\u00e9 con la organizaci\u00f3n sin \u00e1nimo de lucro RAICES antes de abrir mi propia firma. Mi enfoque incluye casos de inmigraci\u00f3n basados en la familia y la defensa de expulsi\u00f3n en los tribunales de inmigraci\u00f3n. Valoro mi profesi\u00f3n y a los dedicados abogados con los que colaboro. Nos apoyamos mutuamente siempre que es posible. Fuera del trabajo, disfruto pasando tiempo con mi mujer y mis hijas: una de 11 a\u00f1os que juega al f\u00fatbol y otra de 8 a la que le encanta nadar. D\u00c9JENOS PONER NUESTROS CONOCIMIENTOS Y EXPERIENCIA A SU SERVICIO.<\/p>\n","protected":false},"author":3,"featured_media":0,"parent":2532,"menu_order":0,"comment_status":"closed","ping_status":"closed","template":"","meta":{"_analytify_skip_tracking":false,"rank_math_title":"Eduardo Flores - Nuestro abogado de oficio","rank_math_description":"Conozca a Eduardo Flores, nuestro abogado de oficio en Houston Immigration Lawyers-dedicado a la inmigraci\u00f3n, un profesional dedicado.","rank_math_focus_keyword":"Eduardo Flores","rank_math_canonical_url":"","footnotes":""},"class_list":["post-2874","page","type-page","status-publish","hentry"],"_links":{"self":[{"href":"https:\/\/www.houstontexasimmigrationlawyers.com\/es\/wp-json\/wp\/v2\/pages\/2874","targetHints":{"allow":["GET"]}}],"collection":[{"href":"https:\/\/www.houstontexasimmigrationlawyers.com\/es\/wp-json\/wp\/v2\/pages"}],"about":[{"href":"https:\/\/www.houstontexasimmigrationlawyers.com\/es\/wp-json\/wp\/v2\/types\/page"}],"author":[{"embeddable":true,"href":"https:\/\/www.houstontexasimmigrationlawyers.com\/es\/wp-json\/wp\/v2\/users\/3"}],"replies":[{"embeddable":true,"href":"https:\/\/www.houstontexasimmigrationlawyers.com\/es\/wp-json\/wp\/v2\/comments?post=2874"}],"version-history":[{"count":6,"href":"https:\/\/www.houstontexasimmigrationlawyers.com\/es\/wp-json\/wp\/v2\/pages\/2874\/revisions"}],"predecessor-version":[{"id":15248,"href":"https:\/\/www.houstontexasimmigrationlawyers.com\/es\/wp-json\/wp\/v2\/pages\/2874\/revisions\/15248"}],"up":[{"embeddable":true,"href":"https:\/\/www.houstontexasimmigrationlawyers.com\/es\/wp-json\/wp\/v2\/pages\/2532"}],"wp:attachment":[{"href":"https:\/\/www.houstontexasimmigrationlawyers.com\/es\/wp-json\/wp\/v2\/media?parent=2874"}],"curies":[{"name":"wp","href":"https:\/\/api.w.org\/{rel}","templated":true}]}}