{"id":2829,"date":"2025-02-24T11:45:26","date_gmt":"2025-02-24T11:45:26","guid":{"rendered":"https:\/\/www.houstontexasimmigrationlawyers.com\/conozca-nuestro-equipo\/alicia\/"},"modified":"2026-02-12T20:16:26","modified_gmt":"2026-02-12T20:16:26","slug":"alicia","status":"publish","type":"page","link":"https:\/\/www.houstontexasimmigrationlawyers.com\/es\/conozca-nuestro-equipo\/alicia\/","title":{"rendered":"Alicia"},"content":{"rendered":"\t\t<div data-elementor-type=\"wp-page\" data-elementor-id=\"2829\" class=\"elementor elementor-2829 elementor-994\" data-elementor-post-type=\"page\">\n\t\t\t\t<div class=\"elementor-element elementor-element-538c2d9 e-flex e-con-boxed wpr-particle-no wpr-jarallax-no wpr-parallax-no wpr-sticky-section-no wpr-equal-height-no e-con e-parent\" data-id=\"538c2d9\" data-element_type=\"container\" data-e-type=\"container\" data-settings=\"{&quot;background_background&quot;:&quot;classic&quot;}\">\n\t\t\t\t\t<div class=\"e-con-inner\">\n\t\t<div class=\"elementor-element elementor-element-f19aa85 e-con-full e-flex wpr-particle-no wpr-jarallax-no wpr-parallax-no wpr-sticky-section-no wpr-equal-height-no e-con e-child\" data-id=\"f19aa85\" data-element_type=\"container\" data-e-type=\"container\">\n\t\t<div class=\"elementor-element elementor-element-3f0d593 e-con-full e-flex wpr-particle-no wpr-jarallax-no wpr-parallax-no wpr-sticky-section-no wpr-equal-height-no e-con e-child\" data-id=\"3f0d593\" data-element_type=\"container\" data-e-type=\"container\">\n\t\t<div class=\"elementor-element elementor-element-760f576 e-con-full e-flex wpr-particle-no wpr-jarallax-no wpr-parallax-no wpr-sticky-section-no wpr-equal-height-no e-con e-child\" data-id=\"760f576\" data-element_type=\"container\" data-e-type=\"container\">\n\t\t\t\t<div class=\"elementor-element elementor-element-b92504e elementor-widget elementor-widget-image\" data-id=\"b92504e\" data-element_type=\"widget\" data-e-type=\"widget\" data-widget_type=\"image.default\">\n\t\t\t\t<div class=\"elementor-widget-container\">\n\t\t\t\t\t\t\t\t\t\t\t\t\t\t\t<img decoding=\"async\" width=\"380\" height=\"500\" src=\"https:\/\/www.houstontexasimmigrationlawyers.com\/wp-content\/uploads\/2025\/09\/alicia-coordinadora-de-nuevos-clientes-en-houston-texas-immigration-lawyers.jpg\" class=\"attachment-full size-full wp-image-10125\" alt=\"Alicia Coordinadora De Nuevos Clientes En Houston Immigration Lawyers\" srcset=\"https:\/\/www.houstontexasimmigrationlawyers.com\/wp-content\/uploads\/2025\/09\/alicia-coordinadora-de-nuevos-clientes-en-houston-texas-immigration-lawyers.jpg 380w, https:\/\/www.houstontexasimmigrationlawyers.com\/wp-content\/uploads\/2025\/09\/alicia-coordinadora-de-nuevos-clientes-en-houston-texas-immigration-lawyers-228x300.jpg 228w\" sizes=\"(max-width: 380px) 100vw, 380px\" \/>\t\t\t\t\t\t\t\t\t\t\t\t\t\t\t<\/div>\n\t\t\t\t<\/div>\n\t\t\t\t<\/div>\n\t\t<div class=\"elementor-element elementor-element-1c8a617 e-con-full e-flex wpr-particle-no wpr-jarallax-no wpr-parallax-no wpr-sticky-section-no wpr-equal-height-no e-con e-child\" data-id=\"1c8a617\" data-element_type=\"container\" data-e-type=\"container\">\n\t\t\t\t<div class=\"elementor-element elementor-element-35fc02b elementor-widget elementor-widget-heading\" data-id=\"35fc02b\" data-element_type=\"widget\" data-e-type=\"widget\" data-widget_type=\"heading.default\">\n\t\t\t\t<div class=\"elementor-widget-container\">\n\t\t\t\t\t<h1 class=\"elementor-heading-title elementor-size-default\">Alicia<\/h1>\t\t\t\t<\/div>\n\t\t\t\t<\/div>\n\t\t\t\t<div class=\"elementor-element elementor-element-cad356a elementor-widget-divider--view-line_text elementor-widget-divider--element-align-left elementor-widget elementor-widget-divider\" data-id=\"cad356a\" data-element_type=\"widget\" data-e-type=\"widget\" data-widget_type=\"divider.default\">\n\t\t\t\t<div class=\"elementor-widget-container\">\n\t\t\t\t\t\t\t<div class=\"elementor-divider\">\n\t\t\t<span class=\"elementor-divider-separator\">\n\t\t\t\t\t\t\t<span class=\"elementor-divider__text elementor-divider__element\">\n\t\t\t\tL\u00edder del equipo de admisi\u00f3n\t\t\t\t<\/span>\n\t\t\t\t\t\t<\/span>\n\t\t<\/div>\n\t\t\t\t\t\t<\/div>\n\t\t\t\t<\/div>\n\t\t\t\t<div class=\"elementor-element elementor-element-cc8af4b elementor-widget elementor-widget-text-editor\" data-id=\"cc8af4b\" data-element_type=\"widget\" data-e-type=\"widget\" data-widget_type=\"text-editor.default\">\n\t\t\t\t<div class=\"elementor-widget-container\">\n\t\t\t\t\t\t\t\t\t<p>Nac\u00ed en una de las mejores \u00e9pocas, los grandes 80, en Ciudad de M\u00e9xico. La pista de tenis siempre ha sido mi lugar feliz. A los 12 a\u00f1os comenc\u00e9 mi carrera como tenista de alto rendimiento. Llegu\u00e9 a ser n\u00famero 1 en la Ciudad de M\u00e9xico y n\u00famero 3 entre 2000 y 2002 en M\u00e9xico. \u00bfMi sue\u00f1o? Convertirme en tenista profesional y representar a mi querido M\u00e9xico en otros pa\u00edses.     <\/p><p>Alcanc\u00e9 este sue\u00f1o, en 2022, cuando tuve la oportunidad de jugar un Campeonato del Mundo Masters en Lisboa, Portugal, terminando la temporada como n\u00ba 7 de mi categor\u00eda. As\u00ed que, como puede leer, \u00a1no soy una persona que se rinda sin m\u00e1s! \u00bfC\u00f3mo lo he conseguido? Con disciplina, entrenamiento, amor propio, concentraci\u00f3n, pasi\u00f3n y coraz\u00f3n. Por supuesto, mi familia y mis verdaderos amigos siempre estuvieron a mi lado.    <\/p><p>Tambi\u00e9n me encanta el surf, la m\u00fasica, viajar, los deportes y re\u00edrme mucho. En 2004, estaba luchando con la p\u00e9rdida de mi padre, con no poder estudiar en la universidad en los EE.UU. con una beca como lo hab\u00eda planeado, y que ten\u00eda que dejar de hacer lo que m\u00e1s me gustaba, pero tambi\u00e9n me sent\u00eda impotente por no conocer ninguna ley mexicana que pudiera ayudarnos a mi madre y a m\u00ed con nuestra nueva vida financiera, acreedores, seguros y muchas otras cosas que simplemente no pod\u00edamos manejar por nosotros mismos. As\u00ed fue como supe que quer\u00eda estudiar derecho y me convert\u00ed en abogada mexicana en 2012. Me encanta ayudar a la gente no s\u00f3lo con sus casos, sino proporcionar informaci\u00f3n precisa para darles el poder de cambiar su futuro. La misi\u00f3n de Houston Immigration Lawyers coincide con la m\u00eda.    <\/p>\t\t\t\t\t\t\t\t<\/div>\n\t\t\t\t<\/div>\n\t\t\t\t<\/div>\n\t\t\t\t<\/div>\n\t\t\t\t<\/div>\n\t\t\t\t\t<\/div>\n\t\t\t\t<\/div>\n\t\t<div class=\"elementor-element elementor-element-2c1f700 e-flex e-con-boxed wpr-particle-no wpr-jarallax-no wpr-parallax-no wpr-sticky-section-no wpr-equal-height-no e-con e-parent\" data-id=\"2c1f700\" data-element_type=\"container\" data-e-type=\"container\" data-settings=\"{&quot;background_background&quot;:&quot;classic&quot;}\">\n\t\t\t\t\t<div class=\"e-con-inner\">\n\t\t\t\t<div class=\"elementor-element elementor-element-349d684 elementor-widget elementor-widget-heading\" data-id=\"349d684\" data-element_type=\"widget\" data-e-type=\"widget\" data-widget_type=\"heading.default\">\n\t\t\t\t<div class=\"elementor-widget-container\">\n\t\t\t\t\t<h4 class=\"elementor-heading-title elementor-size-default\"><a href=\"https:\/\/www.houstontexasimmigrationlawyers.com\/es\/contactenos\/\">D\u00c9JENOS PONER NUESTROS CONOCIMIENTOS Y EXPERIENCIA A SU SERVICIO.<\/a><\/h4>\t\t\t\t<\/div>\n\t\t\t\t<\/div>\n\t\t\t\t\t<\/div>\n\t\t\t\t<\/div>\n\t\t\t\t<\/div>\n\t\t","protected":false},"excerpt":{"rendered":"<p>Alicia L\u00edder del equipo de admisi\u00f3n Nac\u00ed en una de las mejores \u00e9pocas, los grandes 80, en Ciudad de M\u00e9xico. La pista de tenis siempre ha sido mi lugar feliz. A los 12 a\u00f1os comenc\u00e9 mi carrera como tenista de alto rendimiento. Llegu\u00e9 a ser n\u00famero 1 en la Ciudad de M\u00e9xico y n\u00famero 3 entre 2000 y 2002 en M\u00e9xico. \u00bfMi sue\u00f1o? Convertirme en tenista profesional y representar a mi querido M\u00e9xico en otros pa\u00edses. Alcanc\u00e9 este sue\u00f1o, en 2022, cuando tuve la oportunidad de jugar un Campeonato del Mundo Masters en Lisboa, Portugal, terminando la temporada como n\u00ba 7 de mi categor\u00eda. As\u00ed que, como puede leer, \u00a1no soy una persona que se rinda sin m\u00e1s! \u00bfC\u00f3mo lo he conseguido? Con disciplina, entrenamiento, amor propio, concentraci\u00f3n, pasi\u00f3n y coraz\u00f3n. Por supuesto, mi familia y mis verdaderos amigos siempre estuvieron a mi lado. Tambi\u00e9n me encanta el surf, la m\u00fasica, viajar, los deportes y re\u00edrme mucho. En 2004, estaba luchando con la p\u00e9rdida de mi padre, con no poder estudiar en la universidad en los EE.UU. con una beca como lo hab\u00eda planeado, y que ten\u00eda que dejar de hacer lo que m\u00e1s me gustaba, pero tambi\u00e9n me sent\u00eda impotente por no conocer ninguna ley mexicana que pudiera ayudarnos a mi madre y a m\u00ed con nuestra nueva vida financiera, acreedores, seguros y muchas otras cosas que simplemente no pod\u00edamos manejar por nosotros mismos. As\u00ed fue como supe que quer\u00eda estudiar derecho y me convert\u00ed en abogada mexicana en 2012. Me encanta ayudar a la gente no s\u00f3lo con sus casos, sino proporcionar informaci\u00f3n precisa para darles el poder de cambiar su futuro. La misi\u00f3n de Houston Immigration Lawyers coincide con la m\u00eda. D\u00c9JENOS PONER NUESTROS CONOCIMIENTOS Y EXPERIENCIA A SU SERVICIO.<\/p>\n","protected":false},"author":3,"featured_media":0,"parent":2532,"menu_order":0,"comment_status":"closed","ping_status":"closed","template":"","meta":{"_analytify_skip_tracking":false,"rank_math_title":"Alicia - Nuestra coordinadora de admisi\u00f3n","rank_math_description":"Conozca a Alicia, nuestra coordinadora de admisi\u00f3n en Houston Immigration Lawyers-apasionada y siempre dispuesta a ayudar.","rank_math_focus_keyword":"Alicia","rank_math_canonical_url":"","footnotes":""},"class_list":["post-2829","page","type-page","status-publish","hentry"],"_links":{"self":[{"href":"https:\/\/www.houstontexasimmigrationlawyers.com\/es\/wp-json\/wp\/v2\/pages\/2829","targetHints":{"allow":["GET"]}}],"collection":[{"href":"https:\/\/www.houstontexasimmigrationlawyers.com\/es\/wp-json\/wp\/v2\/pages"}],"about":[{"href":"https:\/\/www.houstontexasimmigrationlawyers.com\/es\/wp-json\/wp\/v2\/types\/page"}],"author":[{"embeddable":true,"href":"https:\/\/www.houstontexasimmigrationlawyers.com\/es\/wp-json\/wp\/v2\/users\/3"}],"replies":[{"embeddable":true,"href":"https:\/\/www.houstontexasimmigrationlawyers.com\/es\/wp-json\/wp\/v2\/comments?post=2829"}],"version-history":[{"count":6,"href":"https:\/\/www.houstontexasimmigrationlawyers.com\/es\/wp-json\/wp\/v2\/pages\/2829\/revisions"}],"predecessor-version":[{"id":14521,"href":"https:\/\/www.houstontexasimmigrationlawyers.com\/es\/wp-json\/wp\/v2\/pages\/2829\/revisions\/14521"}],"up":[{"embeddable":true,"href":"https:\/\/www.houstontexasimmigrationlawyers.com\/es\/wp-json\/wp\/v2\/pages\/2532"}],"wp:attachment":[{"href":"https:\/\/www.houstontexasimmigrationlawyers.com\/es\/wp-json\/wp\/v2\/media?parent=2829"}],"curies":[{"name":"wp","href":"https:\/\/api.w.org\/{rel}","templated":true}]}}