{"id":2799,"date":"2025-02-25T14:06:33","date_gmt":"2025-02-25T14:06:33","guid":{"rendered":"https:\/\/www.houstontexasimmigrationlawyers.com\/conozca-nuestro-equipo\/daniel\/"},"modified":"2025-09-02T20:17:09","modified_gmt":"2025-09-02T20:17:09","slug":"daniel","status":"publish","type":"page","link":"https:\/\/www.houstontexasimmigrationlawyers.com\/es\/conozca-nuestro-equipo\/daniel\/","title":{"rendered":"Daniel"},"content":{"rendered":"\t\t<div data-elementor-type=\"wp-page\" data-elementor-id=\"2799\" class=\"elementor elementor-2799 elementor-1455\" data-elementor-post-type=\"page\">\n\t\t\t\t<div class=\"elementor-element elementor-element-538c2d9 e-flex e-con-boxed wpr-particle-no wpr-jarallax-no wpr-parallax-no wpr-sticky-section-no wpr-equal-height-no e-con e-parent\" data-id=\"538c2d9\" data-element_type=\"container\" data-e-type=\"container\" data-settings=\"{&quot;background_background&quot;:&quot;classic&quot;}\">\n\t\t\t\t\t<div class=\"e-con-inner\">\n\t\t<div class=\"elementor-element elementor-element-f19aa85 e-con-full e-flex wpr-particle-no wpr-jarallax-no wpr-parallax-no wpr-sticky-section-no wpr-equal-height-no e-con e-child\" data-id=\"f19aa85\" data-element_type=\"container\" data-e-type=\"container\">\n\t\t<div class=\"elementor-element elementor-element-3f0d593 e-con-full e-flex wpr-particle-no wpr-jarallax-no wpr-parallax-no wpr-sticky-section-no wpr-equal-height-no e-con e-child\" data-id=\"3f0d593\" data-element_type=\"container\" data-e-type=\"container\">\n\t\t<div class=\"elementor-element elementor-element-760f576 e-con-full e-flex wpr-particle-no wpr-jarallax-no wpr-parallax-no wpr-sticky-section-no wpr-equal-height-no e-con e-child\" data-id=\"760f576\" data-element_type=\"container\" data-e-type=\"container\">\n\t\t\t\t<div class=\"elementor-element elementor-element-b92504e elementor-widget elementor-widget-image\" data-id=\"b92504e\" data-element_type=\"widget\" data-e-type=\"widget\" data-widget_type=\"image.default\">\n\t\t\t\t<div class=\"elementor-widget-container\">\n\t\t\t\t\t\t\t\t\t\t\t\t\t\t\t<img decoding=\"async\" width=\"380\" height=\"500\" src=\"https:\/\/www.houstontexasimmigrationlawyers.com\/wp-content\/uploads\/2025\/08\/daniel-aguirre-analista-de-investigacion-operativa-en-houston-texas-immigration-lawyers.jpg\" class=\"attachment-full size-full wp-image-9254\" alt=\"Daniel Aguirre Analista De Investigacion Operativa En Houston Immigration Lawyers\" srcset=\"https:\/\/www.houstontexasimmigrationlawyers.com\/wp-content\/uploads\/2025\/08\/daniel-aguirre-analista-de-investigacion-operativa-en-houston-texas-immigration-lawyers.jpg 380w, https:\/\/www.houstontexasimmigrationlawyers.com\/wp-content\/uploads\/2025\/08\/daniel-aguirre-analista-de-investigacion-operativa-en-houston-texas-immigration-lawyers-228x300.jpg 228w\" sizes=\"(max-width: 380px) 100vw, 380px\" \/>\t\t\t\t\t\t\t\t\t\t\t\t\t\t\t<\/div>\n\t\t\t\t<\/div>\n\t\t\t\t<\/div>\n\t\t<div class=\"elementor-element elementor-element-1c8a617 e-con-full e-flex wpr-particle-no wpr-jarallax-no wpr-parallax-no wpr-sticky-section-no wpr-equal-height-no e-con e-child\" data-id=\"1c8a617\" data-element_type=\"container\" data-e-type=\"container\">\n\t\t\t\t<div class=\"elementor-element elementor-element-35fc02b elementor-widget elementor-widget-heading\" data-id=\"35fc02b\" data-element_type=\"widget\" data-e-type=\"widget\" data-widget_type=\"heading.default\">\n\t\t\t\t<div class=\"elementor-widget-container\">\n\t\t\t\t\t<h1 class=\"elementor-heading-title elementor-size-default\">Daniel Aguirre<\/h1>\t\t\t\t<\/div>\n\t\t\t\t<\/div>\n\t\t\t\t<div class=\"elementor-element elementor-element-cad356a elementor-widget-divider--view-line_text elementor-widget-divider--element-align-left elementor-widget elementor-widget-divider\" data-id=\"cad356a\" data-element_type=\"widget\" data-e-type=\"widget\" data-widget_type=\"divider.default\">\n\t\t\t\t<div class=\"elementor-widget-container\">\n\t\t\t\t\t\t\t<div class=\"elementor-divider\">\n\t\t\t<span class=\"elementor-divider-separator\">\n\t\t\t\t\t\t\t<h2 class=\"elementor-divider__text elementor-divider__element\">\n\t\t\t\tAnalista de investigaci\u00f3n operativa\t\t\t\t<\/h2>\n\t\t\t\t\t\t<\/span>\n\t\t<\/div>\n\t\t\t\t\t\t<\/div>\n\t\t\t\t<\/div>\n\t\t\t\t<div class=\"elementor-element elementor-element-cc8af4b elementor-widget elementor-widget-text-editor\" data-id=\"cc8af4b\" data-element_type=\"widget\" data-e-type=\"widget\" data-widget_type=\"text-editor.default\">\n\t\t\t\t<div class=\"elementor-widget-container\">\n\t\t\t\t\t\t\t\t\t<p>Nac\u00ed en M\u00e9xico y pas\u00e9 mi infancia en la frontera entre Ju\u00e1rez y El Paso. Mi trayectoria acad\u00e9mica me llev\u00f3 desde la obtenci\u00f3n de una licenciatura en M\u00e9xico hasta la obtenci\u00f3n de un m\u00e1ster en Estados Unidos. <\/p><p>Durante los \u00faltimos 20 a\u00f1os, he trabajado en los sectores p\u00fablico y privado, adquiriendo una amplia perspectiva de diversas industrias. Mi formaci\u00f3n multicultural y mi amplia experiencia en gesti\u00f3n y administraci\u00f3n me permiten desenvolverme con \u00e9xito. <\/p><p>Una cita que me resuena profundamente es de la Madre Teresa de Calcuta: \u00abEl que no vive para servir, no sirve para vivir\u00bb. Ayudar a los dem\u00e1s es una de las mayores recompensas de la vida, y saber que puedo contribuir a la felicidad de alguien me llena de alegr\u00eda. <\/p>\t\t\t\t\t\t\t\t<\/div>\n\t\t\t\t<\/div>\n\t\t\t\t<\/div>\n\t\t\t\t<\/div>\n\t\t\t\t<\/div>\n\t\t\t\t\t<\/div>\n\t\t\t\t<\/div>\n\t\t<div class=\"elementor-element elementor-element-8ba338a e-flex e-con-boxed wpr-particle-no wpr-jarallax-no wpr-parallax-no wpr-sticky-section-no wpr-equal-height-no e-con e-parent\" data-id=\"8ba338a\" data-element_type=\"container\" data-e-type=\"container\" data-settings=\"{&quot;background_background&quot;:&quot;classic&quot;}\">\n\t\t\t\t\t<div class=\"e-con-inner\">\n\t\t<div class=\"elementor-element elementor-element-0b6d0f3 e-con-full e-flex wpr-particle-no wpr-jarallax-no wpr-parallax-no wpr-sticky-section-no wpr-equal-height-no e-con e-child\" data-id=\"0b6d0f3\" data-element_type=\"container\" data-e-type=\"container\">\n\t\t<div class=\"elementor-element elementor-element-3bfd7ab e-con-full e-flex wpr-particle-no wpr-jarallax-no wpr-parallax-no wpr-sticky-section-no wpr-equal-height-no e-con e-child\" data-id=\"3bfd7ab\" data-element_type=\"container\" data-e-type=\"container\" data-settings=\"{&quot;background_background&quot;:&quot;classic&quot;}\">\n\t\t<div class=\"elementor-element elementor-element-f2d2370 e-con-full e-flex wpr-particle-no wpr-jarallax-no wpr-parallax-no wpr-sticky-section-no wpr-equal-height-no e-con e-child\" data-id=\"f2d2370\" data-element_type=\"container\" data-e-type=\"container\" data-settings=\"{&quot;background_background&quot;:&quot;classic&quot;}\">\n\t\t\t\t<div class=\"elementor-element elementor-element-f19cccb elementor-widget elementor-widget-text-editor\" data-id=\"f19cccb\" data-element_type=\"widget\" data-e-type=\"widget\" data-widget_type=\"text-editor.default\">\n\t\t\t\t<div class=\"elementor-widget-container\">\n\t\t\t\t\t\t\t\t\t<p>Mientras trabajaba en el Consulado General de M\u00e9xico, para el Departamento de Protecci\u00f3n y Asuntos Jur\u00eddicos, uno de mis principales deseos era dirigir a la comunidad inmigrante en muchos aspectos como el laboral, empresarial, civil, penal y de inmigraci\u00f3n. Visit\u00e9 a inmigrantes presos en diferentes centros de detenci\u00f3n y hospitales, asist\u00ed a eventos de divulgaci\u00f3n comunitaria y cooper\u00e9 con organismos gubernamentales y autoridades locales de M\u00e9xico y EE.UU. Todo ello me hizo comprender los obst\u00e1culos por los que deben pasar los inmigrantes, y entonces supe que pod\u00eda aplicar mis conocimientos y experiencia para ayudar a esta comunidad a prosperar en un nuevo pa\u00eds.<\/p><p>Conoc\u00ed a Kate Lincoln-Goldfinch en 2015 y he sido testigo del impacto positivo que su servicio y trabajo han tenido en la comunidad. Me di cuenta de que su \u00e9tica y profesionalismo encajaban perfectamente con mis antecedentes e intereses; as\u00ed que me un\u00ed a Houston Immigration Lawyers como consultor administrativo. Supervisando la operaci\u00f3n diariamente, buscamos mejorar y crecer para poder aumentar el impacto positivo de la firma en la comunidad, y traer paz a las familias inmigrantes.<\/p>\t\t\t\t\t\t\t\t<\/div>\n\t\t\t\t<\/div>\n\t\t\t\t<\/div>\n\t\t\t\t<\/div>\n\t\t\t\t<\/div>\n\t\t\t\t\t<\/div>\n\t\t\t\t<\/div>\n\t\t<div class=\"elementor-element elementor-element-2c1f700 e-flex e-con-boxed wpr-particle-no wpr-jarallax-no wpr-parallax-no wpr-sticky-section-no wpr-equal-height-no e-con e-parent\" data-id=\"2c1f700\" data-element_type=\"container\" data-e-type=\"container\" data-settings=\"{&quot;background_background&quot;:&quot;classic&quot;}\">\n\t\t\t\t\t<div class=\"e-con-inner\">\n\t\t\t\t<div class=\"elementor-element elementor-element-349d684 elementor-widget elementor-widget-heading\" data-id=\"349d684\" data-element_type=\"widget\" data-e-type=\"widget\" data-widget_type=\"heading.default\">\n\t\t\t\t<div class=\"elementor-widget-container\">\n\t\t\t\t\t<p class=\"elementor-heading-title elementor-size-default\"><a href=\"https:\/\/www.houstontexasimmigrationlawyers.com\/es\/contactenos\/\">D\u00c9JENOS PONER NUESTROS CONOCIMIENTOS Y EXPERIENCIA A SU SERVICIO<\/a><\/p>\t\t\t\t<\/div>\n\t\t\t\t<\/div>\n\t\t\t\t\t<\/div>\n\t\t\t\t<\/div>\n\t\t\t\t<\/div>\n\t\t","protected":false},"excerpt":{"rendered":"<p>Daniel Aguirre Analista de investigaci\u00f3n operativa Nac\u00ed en M\u00e9xico y pas\u00e9 mi infancia en la frontera entre Ju\u00e1rez y El Paso. Mi trayectoria acad\u00e9mica me llev\u00f3 desde la obtenci\u00f3n de una licenciatura en M\u00e9xico hasta la obtenci\u00f3n de un m\u00e1ster en Estados Unidos. Durante los \u00faltimos 20 a\u00f1os, he trabajado en los sectores p\u00fablico y privado, adquiriendo una amplia perspectiva de diversas industrias. Mi formaci\u00f3n multicultural y mi amplia experiencia en gesti\u00f3n y administraci\u00f3n me permiten desenvolverme con \u00e9xito. Una cita que me resuena profundamente es de la Madre Teresa de Calcuta: \u00abEl que no vive para servir, no sirve para vivir\u00bb. Ayudar a los dem\u00e1s es una de las mayores recompensas de la vida, y saber que puedo contribuir a la felicidad de alguien me llena de alegr\u00eda. Mientras trabajaba en el Consulado General de M\u00e9xico, para el Departamento de Protecci\u00f3n y Asuntos Jur\u00eddicos, uno de mis principales deseos era dirigir a la comunidad inmigrante en muchos aspectos como el laboral, empresarial, civil, penal y de inmigraci\u00f3n. Visit\u00e9 a inmigrantes presos en diferentes centros de detenci\u00f3n y hospitales, asist\u00ed a eventos de divulgaci\u00f3n comunitaria y cooper\u00e9 con organismos gubernamentales y autoridades locales de M\u00e9xico y EE.UU. Todo ello me hizo comprender los obst\u00e1culos por los que deben pasar los inmigrantes, y entonces supe que pod\u00eda aplicar mis conocimientos y experiencia para ayudar a esta comunidad a prosperar en un nuevo pa\u00eds. Conoc\u00ed a Kate Lincoln-Goldfinch en 2015 y he sido testigo del impacto positivo que su servicio y trabajo han tenido en la comunidad. Me di cuenta de que su \u00e9tica y profesionalismo encajaban perfectamente con mis antecedentes e intereses; as\u00ed que me un\u00ed a Houston Immigration Lawyers como consultor administrativo. Supervisando la operaci\u00f3n diariamente, buscamos mejorar y crecer para poder aumentar el impacto positivo de la firma en la comunidad, y traer paz a las familias inmigrantes. D\u00c9JENOS PONER NUESTROS CONOCIMIENTOS Y EXPERIENCIA A SU SERVICIO<\/p>\n","protected":false},"author":3,"featured_media":0,"parent":2532,"menu_order":0,"comment_status":"closed","ping_status":"closed","template":"","meta":{"_analytify_skip_tracking":false,"rank_math_title":"Daniel - Nuestro consultor administrativo","rank_math_description":"Daniel Aguirre, consultor administrativo en Houston Immigration Lawyers, est\u00e1 comprometido a ayudar a la comunidad migrante.","rank_math_focus_keyword":"daniel","rank_math_canonical_url":"","footnotes":""},"class_list":["post-2799","page","type-page","status-publish","hentry"],"_links":{"self":[{"href":"https:\/\/www.houstontexasimmigrationlawyers.com\/es\/wp-json\/wp\/v2\/pages\/2799","targetHints":{"allow":["GET"]}}],"collection":[{"href":"https:\/\/www.houstontexasimmigrationlawyers.com\/es\/wp-json\/wp\/v2\/pages"}],"about":[{"href":"https:\/\/www.houstontexasimmigrationlawyers.com\/es\/wp-json\/wp\/v2\/types\/page"}],"author":[{"embeddable":true,"href":"https:\/\/www.houstontexasimmigrationlawyers.com\/es\/wp-json\/wp\/v2\/users\/3"}],"replies":[{"embeddable":true,"href":"https:\/\/www.houstontexasimmigrationlawyers.com\/es\/wp-json\/wp\/v2\/comments?post=2799"}],"version-history":[{"count":3,"href":"https:\/\/www.houstontexasimmigrationlawyers.com\/es\/wp-json\/wp\/v2\/pages\/2799\/revisions"}],"predecessor-version":[{"id":10292,"href":"https:\/\/www.houstontexasimmigrationlawyers.com\/es\/wp-json\/wp\/v2\/pages\/2799\/revisions\/10292"}],"up":[{"embeddable":true,"href":"https:\/\/www.houstontexasimmigrationlawyers.com\/es\/wp-json\/wp\/v2\/pages\/2532"}],"wp:attachment":[{"href":"https:\/\/www.houstontexasimmigrationlawyers.com\/es\/wp-json\/wp\/v2\/media?parent=2799"}],"curies":[{"name":"wp","href":"https:\/\/api.w.org\/{rel}","templated":true}]}}