{"id":2786,"date":"2025-02-24T11:43:46","date_gmt":"2025-02-24T11:43:46","guid":{"rendered":"https:\/\/www.houstontexasimmigrationlawyers.com\/conozca-nuestro-equipo\/alexis\/"},"modified":"2025-09-02T19:43:49","modified_gmt":"2025-09-02T19:43:49","slug":"alexis","status":"publish","type":"page","link":"https:\/\/www.houstontexasimmigrationlawyers.com\/es\/conozca-nuestro-equipo\/alexis\/","title":{"rendered":"Alexis"},"content":{"rendered":"\t\t<div data-elementor-type=\"wp-page\" data-elementor-id=\"2786\" class=\"elementor elementor-2786 elementor-988\" data-elementor-post-type=\"page\">\n\t\t\t\t<div class=\"elementor-element elementor-element-538c2d9 e-flex e-con-boxed wpr-particle-no wpr-jarallax-no wpr-parallax-no wpr-sticky-section-no wpr-equal-height-no e-con e-parent\" data-id=\"538c2d9\" data-element_type=\"container\" data-e-type=\"container\" data-settings=\"{&quot;background_background&quot;:&quot;classic&quot;}\">\n\t\t\t\t\t<div class=\"e-con-inner\">\n\t\t<div class=\"elementor-element elementor-element-f19aa85 e-con-full e-flex wpr-particle-no wpr-jarallax-no wpr-parallax-no wpr-sticky-section-no wpr-equal-height-no e-con e-child\" data-id=\"f19aa85\" data-element_type=\"container\" data-e-type=\"container\">\n\t\t<div class=\"elementor-element elementor-element-3f0d593 e-con-full e-flex wpr-particle-no wpr-jarallax-no wpr-parallax-no wpr-sticky-section-no wpr-equal-height-no e-con e-child\" data-id=\"3f0d593\" data-element_type=\"container\" data-e-type=\"container\">\n\t\t<div class=\"elementor-element elementor-element-760f576 e-con-full e-flex wpr-particle-no wpr-jarallax-no wpr-parallax-no wpr-sticky-section-no wpr-equal-height-no e-con e-child\" data-id=\"760f576\" data-element_type=\"container\" data-e-type=\"container\">\n\t\t\t\t<div class=\"elementor-element elementor-element-b92504e elementor-widget elementor-widget-image\" data-id=\"b92504e\" data-element_type=\"widget\" data-e-type=\"widget\" data-widget_type=\"image.default\">\n\t\t\t\t<div class=\"elementor-widget-container\">\n\t\t\t\t\t\t\t\t\t\t\t\t\t\t\t<img decoding=\"async\" width=\"380\" height=\"500\" src=\"https:\/\/www.houstontexasimmigrationlawyers.com\/wp-content\/uploads\/2025\/09\/alexis-coordinador-de-satisfaccion-de-clientes-en-houston-texas-immigration-lawyers.jpg\" class=\"attachment-full size-full wp-image-10102\" alt=\"Alexis Coordinador De Satisfaccion De Clientes En Houston Immigration Lawyers\" srcset=\"https:\/\/www.houstontexasimmigrationlawyers.com\/wp-content\/uploads\/2025\/09\/alexis-coordinador-de-satisfaccion-de-clientes-en-houston-texas-immigration-lawyers.jpg 380w, https:\/\/www.houstontexasimmigrationlawyers.com\/wp-content\/uploads\/2025\/09\/alexis-coordinador-de-satisfaccion-de-clientes-en-houston-texas-immigration-lawyers-228x300.jpg 228w\" sizes=\"(max-width: 380px) 100vw, 380px\" \/>\t\t\t\t\t\t\t\t\t\t\t\t\t\t\t<\/div>\n\t\t\t\t<\/div>\n\t\t\t\t<\/div>\n\t\t<div class=\"elementor-element elementor-element-1c8a617 e-con-full e-flex wpr-particle-no wpr-jarallax-no wpr-parallax-no wpr-sticky-section-no wpr-equal-height-no e-con e-child\" data-id=\"1c8a617\" data-element_type=\"container\" data-e-type=\"container\">\n\t\t\t\t<div class=\"elementor-element elementor-element-35fc02b elementor-widget elementor-widget-heading\" data-id=\"35fc02b\" data-element_type=\"widget\" data-e-type=\"widget\" data-widget_type=\"heading.default\">\n\t\t\t\t<div class=\"elementor-widget-container\">\n\t\t\t\t\t<h1 class=\"elementor-heading-title elementor-size-default\">Alexis<\/h1>\t\t\t\t<\/div>\n\t\t\t\t<\/div>\n\t\t\t\t<div class=\"elementor-element elementor-element-cad356a elementor-widget-divider--view-line_text elementor-widget-divider--element-align-left elementor-widget elementor-widget-divider\" data-id=\"cad356a\" data-element_type=\"widget\" data-e-type=\"widget\" data-widget_type=\"divider.default\">\n\t\t\t\t<div class=\"elementor-widget-container\">\n\t\t\t\t\t\t\t<div class=\"elementor-divider\">\n\t\t\t<span class=\"elementor-divider-separator\">\n\t\t\t\t\t\t\t<span class=\"elementor-divider__text elementor-divider__element\">\n\t\t\t\tCoordinador de satisfacci\u00f3n de clientes\t\t\t\t<\/span>\n\t\t\t\t\t\t<\/span>\n\t\t<\/div>\n\t\t\t\t\t\t<\/div>\n\t\t\t\t<\/div>\n\t\t\t\t<div class=\"elementor-element elementor-element-cc8af4b elementor-widget elementor-widget-text-editor\" data-id=\"cc8af4b\" data-element_type=\"widget\" data-e-type=\"widget\" data-widget_type=\"text-editor.default\">\n\t\t\t\t<div class=\"elementor-widget-container\">\n\t\t\t\t\t\t\t\t\t<p><span style=\"font-weight: 400;\">Crec\u00ed en Guadalajara, M\u00e9xico, donde la m\u00fasica, los videojuegos y los deportes siempre han sido una parte importante de mi vida. El f\u00fatbol europeo y la F\u00f3rmula 1 son mis favoritos: he pasado casi todos los fines de semana con mi familia viendo las carreras de F1. Ha sido nuestra tradici\u00f3n desde que tengo uso de raz\u00f3n. <\/span><\/p><p><span style=\"font-weight: 400;\">Antes de incorporarme a Houston Immigration Lawyers, trabaj\u00e9 en el comercio minorista y en atenci\u00f3n al cliente. Me gustaba ayudar a la gente, pero era frustrante ver c\u00f3mo las empresas ignoraban sus necesidades. Escuchar quejas constantes sobre el mal servicio me hac\u00eda sentir avergonzada de representar a empresas a las que no parec\u00eda importarles. <\/span><\/p><p><span style=\"font-weight: 400;\">Aqu\u00ed es completamente diferente. El nivel de cuidado y atenci\u00f3n que se presta a cada cliente es incre\u00edble. Si se produce un error, el equipo no lo ignora: lo soluciona. Todo el mundo cree de verdad en la misi\u00f3n de la firma: dar a los clientes tranquilidad y un nuevo comienzo para sus familias. <\/span><\/p><p><span style=\"font-weight: 400;\">Ver que mis compa\u00f1eros se toman esa misi\u00f3n a pecho me empuja a dar lo mejor de m\u00ed cada d\u00eda. Me encanta saber que mi trabajo marca una diferencia real, y no podr\u00eda estar m\u00e1s contenta de formar parte de este equipo. <\/span><\/p>\t\t\t\t\t\t\t\t<\/div>\n\t\t\t\t<\/div>\n\t\t\t\t<\/div>\n\t\t\t\t<\/div>\n\t\t\t\t<\/div>\n\t\t\t\t\t<\/div>\n\t\t\t\t<\/div>\n\t\t<div class=\"elementor-element elementor-element-2c1f700 e-flex e-con-boxed wpr-particle-no wpr-jarallax-no wpr-parallax-no wpr-sticky-section-no wpr-equal-height-no e-con e-parent\" data-id=\"2c1f700\" data-element_type=\"container\" data-e-type=\"container\" data-settings=\"{&quot;background_background&quot;:&quot;classic&quot;}\">\n\t\t\t\t\t<div class=\"e-con-inner\">\n\t\t\t\t<div class=\"elementor-element elementor-element-349d684 elementor-widget elementor-widget-heading\" data-id=\"349d684\" data-element_type=\"widget\" data-e-type=\"widget\" data-widget_type=\"heading.default\">\n\t\t\t\t<div class=\"elementor-widget-container\">\n\t\t\t\t\t<h4 class=\"elementor-heading-title elementor-size-default\"><a href=\"https:\/\/www.houstontexasimmigrationlawyers.com\/es\/contactenos\/\">D\u00c9JENOS PONER NUESTROS CONOCIMIENTOS Y EXPERIENCIA A SU SERVICIO.<\/a><\/h4>\t\t\t\t<\/div>\n\t\t\t\t<\/div>\n\t\t\t\t\t<\/div>\n\t\t\t\t<\/div>\n\t\t\t\t<\/div>\n\t\t","protected":false},"excerpt":{"rendered":"<p>Alexis Coordinador de satisfacci\u00f3n de clientes Crec\u00ed en Guadalajara, M\u00e9xico, donde la m\u00fasica, los videojuegos y los deportes siempre han sido una parte importante de mi vida. El f\u00fatbol europeo y la F\u00f3rmula 1 son mis favoritos: he pasado casi todos los fines de semana con mi familia viendo las carreras de F1. Ha sido nuestra tradici\u00f3n desde que tengo uso de raz\u00f3n. Antes de incorporarme a Houston Immigration Lawyers, trabaj\u00e9 en el comercio minorista y en atenci\u00f3n al cliente. Me gustaba ayudar a la gente, pero era frustrante ver c\u00f3mo las empresas ignoraban sus necesidades. Escuchar quejas constantes sobre el mal servicio me hac\u00eda sentir avergonzada de representar a empresas a las que no parec\u00eda importarles. Aqu\u00ed es completamente diferente. El nivel de cuidado y atenci\u00f3n que se presta a cada cliente es incre\u00edble. Si se produce un error, el equipo no lo ignora: lo soluciona. Todo el mundo cree de verdad en la misi\u00f3n de la firma: dar a los clientes tranquilidad y un nuevo comienzo para sus familias. Ver que mis compa\u00f1eros se toman esa misi\u00f3n a pecho me empuja a dar lo mejor de m\u00ed cada d\u00eda. Me encanta saber que mi trabajo marca una diferencia real, y no podr\u00eda estar m\u00e1s contenta de formar parte de este equipo. D\u00c9JENOS PONER NUESTROS CONOCIMIENTOS Y EXPERIENCIA A SU SERVICIO.<\/p>\n","protected":false},"author":3,"featured_media":0,"parent":2532,"menu_order":0,"comment_status":"closed","ping_status":"closed","template":"","meta":{"_analytify_skip_tracking":false,"rank_math_title":"Alexis - Nuestro coordinador de satisfacci\u00f3n de clientes","rank_math_description":"Conozca a Alexis, coordinador de satisfacci\u00f3n de clientes en Houston Immigration Lawyers. Ofrece un servicio excepcional y personalizado.","rank_math_focus_keyword":"Alexis","rank_math_canonical_url":"","footnotes":""},"class_list":["post-2786","page","type-page","status-publish","hentry"],"_links":{"self":[{"href":"https:\/\/www.houstontexasimmigrationlawyers.com\/es\/wp-json\/wp\/v2\/pages\/2786","targetHints":{"allow":["GET"]}}],"collection":[{"href":"https:\/\/www.houstontexasimmigrationlawyers.com\/es\/wp-json\/wp\/v2\/pages"}],"about":[{"href":"https:\/\/www.houstontexasimmigrationlawyers.com\/es\/wp-json\/wp\/v2\/types\/page"}],"author":[{"embeddable":true,"href":"https:\/\/www.houstontexasimmigrationlawyers.com\/es\/wp-json\/wp\/v2\/users\/3"}],"replies":[{"embeddable":true,"href":"https:\/\/www.houstontexasimmigrationlawyers.com\/es\/wp-json\/wp\/v2\/comments?post=2786"}],"version-history":[{"count":3,"href":"https:\/\/www.houstontexasimmigrationlawyers.com\/es\/wp-json\/wp\/v2\/pages\/2786\/revisions"}],"predecessor-version":[{"id":10220,"href":"https:\/\/www.houstontexasimmigrationlawyers.com\/es\/wp-json\/wp\/v2\/pages\/2786\/revisions\/10220"}],"up":[{"embeddable":true,"href":"https:\/\/www.houstontexasimmigrationlawyers.com\/es\/wp-json\/wp\/v2\/pages\/2532"}],"wp:attachment":[{"href":"https:\/\/www.houstontexasimmigrationlawyers.com\/es\/wp-json\/wp\/v2\/media?parent=2786"}],"curies":[{"name":"wp","href":"https:\/\/api.w.org\/{rel}","templated":true}]}}