{"id":2768,"date":"2025-03-20T21:09:46","date_gmt":"2025-03-20T21:09:46","guid":{"rendered":"https:\/\/www.houstontexasimmigrationlawyers.com\/areas-de-practica\/"},"modified":"2026-03-27T14:35:01","modified_gmt":"2026-03-27T14:35:01","slug":"areas-de-practica","status":"publish","type":"page","link":"https:\/\/www.houstontexasimmigrationlawyers.com\/es\/areas-de-practica\/","title":{"rendered":"\u00c1reas de pr\u00e1ctica"},"content":{"rendered":"\t\t<div data-elementor-type=\"wp-page\" data-elementor-id=\"2768\" class=\"elementor elementor-2768 elementor-2492\" data-elementor-post-type=\"page\">\n\t\t\t\t<div class=\"elementor-element elementor-element-dac9e78 e-flex e-con-boxed wpr-particle-no wpr-jarallax-no wpr-parallax-no wpr-sticky-section-no wpr-equal-height-no e-con e-parent\" data-id=\"dac9e78\" data-element_type=\"container\" data-e-type=\"container\" data-settings=\"{&quot;background_background&quot;:&quot;classic&quot;}\">\n\t\t\t\t\t<div class=\"e-con-inner\">\n\t\t\t\t<div class=\"elementor-element elementor-element-da8527c elementor-widget-divider--view-line_text elementor-widget-divider--element-align-center elementor-widget elementor-widget-divider\" data-id=\"da8527c\" data-element_type=\"widget\" data-e-type=\"widget\" data-widget_type=\"divider.default\">\n\t\t\t\t<div class=\"elementor-widget-container\">\n\t\t\t\t\t\t\t<div class=\"elementor-divider\">\n\t\t\t<span class=\"elementor-divider-separator\">\n\t\t\t\t\t\t\t<h1 class=\"elementor-divider__text elementor-divider__element\">\n\t\t\t\t\u00c1reas de pr\u00e1ctica de Houston Immigration Lawyers\t\t\t\t<\/h1>\n\t\t\t\t\t\t<\/span>\n\t\t<\/div>\n\t\t\t\t\t\t<\/div>\n\t\t\t\t<\/div>\n\t\t\t\t<div class=\"elementor-element elementor-element-d5e2011 elementor-widget elementor-widget-html\" data-id=\"d5e2011\" data-element_type=\"widget\" data-e-type=\"widget\" data-widget_type=\"html.default\">\n\t\t\t\t<div class=\"elementor-widget-container\">\n\t\t\t\t\t<div id=\"practice-areas\" class=\"owl-carousel\">\r\n    <div class=\"item\">\r\n\t<a href=\"https:\/\/www.houstontexasimmigrationlawyers.com\/es\/areas-de-practica\/asilo\/\">\r\n        <div class=\"image-container\">\r\n            <img decoding=\"async\" loading=\"lazy\" src=\"https:\/\/www.houstontexasimmigrationlawyers.com\/wp-content\/uploads\/2025\/09\/experimentados-abogados-de-asilo-en-houston-tx.jpg\" alt=\"Abogados de asilo en Houston, Texas\">\r\n            <div class=\"hover-text\">\u00bfEst\u00e1 huyendo de persecuci\u00f3n o teme por su seguridad? En Houston Immigration Lawyers, entendemos lo desafi ante que puede ser el proceso de asilo. Nuestros abogados se ofrecen para brindarle el apoyo que necesita, ayud\u00e1ndole a solicitar asilo y asegur\u00e1ndose de que navegue por las complejidades de la ley de inmigraci\u00f3n. Ya sea que busque refugio para usted o su familia, le guiaremos en cada paso para asegurar la protecci\u00f3n que merece en los EE.UU.<\/div>\r\n        <\/div>\r\n        <h2 class=\"text-below\">\r\n            Asilo\r\n        <\/h2>\r\n\t<\/a>\r\n    <\/div>\r\n    <div class=\"item\">\r\n\t<a href=\"https:\/\/www.houstontexasimmigrationlawyers.com\/es\/areas-de-practica\/ajuste-de-estatus\/\">\r\n        <div class=\"image-container\">\r\n            <img decoding=\"async\" loading=\"lazy\" src=\"https:\/\/www.houstontexasimmigrationlawyers.com\/wp-content\/uploads\/2025\/09\/abogados-de-ajuste-de-estatus-en-houston-tx.jpg\" alt=\"Abogado de ajuste de Estatus en Houston, Texas\">\r\n            <div class=\"hover-text\">Si ya se encuentra en los EE.UU. y desea convertirse en residente permanente legal, en Houston Immigration Lawyers podemos ayudarle con el proceso de Ajuste de Estatus. Nuestro equipo legal experimentado asegura que su solicitud sea procesada sin problemas, ayud\u00e1ndole a pasar de un estatus temporal a ser titular de una Green Card, todo mientras permanece en el pa\u00eds.<\/div>\r\n        <\/div>\r\n        <h2 class=\"text-below\">\r\n            Ajuste de Estatus\r\n        <\/h2>\r\n\t<\/a>\r\n    <\/div>\r\n    <div class=\"item\">\r\n\t<a href=\"https:\/\/www.houstontexasimmigrationlawyers.com\/es\/areas-de-practica\/inmigracion-familiar\/\">\r\n        <div class=\"image-container\">\r\n            <img decoding=\"async\" loading=\"lazy\" src=\"https:\/\/www.houstontexasimmigrationlawyers.com\/wp-content\/uploads\/2025\/09\/inmigracion-familiar-con-houston-texas-immigration-lawyers.jpg\" alt=\"Abogada de Inmigraci\u00f3n Familiar en Houston, Texas\">\r\n            <div class=\"hover-text\">Reunirse con sus seres queridos es una de las decisiones m\u00e1s importantes que puede tomar. En Houston Immigration Lawyers, nos especializamos en casos de inmigraci\u00f3n basada en la familia, asistiendo con peticiones para c\u00f3nyuges, hijos, padres y hermanos. Guiamos a las familias a trav\u00e9s del proceso de Visa, ayud\u00e1ndoles a traer a sus miembros familiares a los EE.UU. y asegurar un futuro juntos.<\/div>\r\n        <\/div>\r\n        <h2 class=\"text-below\">\r\n            Inmigraci\u00f3n Familiar\r\n        <\/h2>\r\n\t<\/a>\r\n    <\/div>\r\n    <div class=\"item\">\r\n\t<a href=\"https:\/\/www.houstontexasimmigrationlawyers.com\/es\/areas-de-practica\/visas-temporales\/\">\r\n        <div class=\"image-container\">\r\n            <img decoding=\"async\" loading=\"lazy\" src=\"https:\/\/www.houstontexasimmigrationlawyers.com\/wp-content\/uploads\/2025\/09\/abogado-para-visa-temporaria-en-houston-texas.jpg\" alt=\"Firma de abogados de Visas Temporales en Houston, Texas\">\r\n            <div class=\"hover-text\">Ya sea que necesite una visa para trabajar, estudiar o realizar una visita breve, Houston Immigration Lawyers est\u00e1 aqu\u00ed para ayudarle. Manejamos una variedad de casos de visas temporales, asegur\u00e1ndonos de que cumpla con todos los requisitos necesarios. Desde viajes de negocios hasta oportunidades acad\u00e9micas, nuestros abogados trabajan diligentemente para asegurarse de que reciba la visa adecuada para sus necesidades.<\/div>\r\n        <\/div>\r\n        <h2 class=\"text-below\">\r\n            Visas Temporales\r\n        <\/h2>\r\n\t<\/a>\r\n    <\/div>\r\n    <div class=\"item\">\r\n\t<a href=\"https:\/\/www.houstontexasimmigrationlawyers.com\/es\/areas-de-practica\/green-card\/\">\r\n        <div class=\"image-container\">\r\n            <img decoding=\"async\" loading=\"lazy\" src=\"https:\/\/www.houstontexasimmigrationlawyers.com\/wp-content\/uploads\/2025\/09\/abogados-de-green-card-en-houston-texas.jpg\" alt=\"Abogados de Green Card cerca de Houston, Texas\">\r\n            <div class=\"hover-text\">Una Green Card es su puerta de entrada a un futuro permanente y estable en los EE.UU. Si est\u00e1 buscando solicitar la residencia permanente legal, Houston Immigration Lawyers puede asistirle. Ya sea a trav\u00e9s de patrocinio familiar, empleo o programas humanitarios, nuestros abogados aseguran que su solicitud sea completa y tenga la mejor oportunidad de ser aprobada.<\/div>\r\n        <\/div>\r\n        <h2 class=\"text-below\">\r\n            Green Cards\r\n        <\/h2>\r\n\t<\/a>\r\n    <\/div>\r\n    <div class=\"item\">\r\n\t<a href=\"https:\/\/www.houstontexasimmigrationlawyers.com\/es\/areas-de-practica\/ciudadania\/\">\r\n        <div class=\"image-container\">\r\n            <img decoding=\"async\" loading=\"lazy\" src=\"https:\/\/www.houstontexasimmigrationlawyers.com\/wp-content\/uploads\/2025\/09\/abogados-de-inmigracion-para-ciudadania-en-houston-tx.jpg\" alt=\"Abogados de Ciudadan\u00eda en Houston, Texas cerca m\u00edo\">\r\n            <div class=\"hover-text\">Convertirse en ciudadano de los EE.UU. es un hito emocionante. En Houston Immigration Lawyers, ayudamos a los inmigrantes a navegar por el proceso de naturalizaci\u00f3n. Nuestro equipo le preparar\u00e1 para cada paso, desde cumplir con los requisitos de elegibilidad hasta manejar la entrevista y el examen. Con nuestra orientaci\u00f3n, podr\u00e1 dar el siguiente paso hacia la ciudadan\u00eda estadounidense con confianza.<\/div>\r\n        <\/div>\r\n        <h2 class=\"text-below\">\r\n            Ciudadan\u00eda\r\n        <\/h2>\r\n\t<\/a>\r\n    <\/div>\r\n    <div class=\"item\">\r\n\t<a href=\"https:\/\/www.houstontexasimmigrationlawyers.com\/es\/areas-de-practica\/inmigracion-basada-en-el-empleo\/\">\r\n        <div class=\"image-container\">\r\n            <img decoding=\"async\" loading=\"lazy\" src=\"https:\/\/www.houstontexasimmigrationlawyers.com\/wp-content\/uploads\/2025\/09\/abogados-para-visa-basada-en-empleo-en-houston.jpg\" alt=\"Firma de abogac\u00eda de Visas de Trabajo en Houston, Texas\">\r\n            <div class=\"hover-text\">Contratar talento internacional puede ser un proceso complicado, pero Houston Immigration Lawyers est\u00e1 aqu\u00ed para facilitarlo. Nuestros abogados ayudan a las empresas a obtener las visas de trabajo necesarias para profesionales califi cados, incluyendo Visas H-1B y L-1. Aseguramos que su empresa cumpla con las leyes de inmigraci\u00f3n mientras incorpora el talento que necesita.<\/div>\r\n        <\/div>\r\n        <h2 class=\"text-below\">\r\n            Visa de Trabajo (Empleadores)\r\n        <\/h2>\r\n\t<\/a>\r\n    <\/div>\r\n    <div class=\"item\">\r\n\t<a href=\"https:\/\/www.houstontexasimmigrationlawyers.com\/es\/areas-de-practica\/deportacion\/\">\r\n        <div class=\"image-container\">\r\n            <img decoding=\"async\" loading=\"lazy\" src=\"https:\/\/www.houstontexasimmigrationlawyers.com\/wp-content\/uploads\/2025\/09\/abogada-de-defensa-contra-la-deportacion-en-houston-tx.jpg\" alt=\"Abogadas de Defensa Contra la Deportaci\u00f3n en Houston, Texas\">\r\n            <div class=\"hover-text\">Enfrentar la deportaci\u00f3n puede ser una experiencia aterradora, pero Houston Immigration Lawyers est\u00e1 aqu\u00ed para defender sus derechos. Si enfrenta procedimientos de expulsi\u00f3n, nuestros abogados trabajan incansablemente para explorar todas las opciones legales, incluido el asilo y perdones migratorios, para ayudarle a permanecer en los EE.UU. y estar con su familia.<\/div>\r\n        <\/div>\r\n        <h2 class=\"text-below\">\r\n            Defensa Contra la Deportaci\u00f3n\r\n        <\/h2>\r\n\t<\/a>\r\n    <\/div>\r\n    <div class=\"item\">\r\n\t<a href=\"https:\/\/www.houstontexasimmigrationlawyers.com\/es\/areas-de-practica\/apelaciones\/\">\r\n        <div class=\"image-container\">\r\n            <img decoding=\"async\" loading=\"lazy\" src=\"https:\/\/www.houstontexasimmigrationlawyers.com\/wp-content\/uploads\/2025\/09\/experimentados-abogados-para-apelaciones-de-inmigracion-en-houston.jpg\" alt=\"Abogados de Apelaciones de Inmigraci\u00f3n cerca de Houston, Texas\">\r\n            <div class=\"hover-text\">Si su caso de inmigraci\u00f3n fue negado, no pierda la esperanza. Houston Immigration Lawyers se especializa en apelaciones migratorias , trabajando arduamente para impugnar decisiones injustas y lograr un resultado positivo para usted. Estamos comprometidos en reabrir su caso y luchar por su derecho a permanecer en los EE.UU.<\/div>\r\n        <\/div>\r\n        <h2 class=\"text-below\">\r\n            Apelaciones de Inmigraci\u00f3n\r\n        <\/h2>\r\n\t<\/a>\r\n    <\/div>\r\n    <div class=\"item\">\r\n\t<a href=\"https:\/\/www.houstontexasimmigrationlawyers.com\/es\/areas-de-practica\/vawa\/\">\r\n        <div class=\"image-container\">\r\n            <img decoding=\"async\" loading=\"lazy\" src=\"https:\/\/www.houstontexasimmigrationlawyers.com\/wp-content\/uploads\/2025\/09\/abogada-de-vawa-en-houston-tx.jpg\" alt=\"Abogados de VAWA en Houston, Texas\">\r\n            <div class=\"hover-text\">Si ha sufrido abuso por parte de un c\u00f3nyuge, padre o hijo ciudadano o residente permanente de los EE.UU., puede califi car para una Green Card bajo la Ley de Violencia contra la Mujer (VAWA). En Houston Immigration Lawyers, ofrecemos apoyo compasivo a sobrevivientes, ayud\u00e1ndoles a obtener estatus legal y protecci\u00f3n mientras sana y reconstruye su vida.<\/div>\r\n        <\/div>\r\n        <h2 class=\"text-below\">\r\n            VAWA (Ley de Violencia Contra la Mujer)\r\n        <\/h2>\r\n\t<\/a>\r\n    <\/div>\r\n<\/div>\r\n\r\n<script src=\"https:\/\/cdnjs.cloudflare.com\/ajax\/libs\/jquery\/3.6.0\/jquery.min.js\"><\/script>\r\n<link rel=\"stylesheet\" href=\"https:\/\/cdnjs.cloudflare.com\/ajax\/libs\/OwlCarousel2\/2.3.4\/assets\/owl.carousel.min.css\">\r\n<link rel=\"stylesheet\" href=\"https:\/\/cdnjs.cloudflare.com\/ajax\/libs\/OwlCarousel2\/2.3.4\/assets\/owl.theme.default.min.css\">\r\n<script src=\"https:\/\/cdnjs.cloudflare.com\/ajax\/libs\/OwlCarousel2\/2.3.4\/owl.carousel.min.js\"><\/script>\r\n<script>\r\n    $(document).ready(function(){\r\n        $(\"#practice-areas\").owlCarousel({\r\n            loop: false,\r\n            rewind: true,\r\n            margin: 20,\r\n            nav: true,\r\n           navText: [\"<div class='nav-btn prev-slide'>\u2b60<\/div>\", \"<div class='nav-btn next-slide'>\u2b62<\/div>\"],\r\n\t\t    autoplay:true,\r\n    \t\tautoplayTimeout:5000,\r\n    \t\tautoplayHoverPause:true,\r\n           responsive: {\r\n                0: {\r\n                    items: 1\r\n                },\r\n                600: {\r\n                    items: 2\r\n                },\r\n                1025: {\r\n                    items: 3\r\n                }\r\n            }\r\n        });\r\n    });\r\n<\/script>\r\n\r\n<style>\r\n\t.owl-carousel .owl-nav button.owl-next, .owl-carousel .owl-nav button.owl-prev, .owl-carousel button.owl-dot{\r\n    font-size: 25px;  \r\n\t}\r\n    .owl-carousel .owl-nav .owl-prev, .owl-carousel .owl-nav .owl-next {\r\n        position: absolute;\r\n        top: 50%;\r\n        transform: translateY(-50%);\r\n        display: block !important;\r\n        border: 2px solid #fdde0a !important;\r\n        width: 40px;\r\n        height: 40px;\r\n        background: black !important;\r\n      color: #fdde0a !important;\r\n       border-radius: 0px !important;\r\n    }\r\n    .owl-carousel .owl-nav .owl-prev:hover, .owl-carousel .owl-nav .owl-next:hover {\r\n    background: #fdde0a !important;\r\n    color: #000 !important;\r\n    transition: .2s;\r\n    box-shadow: #000 -4px 6px !important;\r\n   \r\n    }\r\n    .owl-carousel .owl-nav .owl-prev { left: -65px; }\r\n    .owl-carousel .owl-nav .owl-next { right: -65px; }\r\n    .owl-carousel .owl-nav { margin-top: -22px; } \r\n\r\n\t.item{\r\n\t\tbackground-color: black;\r\n\t\t\r\n\t}\r\n\r\n    .image-container {\r\n        position: relative;\r\n        width: 100%;\r\n \t    aspect-ratio: 1 !important;\r\n    }\r\n    \r\n    .image-container img {\r\n        width: 100%;\r\n        display: block;\r\n      aspect-ratio: 1;\r\n      object-fit: cover;\r\n      \r\n    }\r\n    \r\n    .hover-text {\r\n        position: absolute;\r\n        top: 0;\r\n        left: 0;\r\n        width: 100%;\r\n        height: 100%;\r\n        display: flex;\r\n        align-items: center;\r\n        justify-content: center;\r\n        background: rgba(0, 0, 0, 0.6);\r\n        color: white;\r\n        opacity: 0;\r\n        transition: opacity 0.3s ease;\r\n      padding: 15px;\r\n    }\r\n    \r\n    .image-container:hover .hover-text {\r\n        opacity: 1;        \r\n    }\r\n    .item .text-below{\r\n      padding: 10px;\r\n      background-color: #000;\r\n      text-align: center;\r\n      font-size: 20px !important;\r\n      font-weight: 600 !important;\r\n\t  min-height: 85px;\r\n\t  font-family: \"Playfair Display\", sans-serif !important;\r\n      align-content: center;\r\n      color: #ffbc00;\r\n      margin: 0 !important;\r\n      border: solid 2px #fdde0a;\r\n}\r\n.item:hover .text-below{\r\n    background-color: #ffbc00;\r\n    color: #000;\r\n}\r\n@media screen and (max-width:1025px) {  \r\n    .owl-carousel .owl-nav .owl-prev { left: -30px; }\r\n    .owl-carousel .owl-nav .owl-next { right: -30px; }\r\n}\r\n<\/style>\r\n\t\t\t\t<\/div>\n\t\t\t\t<\/div>\n\t\t\t\t\t<\/div>\n\t\t\t\t<\/div>\n\t\t<div class=\"elementor-element elementor-element-0a5df71 e-flex e-con-boxed wpr-particle-no wpr-jarallax-no wpr-parallax-no wpr-sticky-section-no wpr-equal-height-no e-con e-parent\" data-id=\"0a5df71\" data-element_type=\"container\" data-e-type=\"container\" data-settings=\"{&quot;background_background&quot;:&quot;classic&quot;}\">\n\t\t\t\t\t<div class=\"e-con-inner\">\n\t\t<div class=\"elementor-element elementor-element-7b3dffe e-con-full e-flex wpr-particle-no wpr-jarallax-no wpr-parallax-no wpr-sticky-section-no wpr-equal-height-no e-con e-child\" data-id=\"7b3dffe\" data-element_type=\"container\" data-e-type=\"container\">\n\t\t\t\t<div class=\"elementor-element elementor-element-1accb6d elementor-widget elementor-widget-heading\" data-id=\"1accb6d\" data-element_type=\"widget\" data-e-type=\"widget\" data-widget_type=\"heading.default\">\n\t\t\t\t<div class=\"elementor-widget-container\">\n\t\t\t\t\t<h2 class=\"elementor-heading-title elementor-size-default\">Qu\u00e9 hacemos\n\n\n\n\n\n\n\n\n\n\n\n\n\n\n\n\n\n\n\n\n\n\n\n\n\n\n\n\n\n\n\n\n\n\n\n\n<\/h2>\t\t\t\t<\/div>\n\t\t\t\t<\/div>\n\t\t\t\t<div class=\"elementor-element elementor-element-60a5d8e elementor-widget elementor-widget-text-editor\" data-id=\"60a5d8e\" data-element_type=\"widget\" data-e-type=\"widget\" data-widget_type=\"text-editor.default\">\n\t\t\t\t<div class=\"elementor-widget-container\">\n\t\t\t\t\t\t\t\t\t<p>En <a href=\"https:\/\/www.houstontexasimmigrationlawyers.com\/es\/\">Houston Immigration Lawyers<\/a>, nos especializamos en la prestaci\u00f3n de servicios legales fiables para las personas y familias que navegan por las complejidades de la ley de inmigraci\u00f3n.<\/p><p>Si usted est\u00e1 buscando ayuda con una Green Card, inmigraci\u00f3n familiar, Visas de Trabajo, o la defensa contra la deportaci\u00f3n, nuestro experimentado equipo est\u00e1 aqu\u00ed para ayudar. Como un abogado de inmigraci\u00f3n en Houston de confianza, ofrecemos soluciones personalizadas y rentables adaptadas a sus necesidades \u00fanicas. Perm\u00edtanos guiarle a trav\u00e9s de cada paso del proceso de inmigraci\u00f3n con dedicaci\u00f3n y cuidado, asegurando el mejor resultado posible para su caso.<\/p>\t\t\t\t\t\t\t\t<\/div>\n\t\t\t\t<\/div>\n\t\t\t\t<\/div>\n\t\t\t\t\t<\/div>\n\t\t\t\t<\/div>\n\t\t\t\t<\/div>\n\t\t","protected":false},"excerpt":{"rendered":"<p>\u00c1reas de pr\u00e1ctica de Houston Immigration Lawyers \u00bfEst\u00e1 huyendo de persecuci\u00f3n o teme por su seguridad? En Houston Immigration Lawyers, entendemos lo desafi ante que puede ser el proceso de asilo. Nuestros abogados se ofrecen para brindarle el apoyo que necesita, ayud\u00e1ndole a solicitar asilo y asegur\u00e1ndose de que navegue por las complejidades de la ley de inmigraci\u00f3n. Ya sea que busque refugio para usted o su familia, le guiaremos en cada paso para asegurar la protecci\u00f3n que merece en los EE.UU. Asilo Si ya se encuentra en los EE.UU. y desea convertirse en residente permanente legal, en Houston Immigration Lawyers podemos ayudarle con el proceso de Ajuste de Estatus. Nuestro equipo legal experimentado asegura que su solicitud sea procesada sin problemas, ayud\u00e1ndole a pasar de un estatus temporal a ser titular de una Green Card, todo mientras permanece en el pa\u00eds. Ajuste de Estatus Reunirse con sus seres queridos es una de las decisiones m\u00e1s importantes que puede tomar. En Houston Immigration Lawyers, nos especializamos en casos de inmigraci\u00f3n basada en la familia, asistiendo con peticiones para c\u00f3nyuges, hijos, padres y hermanos. Guiamos a las familias a trav\u00e9s del proceso de Visa, ayud\u00e1ndoles a traer a sus miembros familiares a los EE.UU. y asegurar un futuro juntos. Inmigraci\u00f3n Familiar Ya sea que necesite una visa para trabajar, estudiar o realizar una visita breve, Houston Immigration Lawyers est\u00e1 aqu\u00ed para ayudarle. Manejamos una variedad de casos de visas temporales, asegur\u00e1ndonos de que cumpla con todos los requisitos necesarios. Desde viajes de negocios hasta oportunidades acad\u00e9micas, nuestros abogados trabajan diligentemente para asegurarse de que reciba la visa adecuada para sus necesidades. Visas Temporales Una Green Card es su puerta de entrada a un futuro permanente y estable en los EE.UU. Si est\u00e1 buscando solicitar la residencia permanente legal, Houston Immigration Lawyers puede asistirle. Ya sea a trav\u00e9s de patrocinio familiar, empleo o programas humanitarios, nuestros abogados aseguran que su solicitud sea completa y tenga la mejor oportunidad de ser aprobada. Green Cards Convertirse en ciudadano de los EE.UU. es un hito emocionante. En Houston Immigration Lawyers, ayudamos a los inmigrantes a navegar por el proceso de naturalizaci\u00f3n. Nuestro equipo le preparar\u00e1 para cada paso, desde cumplir con los requisitos de elegibilidad hasta manejar la entrevista y el examen. Con nuestra orientaci\u00f3n, podr\u00e1 dar el siguiente paso hacia la ciudadan\u00eda estadounidense con confianza. Ciudadan\u00eda Contratar talento internacional puede ser un proceso complicado, pero Houston Immigration Lawyers est\u00e1 aqu\u00ed para facilitarlo. Nuestros abogados ayudan a las empresas a obtener las visas de trabajo necesarias para profesionales califi cados, incluyendo Visas H-1B y L-1. Aseguramos que su empresa cumpla con las leyes de inmigraci\u00f3n mientras incorpora el talento que necesita. Visa de Trabajo (Empleadores) Enfrentar la deportaci\u00f3n puede ser una experiencia aterradora, pero Houston Immigration Lawyers est\u00e1 aqu\u00ed para defender sus derechos. Si enfrenta procedimientos de expulsi\u00f3n, nuestros abogados trabajan incansablemente para explorar todas las opciones legales, incluido el asilo y perdones migratorios, para ayudarle a permanecer en los EE.UU. y estar con su familia. Defensa Contra la Deportaci\u00f3n Si su caso de inmigraci\u00f3n fue negado, no pierda la esperanza. Houston Immigration Lawyers se especializa en apelaciones migratorias , trabajando arduamente para impugnar decisiones injustas y lograr un resultado positivo para usted. Estamos comprometidos en reabrir su caso y luchar por su derecho a permanecer en los EE.UU. Apelaciones de Inmigraci\u00f3n Si ha sufrido abuso por parte de un c\u00f3nyuge, padre o hijo ciudadano o residente permanente de los EE.UU., puede califi car para una Green Card bajo la Ley de Violencia contra la Mujer (VAWA). En Houston Immigration Lawyers, ofrecemos apoyo compasivo a sobrevivientes, ayud\u00e1ndoles a obtener estatus legal y protecci\u00f3n mientras sana y reconstruye su vida. VAWA (Ley de Violencia Contra la Mujer) Qu\u00e9 hacemos En Houston Immigration Lawyers, nos especializamos en la prestaci\u00f3n de servicios legales fiables para las personas y familias que navegan por las complejidades de la ley de inmigraci\u00f3n. Si usted est\u00e1 buscando ayuda con una Green Card, inmigraci\u00f3n familiar, Visas de Trabajo, o la defensa contra la deportaci\u00f3n, nuestro experimentado equipo est\u00e1 aqu\u00ed para ayudar. Como un abogado de inmigraci\u00f3n en Houston de confianza, ofrecemos soluciones personalizadas y rentables adaptadas a sus necesidades \u00fanicas. Perm\u00edtanos guiarle a trav\u00e9s de cada paso del proceso de inmigraci\u00f3n con dedicaci\u00f3n y cuidado, asegurando el mejor resultado posible para su caso.<\/p>\n","protected":false},"author":3,"featured_media":0,"parent":0,"menu_order":0,"comment_status":"closed","ping_status":"closed","template":"","meta":{"_analytify_skip_tracking":false,"rank_math_title":"","rank_math_description":"En Houston Immigration Lawyers, ofrecemos servicios legales fiables para personas y familias en temas de inmigracion","rank_math_focus_keyword":"","rank_math_canonical_url":"","footnotes":""},"class_list":["post-2768","page","type-page","status-publish","hentry"],"_links":{"self":[{"href":"https:\/\/www.houstontexasimmigrationlawyers.com\/es\/wp-json\/wp\/v2\/pages\/2768","targetHints":{"allow":["GET"]}}],"collection":[{"href":"https:\/\/www.houstontexasimmigrationlawyers.com\/es\/wp-json\/wp\/v2\/pages"}],"about":[{"href":"https:\/\/www.houstontexasimmigrationlawyers.com\/es\/wp-json\/wp\/v2\/types\/page"}],"author":[{"embeddable":true,"href":"https:\/\/www.houstontexasimmigrationlawyers.com\/es\/wp-json\/wp\/v2\/users\/3"}],"replies":[{"embeddable":true,"href":"https:\/\/www.houstontexasimmigrationlawyers.com\/es\/wp-json\/wp\/v2\/comments?post=2768"}],"version-history":[{"count":7,"href":"https:\/\/www.houstontexasimmigrationlawyers.com\/es\/wp-json\/wp\/v2\/pages\/2768\/revisions"}],"predecessor-version":[{"id":10032,"href":"https:\/\/www.houstontexasimmigrationlawyers.com\/es\/wp-json\/wp\/v2\/pages\/2768\/revisions\/10032"}],"wp:attachment":[{"href":"https:\/\/www.houstontexasimmigrationlawyers.com\/es\/wp-json\/wp\/v2\/media?parent=2768"}],"curies":[{"name":"wp","href":"https:\/\/api.w.org\/{rel}","templated":true}]}}