{"id":2699,"date":"2025-02-24T12:21:37","date_gmt":"2025-02-24T12:21:37","guid":{"rendered":"https:\/\/www.houstontexasimmigrationlawyers.com\/aviso-de-privacidad-de-sms\/"},"modified":"2026-04-06T20:37:32","modified_gmt":"2026-04-06T20:37:32","slug":"aviso-de-privacidad-de-sms","status":"publish","type":"page","link":"https:\/\/www.houstontexasimmigrationlawyers.com\/es\/aviso-de-privacidad-de-sms\/","title":{"rendered":"Aviso de privacidad de SMS"},"content":{"rendered":"\t\t<div data-elementor-type=\"wp-page\" data-elementor-id=\"2699\" class=\"elementor elementor-2699 elementor-1058\" data-elementor-post-type=\"page\">\n\t\t\t\t<div class=\"elementor-element elementor-element-538c2d9 e-flex e-con-boxed wpr-particle-no wpr-jarallax-no wpr-parallax-no wpr-sticky-section-no wpr-equal-height-no e-con e-parent\" data-id=\"538c2d9\" data-element_type=\"container\" data-e-type=\"container\" data-settings=\"{&quot;background_background&quot;:&quot;classic&quot;}\">\n\t\t\t\t\t<div class=\"e-con-inner\">\n\t\t<div class=\"elementor-element elementor-element-f19aa85 e-con-full e-flex wpr-particle-no wpr-jarallax-no wpr-parallax-no wpr-sticky-section-no wpr-equal-height-no e-con e-child\" data-id=\"f19aa85\" data-element_type=\"container\" data-e-type=\"container\">\n\t\t\t\t<div class=\"elementor-element elementor-element-35fc02b elementor-widget elementor-widget-heading\" data-id=\"35fc02b\" data-element_type=\"widget\" data-e-type=\"widget\" data-widget_type=\"heading.default\">\n\t\t\t\t<div class=\"elementor-widget-container\">\n\t\t\t\t\t<h1 class=\"elementor-heading-title elementor-size-default\">Aviso de privacidad de SMS\n<\/h1>\t\t\t\t<\/div>\n\t\t\t\t<\/div>\n\t\t\t\t<div class=\"elementor-element elementor-element-1fb816d elementor-widget elementor-widget-text-editor\" data-id=\"1fb816d\" data-element_type=\"widget\" data-e-type=\"widget\" data-widget_type=\"text-editor.default\">\n\t\t\t\t<div class=\"elementor-widget-container\">\n\t\t\t\t\t\t\t\t\t<p>Adem\u00e1s de nuestra <a href=\"https:\/\/www.houstontexasimmigrationlawyers.com\/es\/politica-de-privacidad\/\">Pol\u00edtica de privacidad<\/a> general, este aviso describe espec\u00edficamente c\u00f3mo Houston Immigration Lawyers recopila, utiliza y protege la informaci\u00f3n personal relacionada con las comunicaciones por SMS.<\/p><h2><strong>Recopilaci\u00f3n y uso de la informaci\u00f3n de los SMS:<\/strong><\/h2><p>Cuando usted decide relacionarse con nosotros a trav\u00e9s de SMS, podemos recopilar y almacenar la informaci\u00f3n proporcionada en estas comunicaciones, como su n\u00famero de tel\u00e9fono y el contenido de sus mensajes. Esta informaci\u00f3n se utiliza con el fin de responder a sus consultas, proporcionarle la informaci\u00f3n o los servicios que haya solicitado y mantener un registro de nuestras interacciones.<\/p><h2><strong>Consentimiento expreso:<\/strong><\/h2><p>Al iniciar conversaciones por SMS con Houston Immigration Lawyers, usted da su consentimiento expl\u00edcito para que utilicemos su n\u00famero de tel\u00e9fono y el contenido de sus mensajes para los fines indicados. Usted tiene derecho a optar por no recibir m\u00e1s mensajes de texto de nosotros en cualquier momento respondiendo \u00abSTOP\u00bb a nuestros mensajes.<\/p><h2><strong>Seguridad de los datos:<\/strong><\/h2><p>Nos tomamos muy en serio la seguridad de sus datos. Aunque las comunicaciones por SMS son intr\u00ednsecamente menos seguras que otros m\u00e9todos de comunicaci\u00f3n, empleamos medidas t\u00e9cnicas y organizativas razonables para salvaguardar la informaci\u00f3n que comparte con nosotros a trav\u00e9s de estos canales.<\/p><h2><strong>Tarifas de<\/strong> mensajes y <strong>datos:<\/strong><\/h2><p>Es posible que se apliquen tarifas est\u00e1ndar de mensajes y datos a las comunicaciones por SMS. Consulte con su operador de telefon\u00eda m\u00f3vil para conocer los detalles de estas tarifas.<\/p><h2>Proveedores de servicios de <strong>terceros:<\/strong><\/h2><p>Podemos contratar a proveedores de servicios de terceros para que nos ayuden con las comunicaciones por SMS. Estos proveedores est\u00e1n sujetos a obligaciones contractuales para tratar su informaci\u00f3n de forma coherente con nuestra Pol\u00edtica de Privacidad.<\/p><h2><strong>Cambios en la pol\u00edtica:<\/strong><\/h2><p>Al igual que ocurre con nuestra pol\u00edtica de privacidad general, nos reservamos el derecho a modificar este aviso de privacidad de SMS en cualquier momento. Cualquier cambio le ser\u00e1 comunicado a trav\u00e9s de SMS, as\u00ed como en nuestra p\u00e1gina web.<\/p><h2><strong>Informaci\u00f3n de contacto:<\/strong><\/h2><p>Si tiene alguna pregunta o duda sobre nuestras pr\u00e1cticas de SMS o sobre este aviso de privacidad, p\u00f3ngase en contacto con nosotros a trav\u00e9s de la informaci\u00f3n que se indica a continuaci\u00f3n.<\/p><p>Al continuar relacion\u00e1ndose con nosotros a trav\u00e9s de SMS, usted reconoce que ha le\u00eddo y comprendido este aviso de privacidad y acepta sus t\u00e9rminos.<\/p><p>\u00daltima actualizaci\u00f3n: 04\/17\/2025<br \/><strong>Houston Immigration Lawyers<\/strong><br \/>Calle Lousiana 440, Suite 900<br \/>Houston, TX 77002<a href=\"tel:+1-281-944-3866\">(281) 944-3866<\/a><\/p>\t\t\t\t\t\t\t\t<\/div>\n\t\t\t\t<\/div>\n\t\t\t\t<\/div>\n\t\t\t\t\t<\/div>\n\t\t\t\t<\/div>\n\t\t\t\t<\/div>\n\t\t","protected":false},"excerpt":{"rendered":"<p>Aviso de privacidad de SMS Adem\u00e1s de nuestra Pol\u00edtica de privacidad general, este aviso describe espec\u00edficamente c\u00f3mo Houston Immigration Lawyers recopila, utiliza y protege la informaci\u00f3n personal relacionada con las comunicaciones por SMS. Recopilaci\u00f3n y uso de la informaci\u00f3n de los SMS: Cuando usted decide relacionarse con nosotros a trav\u00e9s de SMS, podemos recopilar y almacenar la informaci\u00f3n proporcionada en estas comunicaciones, como su n\u00famero de tel\u00e9fono y el contenido de sus mensajes. Esta informaci\u00f3n se utiliza con el fin de responder a sus consultas, proporcionarle la informaci\u00f3n o los servicios que haya solicitado y mantener un registro de nuestras interacciones. Consentimiento expreso: Al iniciar conversaciones por SMS con Houston Immigration Lawyers, usted da su consentimiento expl\u00edcito para que utilicemos su n\u00famero de tel\u00e9fono y el contenido de sus mensajes para los fines indicados. Usted tiene derecho a optar por no recibir m\u00e1s mensajes de texto de nosotros en cualquier momento respondiendo \u00abSTOP\u00bb a nuestros mensajes. Seguridad de los datos: Nos tomamos muy en serio la seguridad de sus datos. Aunque las comunicaciones por SMS son intr\u00ednsecamente menos seguras que otros m\u00e9todos de comunicaci\u00f3n, empleamos medidas t\u00e9cnicas y organizativas razonables para salvaguardar la informaci\u00f3n que comparte con nosotros a trav\u00e9s de estos canales. Tarifas de mensajes y datos: Es posible que se apliquen tarifas est\u00e1ndar de mensajes y datos a las comunicaciones por SMS. Consulte con su operador de telefon\u00eda m\u00f3vil para conocer los detalles de estas tarifas. Proveedores de servicios de terceros: Podemos contratar a proveedores de servicios de terceros para que nos ayuden con las comunicaciones por SMS. Estos proveedores est\u00e1n sujetos a obligaciones contractuales para tratar su informaci\u00f3n de forma coherente con nuestra Pol\u00edtica de Privacidad. Cambios en la pol\u00edtica: Al igual que ocurre con nuestra pol\u00edtica de privacidad general, nos reservamos el derecho a modificar este aviso de privacidad de SMS en cualquier momento. Cualquier cambio le ser\u00e1 comunicado a trav\u00e9s de SMS, as\u00ed como en nuestra p\u00e1gina web. Informaci\u00f3n de contacto: Si tiene alguna pregunta o duda sobre nuestras pr\u00e1cticas de SMS o sobre este aviso de privacidad, p\u00f3ngase en contacto con nosotros a trav\u00e9s de la informaci\u00f3n que se indica a continuaci\u00f3n. Al continuar relacion\u00e1ndose con nosotros a trav\u00e9s de SMS, usted reconoce que ha le\u00eddo y comprendido este aviso de privacidad y acepta sus t\u00e9rminos. \u00daltima actualizaci\u00f3n: 04\/17\/2025Houston Immigration LawyersCalle Lousiana 440, Suite 900Houston, TX 77002(281) 944-3866<\/p>\n","protected":false},"author":3,"featured_media":0,"parent":0,"menu_order":0,"comment_status":"closed","ping_status":"closed","template":"","meta":{"_analytify_skip_tracking":false,"rank_math_title":"Aviso de privacidad SMS - Houston Immigration Lawyers","rank_math_description":"Conozca c\u00f3mo Houston Immigration Lawyers recopila, usa y protege los datos compartidos por SMS. Lea la pol\u00edtica de privacidad.","rank_math_focus_keyword":"SMS","rank_math_canonical_url":"","footnotes":""},"class_list":["post-2699","page","type-page","status-publish","hentry"],"_links":{"self":[{"href":"https:\/\/www.houstontexasimmigrationlawyers.com\/es\/wp-json\/wp\/v2\/pages\/2699","targetHints":{"allow":["GET"]}}],"collection":[{"href":"https:\/\/www.houstontexasimmigrationlawyers.com\/es\/wp-json\/wp\/v2\/pages"}],"about":[{"href":"https:\/\/www.houstontexasimmigrationlawyers.com\/es\/wp-json\/wp\/v2\/types\/page"}],"author":[{"embeddable":true,"href":"https:\/\/www.houstontexasimmigrationlawyers.com\/es\/wp-json\/wp\/v2\/users\/3"}],"replies":[{"embeddable":true,"href":"https:\/\/www.houstontexasimmigrationlawyers.com\/es\/wp-json\/wp\/v2\/comments?post=2699"}],"version-history":[{"count":12,"href":"https:\/\/www.houstontexasimmigrationlawyers.com\/es\/wp-json\/wp\/v2\/pages\/2699\/revisions"}],"predecessor-version":[{"id":15051,"href":"https:\/\/www.houstontexasimmigrationlawyers.com\/es\/wp-json\/wp\/v2\/pages\/2699\/revisions\/15051"}],"wp:attachment":[{"href":"https:\/\/www.houstontexasimmigrationlawyers.com\/es\/wp-json\/wp\/v2\/media?parent=2699"}],"curies":[{"name":"wp","href":"https:\/\/api.w.org\/{rel}","templated":true}]}}