{"id":2646,"date":"2025-03-21T17:55:39","date_gmt":"2025-03-21T17:55:39","guid":{"rendered":"https:\/\/www.houstontexasimmigrationlawyers.com\/formularios-de-inmigracion-de-ee-uu-y-otros-sitios-web-utiles\/"},"modified":"2025-07-10T18:49:10","modified_gmt":"2025-07-10T18:49:10","slug":"formularios-de-inmigracion-estados-unidos","status":"publish","type":"page","link":"https:\/\/www.houstontexasimmigrationlawyers.com\/es\/formularios-de-inmigracion-estados-unidos\/","title":{"rendered":"Formularios de inmigraci\u00f3n de EE.UU"},"content":{"rendered":"\t\t<div data-elementor-type=\"wp-page\" data-elementor-id=\"2646\" class=\"elementor elementor-2646 elementor-2635\" data-elementor-post-type=\"page\">\n\t\t\t\t<div class=\"elementor-element elementor-element-61d3080d e-flex e-con-boxed wpr-particle-no wpr-jarallax-no wpr-parallax-no wpr-sticky-section-no wpr-equal-height-no e-con e-parent\" data-id=\"61d3080d\" data-element_type=\"container\" data-e-type=\"container\">\n\t\t\t\t\t<div class=\"e-con-inner\">\n\t\t\t\t<div class=\"elementor-element elementor-element-41218f0c elementor-widget elementor-widget-text-editor\" data-id=\"41218f0c\" data-element_type=\"widget\" data-e-type=\"widget\" data-widget_type=\"text-editor.default\">\n\t\t\t\t<div class=\"elementor-widget-container\">\n\t\t\t\t\t\t\t\t\t<h1 style=\"color: #000 !important;\">Formularios de inmigraci\u00f3n de EE.UU Y otros sitios web \u00fatiles<\/h1><hr class=\"wp-block-separator has-alpha-channel-opacity\" \/><p><a href=\"https:\/\/www.uscis.gov\/forms\/forms\" target=\"_blank\" rel=\"noreferrer noopener\">Formularios de Inmigraci\u00f3n del Servicio de Ciudadan\u00eda e Inmigraci\u00f3n de los Estados Unidos (United States Citizenship and Immigration Services &#8211; UCIS)<\/a><\/p><p><a href=\"https:\/\/travel.state.gov\/content\/travel\/en\/passports.html\/forms\/forms_847.html\" target=\"_blank\" rel=\"noreferrer noopener\">Solicitudes y Formularios para el Pasaporte<\/a><\/p><p><a href=\"https:\/\/travel.state.gov\/content\/travel\/en\/us-visas\/visa-information-resources\/forms.html\" target=\"_blank\" rel=\"noreferrer noopener\">Formularios de Solicitud de Visa del Departamento de Estado<\/a><\/p><p><a href=\"https:\/\/www.ssa.gov\/online\/\" target=\"_blank\" rel=\"noreferrer noopener\">Formularios de Seguridad Social<\/a><\/p><p><a href=\"https:\/\/www.irs.gov\/individuals\/article\/0,,id=96287,00.html\" target=\"_blank\" rel=\"noreferrer noopener\">Formulario del IRS para el N\u00famero de Identificaci\u00f3n Personal del Contribuyente (Individual Taxpayer Identification Number &#8211; ITIN)<\/a><\/p><p><a href=\"https:\/\/www.usdoj.gov\/eoir\/formslist.htm\" target=\"_blank\" rel=\"noreferrer noopener\">Formularios de la Oficina Ejecutiva para la Revisi\u00f3n Migratoria (Executive Office for Immigration Review &#8211; EOIR)<\/a><\/p><p><a href=\"https:\/\/webapps.dol.gov\/libraryforms\/\" target=\"_blank\" rel=\"noreferrer noopener\">Formularios del Departamento de Trabajo de los Estados Unidos<\/a><\/p><p><a href=\"https:\/\/www.dps.texas.gov\/section\/driver-license\" target=\"_blank\" rel=\"noreferrer noopener\">Departamento de Seguridad P\u00fablica de Texas &#8211; Divisi\u00f3n de Licencias de Conducir<\/a><\/p><p><a href=\"https:\/\/www.dps.texas.gov\/section\/crime-records\" target=\"_blank\" rel=\"noreferrer noopener\">Departamento de Seguridad P\u00fablica de Texas &#8211; Servicio de Registros Criminales<\/a><\/p><p><a href=\"https:\/\/www.dshs.state.tx.us\/VS\/default.shtm\" target=\"_blank\" rel=\"noreferrer noopener\">Departamento Estatal de Servicios de Salud de Texas &#8211; Estad\u00edsticas Vitales de Texas<\/a><\/p>\t\t\t\t\t\t\t\t<\/div>\n\t\t\t\t<\/div>\n\t\t\t\t\t<\/div>\n\t\t\t\t<\/div>\n\t\t\t\t<\/div>\n\t\t","protected":false},"excerpt":{"rendered":"<p>Formularios de inmigraci\u00f3n de EE.UU Y otros sitios web \u00fatiles Formularios de Inmigraci\u00f3n del Servicio de Ciudadan\u00eda e Inmigraci\u00f3n de los Estados Unidos (United States Citizenship and Immigration Services &#8211; UCIS) Solicitudes y Formularios para el Pasaporte Formularios de Solicitud de Visa del Departamento de Estado Formularios de Seguridad Social Formulario del IRS para el N\u00famero de Identificaci\u00f3n Personal del Contribuyente (Individual Taxpayer Identification Number &#8211; ITIN) Formularios de la Oficina Ejecutiva para la Revisi\u00f3n Migratoria (Executive Office for Immigration Review &#8211; EOIR) Formularios del Departamento de Trabajo de los Estados Unidos Departamento de Seguridad P\u00fablica de Texas &#8211; Divisi\u00f3n de Licencias de Conducir Departamento de Seguridad P\u00fablica de Texas &#8211; Servicio de Registros Criminales Departamento Estatal de Servicios de Salud de Texas &#8211; Estad\u00edsticas Vitales de Texas<\/p>\n","protected":false},"author":3,"featured_media":0,"parent":0,"menu_order":0,"comment_status":"closed","ping_status":"closed","template":"","meta":{"_analytify_skip_tracking":false,"rank_math_title":"","rank_math_description":"","rank_math_focus_keyword":"","rank_math_canonical_url":"","footnotes":""},"class_list":["post-2646","page","type-page","status-publish","hentry"],"_links":{"self":[{"href":"https:\/\/www.houstontexasimmigrationlawyers.com\/es\/wp-json\/wp\/v2\/pages\/2646","targetHints":{"allow":["GET"]}}],"collection":[{"href":"https:\/\/www.houstontexasimmigrationlawyers.com\/es\/wp-json\/wp\/v2\/pages"}],"about":[{"href":"https:\/\/www.houstontexasimmigrationlawyers.com\/es\/wp-json\/wp\/v2\/types\/page"}],"author":[{"embeddable":true,"href":"https:\/\/www.houstontexasimmigrationlawyers.com\/es\/wp-json\/wp\/v2\/users\/3"}],"replies":[{"embeddable":true,"href":"https:\/\/www.houstontexasimmigrationlawyers.com\/es\/wp-json\/wp\/v2\/comments?post=2646"}],"version-history":[{"count":1,"href":"https:\/\/www.houstontexasimmigrationlawyers.com\/es\/wp-json\/wp\/v2\/pages\/2646\/revisions"}],"predecessor-version":[{"id":7535,"href":"https:\/\/www.houstontexasimmigrationlawyers.com\/es\/wp-json\/wp\/v2\/pages\/2646\/revisions\/7535"}],"wp:attachment":[{"href":"https:\/\/www.houstontexasimmigrationlawyers.com\/es\/wp-json\/wp\/v2\/media?parent=2646"}],"curies":[{"name":"wp","href":"https:\/\/api.w.org\/{rel}","templated":true}]}}