{"id":2625,"date":"2025-02-24T12:24:32","date_gmt":"2025-02-24T12:24:32","guid":{"rendered":"https:\/\/www.houstontexasimmigrationlawyers.com\/legislacion-y-politica-de-inmigracion\/"},"modified":"2025-03-27T16:48:41","modified_gmt":"2025-03-27T16:48:41","slug":"legislacion-y-politica-de-inmigracion","status":"publish","type":"page","link":"https:\/\/www.houstontexasimmigrationlawyers.com\/es\/legislacion-y-politica-de-inmigracion\/","title":{"rendered":"Legislaci\u00f3n y pol\u00edtica de inmigraci\u00f3n"},"content":{"rendered":"\t\t<div data-elementor-type=\"wp-page\" data-elementor-id=\"2625\" class=\"elementor elementor-2625\" data-elementor-post-type=\"page\">\n\t\t\t\t<div class=\"elementor-element elementor-element-538c2d9 e-flex e-con-boxed wpr-particle-no wpr-jarallax-no wpr-parallax-no wpr-sticky-section-no wpr-equal-height-no e-con e-parent\" data-id=\"538c2d9\" data-element_type=\"container\" data-e-type=\"container\" data-settings=\"{&quot;background_background&quot;:&quot;classic&quot;}\">\n\t\t\t\t\t<div class=\"e-con-inner\">\n\t\t<div class=\"elementor-element elementor-element-f19aa85 e-con-full e-flex wpr-particle-no wpr-jarallax-no wpr-parallax-no wpr-sticky-section-no wpr-equal-height-no e-con e-child\" data-id=\"f19aa85\" data-element_type=\"container\" data-e-type=\"container\">\n\t\t\t\t<div class=\"elementor-element elementor-element-35fc02b elementor-widget elementor-widget-heading\" data-id=\"35fc02b\" data-element_type=\"widget\" data-e-type=\"widget\" data-widget_type=\"heading.default\">\n\t\t\t\t<div class=\"elementor-widget-container\">\n\t\t\t\t\t<h1 class=\"elementor-heading-title elementor-size-default\">Legislaci\u00f3n y pol\u00edtica de inmigraci\u00f3n\n<\/h1>\t\t\t\t<\/div>\n\t\t\t\t<\/div>\n\t\t\t\t<div class=\"elementor-element elementor-element-cc8af4b elementor-widget elementor-widget-text-editor\" data-id=\"cc8af4b\" data-element_type=\"widget\" data-e-type=\"widget\" data-widget_type=\"text-editor.default\">\n\t\t\t\t<div class=\"elementor-widget-container\">\n\t\t\t\t\t\t\t\t\t<p><a class=\"\" href=\"https:\/\/capwiz.com\/aila2\/issues\/\" target=\"_blank\" rel=\"noopener noreferrer\" data-uw-rm-brl=\"PR\" data-uw-original-href=\"https:\/\/capwiz.com\/aila2\/issues\/\" aria-label=\"American Immigration Lawyers Association \u2013 Issues and Legislation - open in a new tab\" data-uw-rm-ext-link=\"\" data-uw-original->Asociaci\u00f3n Americana de Abogados de Inmigraci\u00f3n &#8211; Temas y legislaci\u00f3n<\/a><\/p><p><a href=\"https:\/\/pewhispanic.org\/topics\/immigration\/\" target=\"_blank\" rel=\"noopener noreferrer\" data-uw-rm-brl=\"PR\" data-uw-original-href=\"https:\/\/pewhispanic.org\/topics\/immigration\/\" aria-label=\"Pew Hispanic Center \u2013 Immigration - open in a new tab\" data-uw-rm-ext-link=\"\" data-uw-original->Pew Hispanic Center &#8211; Inmigraci\u00f3n<\/a><\/p>\t\t\t\t\t\t\t\t<\/div>\n\t\t\t\t<\/div>\n\t\t\t\t<\/div>\n\t\t\t\t\t<\/div>\n\t\t\t\t<\/div>\n\t\t\t\t<\/div>\n\t\t","protected":false},"excerpt":{"rendered":"<p>Legislaci\u00f3n y pol\u00edtica de inmigraci\u00f3n Asociaci\u00f3n Americana de Abogados de Inmigraci\u00f3n &#8211; Temas y legislaci\u00f3n Pew Hispanic Center &#8211; Inmigraci\u00f3n<\/p>\n","protected":false},"author":3,"featured_media":0,"parent":0,"menu_order":0,"comment_status":"closed","ping_status":"closed","template":"","meta":{"_analytify_skip_tracking":false,"rank_math_title":"Legislaci\u00f3n y pol\u00edtica de inmigraci\u00f3n | Gu\u00eda para ayudarle","rank_math_description":"Mant\u00e9ngase informado sobre la legislaci\u00f3n y pol\u00edtica de inmigraci\u00f3n con Houston Immigration Lawyers. Seguimos temas clave para guiarle.","rank_math_focus_keyword":"Legislaci\u00f3n y pol\u00edtica de inmigraci\u00f3n","rank_math_canonical_url":"","footnotes":""},"class_list":["post-2625","page","type-page","status-publish","hentry"],"_links":{"self":[{"href":"https:\/\/www.houstontexasimmigrationlawyers.com\/es\/wp-json\/wp\/v2\/pages\/2625","targetHints":{"allow":["GET"]}}],"collection":[{"href":"https:\/\/www.houstontexasimmigrationlawyers.com\/es\/wp-json\/wp\/v2\/pages"}],"about":[{"href":"https:\/\/www.houstontexasimmigrationlawyers.com\/es\/wp-json\/wp\/v2\/types\/page"}],"author":[{"embeddable":true,"href":"https:\/\/www.houstontexasimmigrationlawyers.com\/es\/wp-json\/wp\/v2\/users\/3"}],"replies":[{"embeddable":true,"href":"https:\/\/www.houstontexasimmigrationlawyers.com\/es\/wp-json\/wp\/v2\/comments?post=2625"}],"version-history":[{"count":0,"href":"https:\/\/www.houstontexasimmigrationlawyers.com\/es\/wp-json\/wp\/v2\/pages\/2625\/revisions"}],"wp:attachment":[{"href":"https:\/\/www.houstontexasimmigrationlawyers.com\/es\/wp-json\/wp\/v2\/media?parent=2625"}],"curies":[{"name":"wp","href":"https:\/\/api.w.org\/{rel}","templated":true}]}}