{"id":2524,"date":"2025-02-24T12:16:35","date_gmt":"2025-02-24T12:16:35","guid":{"rendered":"https:\/\/www.houstontexasimmigrationlawyers.com\/aviso-legal\/"},"modified":"2026-04-06T20:38:01","modified_gmt":"2026-04-06T20:38:01","slug":"aviso-legal","status":"publish","type":"page","link":"https:\/\/www.houstontexasimmigrationlawyers.com\/es\/aviso-legal\/","title":{"rendered":"Aviso legal"},"content":{"rendered":"\t\t<div data-elementor-type=\"wp-page\" data-elementor-id=\"2524\" class=\"elementor elementor-2524 elementor-1048\" data-elementor-post-type=\"page\">\n\t\t\t\t<div class=\"elementor-element elementor-element-538c2d9 e-flex e-con-boxed wpr-particle-no wpr-jarallax-no wpr-parallax-no wpr-sticky-section-no wpr-equal-height-no e-con e-parent\" data-id=\"538c2d9\" data-element_type=\"container\" data-e-type=\"container\" data-settings=\"{&quot;background_background&quot;:&quot;classic&quot;}\">\n\t\t\t\t\t<div class=\"e-con-inner\">\n\t\t<div class=\"elementor-element elementor-element-f19aa85 e-con-full e-flex wpr-particle-no wpr-jarallax-no wpr-parallax-no wpr-sticky-section-no wpr-equal-height-no e-con e-child\" data-id=\"f19aa85\" data-element_type=\"container\" data-e-type=\"container\">\n\t\t\t\t<div class=\"elementor-element elementor-element-35fc02b elementor-widget elementor-widget-heading\" data-id=\"35fc02b\" data-element_type=\"widget\" data-e-type=\"widget\" data-widget_type=\"heading.default\">\n\t\t\t\t<div class=\"elementor-widget-container\">\n\t\t\t\t\t<h1 class=\"elementor-heading-title elementor-size-default\">Aviso legal\n<\/h1>\t\t\t\t<\/div>\n\t\t\t\t<\/div>\n\t\t\t\t<div class=\"elementor-element elementor-element-cc8af4b elementor-widget elementor-widget-text-editor\" data-id=\"cc8af4b\" data-element_type=\"widget\" data-e-type=\"widget\" data-widget_type=\"text-editor.default\">\n\t\t\t\t<div class=\"elementor-widget-container\">\n\t\t\t\t\t\t\t\t\t<p><b><a href=\"https:\/\/www.houstontexasimmigrationlawyers.com\/\" data-uw-rm-brl=\"PR\" data-uw-original-href=\"https:\/\/www.https:\/\/www.houstontexasimmigrationlawyers.com\/\/\">HoustonTexasImmigrationLawyers.com<\/a> respeta sus derechos.<\/b><\/p>\t\t\t\t\t\t\t\t<\/div>\n\t\t\t\t<\/div>\n\t\t\t\t<div class=\"elementor-element elementor-element-720656e elementor-widget elementor-widget-heading\" data-id=\"720656e\" data-element_type=\"widget\" data-e-type=\"widget\" data-widget_type=\"heading.default\">\n\t\t\t\t<div class=\"elementor-widget-container\">\n\t\t\t\t\t<h2 class=\"elementor-heading-title elementor-size-default\">El uso de este sitio web no crea una relaci\u00f3n abogado-cliente\n<\/h2>\t\t\t\t<\/div>\n\t\t\t\t<\/div>\n\t\t\t\t<div class=\"elementor-element elementor-element-6e50b4b elementor-widget elementor-widget-text-editor\" data-id=\"6e50b4b\" data-element_type=\"widget\" data-e-type=\"widget\" data-widget_type=\"text-editor.default\">\n\t\t\t\t<div class=\"elementor-widget-container\">\n\t\t\t\t\t\t\t\t\t<p>El uso de este sitio web o la recepci\u00f3n de informaci\u00f3n publicada en este sitio web, NO crea una relaci\u00f3n de abogado-cliente entre usted y Houston Immigration Lawyers. Ponerse en contacto con Houston Immigration Lawyers o con uno de sus abogados a trav\u00e9s de los formularios de contacto en l\u00ednea de este sitio o de cualquiera de los n\u00fameros telef\u00f3nicos que aparecen en este sitio web, tampoco crea una relaci\u00f3n de abogado-cliente con Houston Immigration Lawyers. En consecuencia, usted no debe utilizar este sitio web para proporcionar informaci\u00f3n confidencial sobre asuntos legales a Houston Immigration Lawyers.  <\/p>\t\t\t\t\t\t\t\t<\/div>\n\t\t\t\t<\/div>\n\t\t\t\t<div class=\"elementor-element elementor-element-40da0c2 elementor-widget elementor-widget-heading\" data-id=\"40da0c2\" data-element_type=\"widget\" data-e-type=\"widget\" data-widget_type=\"heading.default\">\n\t\t\t\t<div class=\"elementor-widget-container\">\n\t\t\t\t\t<h2 class=\"elementor-heading-title elementor-size-default\">Sitio web no destinado a recibir asesoramiento legal\n<\/h2>\t\t\t\t<\/div>\n\t\t\t\t<\/div>\n\t\t\t\t<div class=\"elementor-element elementor-element-d4a8668 elementor-widget elementor-widget-text-editor\" data-id=\"d4a8668\" data-element_type=\"widget\" data-e-type=\"widget\" data-widget_type=\"text-editor.default\">\n\t\t\t\t<div class=\"elementor-widget-container\">\n\t\t\t\t\t\t\t\t\tEste sitio web puede contener informaci\u00f3n sobre cuestiones legales o desarrollo. La informaci\u00f3n publicada en nuestro sitio web no es, ni pretende ser, asesoramiento jur\u00eddico. Siempre debe consultar directamente con un abogado para que le asesore sobre su caso y situaci\u00f3n individual. Ninguna persona debe actuar o confiar en la informaci\u00f3n publicada en este sitio web sin buscar el consejo de un abogado.\n\n\t\t\t\t\t\t\t\t<\/div>\n\t\t\t\t<\/div>\n\t\t\t\t<div class=\"elementor-element elementor-element-606831d elementor-widget elementor-widget-heading\" data-id=\"606831d\" data-element_type=\"widget\" data-e-type=\"widget\" data-widget_type=\"heading.default\">\n\t\t\t\t<div class=\"elementor-widget-container\">\n\t\t\t\t\t<h2 class=\"elementor-heading-title elementor-size-default\">Los testimonios y veredictos anteriores publicados en este sitio no deben interpretarse como una garant\u00eda de resultados\n<\/h2>\t\t\t\t<\/div>\n\t\t\t\t<\/div>\n\t\t\t\t<div class=\"elementor-element elementor-element-1fb816d elementor-widget elementor-widget-text-editor\" data-id=\"1fb816d\" data-element_type=\"widget\" data-e-type=\"widget\" data-widget_type=\"text-editor.default\">\n\t\t\t\t<div class=\"elementor-widget-container\">\n\t\t\t\t\t\t\t\t\t<p>Los testimonios publicados en este sitio web de clientes anteriores de los Abogados de Inmigraci\u00f3n de Houston Texas no constituyen una garant\u00eda o predicci\u00f3n con respecto al resultado de su caso o asunto legal. El resultado de cualquier caso legal depende de muchos factores diferentes, incluyendo los hechos del caso espec\u00edfico y ning\u00fan abogado puede ofrecer un resultado positivo garantizado en cualquier caso particular. Cualquier resultado anterior logrado por un abogado no puede garantizar un resultado similar.<\/p>\t\t\t\t\t\t\t\t<\/div>\n\t\t\t\t<\/div>\n\t\t\t\t<div class=\"elementor-element elementor-element-bee2881 elementor-widget elementor-widget-heading\" data-id=\"bee2881\" data-element_type=\"widget\" data-e-type=\"widget\" data-widget_type=\"heading.default\">\n\t\t\t\t<div class=\"elementor-widget-container\">\n\t\t\t\t\t<h2 class=\"elementor-heading-title elementor-size-default\">Este sitio web es un anuncio de servicios legales\n<\/h2>\t\t\t\t<\/div>\n\t\t\t\t<\/div>\n\t\t\t\t<div class=\"elementor-element elementor-element-ae7f9db elementor-widget elementor-widget-text-editor\" data-id=\"ae7f9db\" data-element_type=\"widget\" data-e-type=\"widget\" data-widget_type=\"text-editor.default\">\n\t\t\t\t<div class=\"elementor-widget-container\">\n\t\t\t\t\t\t\t\t\tEste sitio web puede considerarse publicidad en algunas jurisdicciones seg\u00fan la ley aplicable y las normas \u00e9ticas de conducta. La determinaci\u00f3n de la necesidad de servicios legales y la elecci\u00f3n de un abogado para la representaci\u00f3n son decisiones extremadamente importantes y no deben basarse \u00fanicamente en anuncios o experiencia autoproclamada. No se hace ninguna representaci\u00f3n de que la calidad de los servicios legales que se realizar\u00e1n es mayor que la calidad de los servicios legales prestados por otros abogados.\n\n\t\t\t\t\t\t\t\t<\/div>\n\t\t\t\t<\/div>\n\t\t\t\t<div class=\"elementor-element elementor-element-5ca67df elementor-widget elementor-widget-heading\" data-id=\"5ca67df\" data-element_type=\"widget\" data-e-type=\"widget\" data-widget_type=\"heading.default\">\n\t\t\t\t<div class=\"elementor-widget-container\">\n\t\t\t\t\t<h2 class=\"elementor-heading-title elementor-size-default\">Contacto<\/h2>\t\t\t\t<\/div>\n\t\t\t\t<\/div>\n\t\t\t\t<div class=\"elementor-element elementor-element-9090737 elementor-widget elementor-widget-text-editor\" data-id=\"9090737\" data-element_type=\"widget\" data-e-type=\"widget\" data-widget_type=\"text-editor.default\">\n\t\t\t\t<div class=\"elementor-widget-container\">\n\t\t\t\t\t\t\t\t\t<p>Para cualquier pregunta relacionada con los <a href=\"https:\/\/www.houstontexasimmigrationlawyers.com\/es\/aviso-legal\/\" data-uw-rm-brl=\"PR\" data-uw-original-href=\"https:\/\/www.https:\/\/www.houstontexasimmigrationlawyers.com\/\/legal-disclaimers\/\">Avisos Legales<\/a>, <a href=\"https:\/\/www.houstontexasimmigrationlawyers.com\/privacy-policy\/\" data-uw-rm-brl=\"PR\" data-uw-original-href=\"https:\/\/www.https:\/\/www.houstontexasimmigrationlawyers.com\/\/privacy-policy\/\">Pol\u00edtica de Privacidad<\/a>, <a href=\"https:\/\/www.houstontexasimmigrationlawyers.com\/es\/terminos-de-uso\/\" data-uw-rm-brl=\"PR\" data-uw-original-href=\"https:\/\/www.https:\/\/www.houstontexasimmigrationlawyers.com\/\/terms-of-use\/\">Condiciones de Uso<\/a> u otros contenidos publicados en este sitio web, por favor contacte con el <a href=\"https:\/\/www.houstontexasimmigrationlawyers.com\/meet-our-team\/kate-lincoln-goldfinch\/\" data-uw-rm-brl=\"PR\" data-uw-original-href=\"https:\/\/www.https:\/\/www.houstontexasimmigrationlawyers.com\/\/meet-our-team\/kate-lincoln-goldfinch\/\">abogado responsable<\/a> de Houston Immigration Lawyers.<\/p><p><strong>Houston Immigration Lawyers<br \/><\/strong>Calle Lousiana 440, Suite 900<br \/>Houston, TX 77002<br \/><a href=\"tel:+1-281-944-3866\">(281) 944-3866<\/a><\/p>\t\t\t\t\t\t\t\t<\/div>\n\t\t\t\t<\/div>\n\t\t\t\t<\/div>\n\t\t\t\t\t<\/div>\n\t\t\t\t<\/div>\n\t\t\t\t<\/div>\n\t\t","protected":false},"excerpt":{"rendered":"<p>Aviso legal HoustonTexasImmigrationLawyers.com respeta sus derechos. El uso de este sitio web no crea una relaci\u00f3n abogado-cliente El uso de este sitio web o la recepci\u00f3n de informaci\u00f3n publicada en este sitio web, NO crea una relaci\u00f3n de abogado-cliente entre usted y Houston Immigration Lawyers. Ponerse en contacto con Houston Immigration Lawyers o con uno de sus abogados a trav\u00e9s de los formularios de contacto en l\u00ednea de este sitio o de cualquiera de los n\u00fameros telef\u00f3nicos que aparecen en este sitio web, tampoco crea una relaci\u00f3n de abogado-cliente con Houston Immigration Lawyers. En consecuencia, usted no debe utilizar este sitio web para proporcionar informaci\u00f3n confidencial sobre asuntos legales a Houston Immigration Lawyers. Sitio web no destinado a recibir asesoramiento legal Este sitio web puede contener informaci\u00f3n sobre cuestiones legales o desarrollo. La informaci\u00f3n publicada en nuestro sitio web no es, ni pretende ser, asesoramiento jur\u00eddico. Siempre debe consultar directamente con un abogado para que le asesore sobre su caso y situaci\u00f3n individual. Ninguna persona debe actuar o confiar en la informaci\u00f3n publicada en este sitio web sin buscar el consejo de un abogado. Los testimonios y veredictos anteriores publicados en este sitio no deben interpretarse como una garant\u00eda de resultados Los testimonios publicados en este sitio web de clientes anteriores de los Abogados de Inmigraci\u00f3n de Houston Texas no constituyen una garant\u00eda o predicci\u00f3n con respecto al resultado de su caso o asunto legal. El resultado de cualquier caso legal depende de muchos factores diferentes, incluyendo los hechos del caso espec\u00edfico y ning\u00fan abogado puede ofrecer un resultado positivo garantizado en cualquier caso particular. Cualquier resultado anterior logrado por un abogado no puede garantizar un resultado similar. Este sitio web es un anuncio de servicios legales Este sitio web puede considerarse publicidad en algunas jurisdicciones seg\u00fan la ley aplicable y las normas \u00e9ticas de conducta. La determinaci\u00f3n de la necesidad de servicios legales y la elecci\u00f3n de un abogado para la representaci\u00f3n son decisiones extremadamente importantes y no deben basarse \u00fanicamente en anuncios o experiencia autoproclamada. No se hace ninguna representaci\u00f3n de que la calidad de los servicios legales que se realizar\u00e1n es mayor que la calidad de los servicios legales prestados por otros abogados. Contacto Para cualquier pregunta relacionada con los Avisos Legales, Pol\u00edtica de Privacidad, Condiciones de Uso u otros contenidos publicados en este sitio web, por favor contacte con el abogado responsable de Houston Immigration Lawyers. Houston Immigration LawyersCalle Lousiana 440, Suite 900Houston, TX 77002(281) 944-3866<\/p>\n","protected":false},"author":3,"featured_media":0,"parent":0,"menu_order":0,"comment_status":"closed","ping_status":"closed","template":"","meta":{"_analytify_skip_tracking":false,"rank_math_title":"Aviso legal | Houston Immigration Lawyers","rank_math_description":"Comprenda los derechos y responsabilidades del sitio web de Houston Immigration Lawyers en nuestra p\u00e1gina de aviso legal.","rank_math_focus_keyword":"aviso legal","rank_math_canonical_url":"","footnotes":""},"class_list":["post-2524","page","type-page","status-publish","hentry"],"_links":{"self":[{"href":"https:\/\/www.houstontexasimmigrationlawyers.com\/es\/wp-json\/wp\/v2\/pages\/2524","targetHints":{"allow":["GET"]}}],"collection":[{"href":"https:\/\/www.houstontexasimmigrationlawyers.com\/es\/wp-json\/wp\/v2\/pages"}],"about":[{"href":"https:\/\/www.houstontexasimmigrationlawyers.com\/es\/wp-json\/wp\/v2\/types\/page"}],"author":[{"embeddable":true,"href":"https:\/\/www.houstontexasimmigrationlawyers.com\/es\/wp-json\/wp\/v2\/users\/3"}],"replies":[{"embeddable":true,"href":"https:\/\/www.houstontexasimmigrationlawyers.com\/es\/wp-json\/wp\/v2\/comments?post=2524"}],"version-history":[{"count":15,"href":"https:\/\/www.houstontexasimmigrationlawyers.com\/es\/wp-json\/wp\/v2\/pages\/2524\/revisions"}],"predecessor-version":[{"id":15057,"href":"https:\/\/www.houstontexasimmigrationlawyers.com\/es\/wp-json\/wp\/v2\/pages\/2524\/revisions\/15057"}],"wp:attachment":[{"href":"https:\/\/www.houstontexasimmigrationlawyers.com\/es\/wp-json\/wp\/v2\/media?parent=2524"}],"curies":[{"name":"wp","href":"https:\/\/api.w.org\/{rel}","templated":true}]}}