{"id":2482,"date":"2025-02-26T13:43:45","date_gmt":"2025-02-26T13:43:45","guid":{"rendered":"https:\/\/www.houstontexasimmigrationlawyers.com\/agencias-gubernamentales-de-ee-uu\/"},"modified":"2025-03-20T22:20:33","modified_gmt":"2025-03-20T22:20:33","slug":"agencias-gubernamentales","status":"publish","type":"page","link":"https:\/\/www.houstontexasimmigrationlawyers.com\/es\/agencias-gubernamentales\/","title":{"rendered":"Agencias gubernamentales de EE.UU."},"content":{"rendered":"\t\t<div data-elementor-type=\"wp-page\" data-elementor-id=\"2482\" class=\"elementor elementor-2482 elementor-1599\" data-elementor-post-type=\"page\">\n\t\t\t\t<div class=\"elementor-element elementor-element-538c2d9 e-flex e-con-boxed wpr-particle-no wpr-jarallax-no wpr-parallax-no wpr-sticky-section-no wpr-equal-height-no e-con e-parent\" data-id=\"538c2d9\" data-element_type=\"container\" data-e-type=\"container\" data-settings=\"{&quot;background_background&quot;:&quot;classic&quot;}\">\n\t\t\t\t\t<div class=\"e-con-inner\">\n\t\t<div class=\"elementor-element elementor-element-f19aa85 e-con-full e-flex wpr-particle-no wpr-jarallax-no wpr-parallax-no wpr-sticky-section-no wpr-equal-height-no e-con e-child\" data-id=\"f19aa85\" data-element_type=\"container\" data-e-type=\"container\">\n\t\t\t\t<div class=\"elementor-element elementor-element-35fc02b elementor-widget elementor-widget-heading\" data-id=\"35fc02b\" data-element_type=\"widget\" data-e-type=\"widget\" data-widget_type=\"heading.default\">\n\t\t\t\t<div class=\"elementor-widget-container\">\n\t\t\t\t\t<h1 class=\"elementor-heading-title elementor-size-default\">Agencias gubernamentales sobre inmigraci\u00f3n y ciudadan\u00eda\n<\/h1>\t\t\t\t<\/div>\n\t\t\t\t<\/div>\n\t\t\t\t<div class=\"elementor-element elementor-element-d297cac elementor-widget-divider--view-line elementor-widget elementor-widget-divider\" data-id=\"d297cac\" data-element_type=\"widget\" data-e-type=\"widget\" data-widget_type=\"divider.default\">\n\t\t\t\t<div class=\"elementor-widget-container\">\n\t\t\t\t\t\t\t<div class=\"elementor-divider\">\n\t\t\t<span class=\"elementor-divider-separator\">\n\t\t\t\t\t\t<\/span>\n\t\t<\/div>\n\t\t\t\t\t\t<\/div>\n\t\t\t\t<\/div>\n\t\t\t\t<div class=\"elementor-element elementor-element-cc8af4b elementor-widget elementor-widget-text-editor\" data-id=\"cc8af4b\" data-element_type=\"widget\" data-e-type=\"widget\" data-widget_type=\"text-editor.default\">\n\t\t\t\t<div class=\"elementor-widget-container\">\n\t\t\t\t\t\t\t\t\t<p><a href=\"https:\/\/www.hhs.gov\/\" target=\"_blank\" rel=\"noopener noreferrer\" data-uw-rm-brl=\"PR\" data-uw-original-href=\"https:\/\/www.hhs.gov\/\" aria-label=\"U.S. Dept. of Health and Human Services - open in a new tab\" data-uw-rm-ext-link=\"\" data-uw-original->Departamento de Salud y Servicios Humanos de los Estados Unidos<\/a><\/p><ul><li><a href=\"https:\/\/www.acf.hhs.gov\/programs\/orr\/\" target=\"_blank\" rel=\"noopener noreferrer\" data-uw-rm-brl=\"PR\" data-uw-original-href=\"https:\/\/www.acf.hhs.gov\/programs\/orr\/\" aria-label=\"Office of Refugee Resettlement - open in a new tab\" data-uw-rm-ext-link=\"\" data-uw-original->Oficina de Reasentamiento de Refugiados<\/a><\/li><li><a href=\"https:\/\/www.acf.hhs.gov\/\" target=\"_blank\" rel=\"noopener noreferrer\" data-uw-rm-brl=\"PR\" data-uw-original-href=\"https:\/\/www.acf.hhs.gov\/\" aria-label=\"Human Trafficking - open in a new tab\" data-uw-rm-ext-link=\"\" data-uw-original->Tr\u00e1fico de Personas<\/a><\/li><\/ul><p><a href=\"https:\/\/www.dhs.gov\/index.shtm\" target=\"_blank\" rel=\"noopener noreferrer\" data-uw-rm-brl=\"PR\" data-uw-original-href=\"https:\/\/www.dhs.gov\/index.shtm\" aria-label=\"U.S. Dept. of Homeland Security - open in a new tab\" data-uw-rm-ext-link=\"\" data-uw-original->Departamento de Seguridad Nacional de los Estados Unidos<\/a><\/p><ul><li><a href=\"https:\/\/www.uscis.gov\/\" target=\"_blank\" rel=\"noopener noreferrer\" data-uw-rm-brl=\"PR\" data-uw-original-href=\"https:\/\/www.uscis.gov\/\" aria-label=\"Bureau of U.S. Citizenship and Immigration Services - open in a new tab\" data-uw-rm-ext-link=\"\" data-uw-original->Servicio de Ciudadan\u00eda e Inmigraci\u00f3n de los Estados Unidos<\/a><ul><li><a href=\"https:\/\/www.uscis.gov\/tools\/glossary\" target=\"_blank\" rel=\"noopener noreferrer\" data-uw-rm-brl=\"PR\" data-uw-original-href=\"https:\/\/www.uscis.gov\/tools\/glossary\" aria-label=\"Glossary of Immigration Words - open in a new tab\" data-uw-rm-ext-link=\"\" data-uw-original->Glosario de Palabras relacionadas con Inmigraci\u00f3n<\/a><\/li><li><a href=\"https:\/\/www.uscis.gov\/portal\/site\/uscis\/menuitem.eb1d4c2a3e5b9ac89243c6a7543f6d1a\/?vgnextoid=f2b1e89390b5d010VgnVCM10000048f3d6a1RCRD&amp;vgnextchannel=f2b1e89390b5d010VgnVCM10000048f3d6a1RCRD\" target=\"_blank\" rel=\"noopener noreferrer\" data-uw-rm-brl=\"PR\" data-uw-original-href=\"https:\/\/www.uscis.gov\/portal\/site\/uscis\/menuitem.eb1d4c2a3e5b9ac89243c6a7543f6d1a\/?vgnextoid=f2b1e89390b5d010VgnVCM10000048f3d6a1RCRD&amp;vgnextchannel=f2b1e89390b5d010VgnVCM10000048f3d6a1RCRD\" aria-label=\"Guide for New Immigrants - open in a new tab\" data-uw-rm-ext-link=\"\" data-uw-original->Gu\u00eda para Nuevos Inmigrantes<\/a><\/li><li><a href=\"https:\/\/www.uscis.gov\/laws-and-policy\" target=\"_blank\" rel=\"noopener noreferrer\" data-uw-rm-brl=\"PR\" data-uw-original-href=\"https:\/\/www.uscis.gov\/laws-and-policy\" aria-label=\"Laws, Regulations and Guides - open in a new tab\" data-uw-rm-ext-link=\"\" data-uw-original->Leyes, Reglamentos y Gu\u00edas<\/a><\/li><li><a href=\"https:\/\/www.uscis.gov\/laws-and-policy\/policy-memoranda\" target=\"_blank\" rel=\"noopener noreferrer\" data-uw-rm-brl=\"PR\" data-uw-original-href=\"https:\/\/www.uscis.gov\/laws-and-policy\/policy-memoranda\" aria-label=\"Policies and Procedural Memoranda By Subject - open in a new tab\" data-uw-rm-ext-link=\"\" data-uw-original->Pol\u00edticas y Memorandos de Procedimiento por Temas<\/a><\/li><\/ul><\/li><li><a href=\"https:\/\/www.cbp.gov\/\" target=\"_blank\" rel=\"noopener noreferrer\" data-uw-rm-brl=\"PR\" data-uw-original-href=\"https:\/\/www.cbp.gov\/\" aria-label=\"Customs and Border Protection - open in a new tab\" data-uw-rm-ext-link=\"\" data-uw-original->Aduanas y Protecci\u00f3n de Fronteras<\/a><\/li><li><a href=\"https:\/\/www.ice.gov\/\" target=\"_blank\" rel=\"noopener noreferrer\" data-uw-rm-brl=\"PR\" data-uw-original-href=\"https:\/\/www.ice.gov\/\" aria-label=\"Office of Refugee Resettlement - open in a new tab\" data-uw-rm-ext-link=\"\" data-uw-original- 00>Servicio de Inmigraci\u00f3n y Control de Aduanas<\/a><\/li><li><a href=\"https:\/\/www.dhs.gov\/xabout\/structure\/editorial_0875.shtm\" target=\"_blank\" rel=\"noopener noreferrer\" data-uw-rm-brl=\"PR\" data-uw-original-href=\"https:\/\/www.dhs.gov\/xabout\/structure\/editorial_0875.shtm\" aria-label=\"Office of Refugee Resettlement - open in a new tab\" data-uw-rm-ext-link=\"\" data-uw-original- 11>Oficina de Estad\u00edsticas de Inmigraci\u00f3n<\/a><\/li><\/ul><p><a href=\"https:\/\/www.usdoj.gov\/\" target=\"_blank\" rel=\"noopener noreferrer\" data-uw-rm-brl=\"PR\" data-uw-original-href=\"https:\/\/www.usdoj.gov\/\" aria-label=\"Office of Refugee Resettlement - open in a new tab\" data-uw-rm-ext-link=\"\" data-uw-original- 22>Departamento de Justicia de los Estados Unidos<\/a><\/p><ul><li><a href=\"https:\/\/www.usdoj.gov\/eoir\/\" target=\"_blank\" rel=\"noopener noreferrer\" data-uw-rm-brl=\"PR\" data-uw-original-href=\"https:\/\/www.usdoj.gov\/eoir\/\" aria-label=\"Office of Refugee Resettlement - open in a new tab\" data-uw-rm-ext-link=\"\" data-uw-original- 33>Oficina Ejecutiva para la Revisi\u00f3n Migratoria (Executive Office for Immigration Review &#8211; EOIR)<\/a><ul><li><a href=\"https:\/\/www.usdoj.gov\/eoir\/formslist.htm\" target=\"_blank\" rel=\"noopener noreferrer\" data-uw-rm-brl=\"PR\" data-uw-original-href=\"https:\/\/www.usdoj.gov\/eoir\/formslist.htm\" aria-label=\"Office of Refugee Resettlement - open in a new tab\" data-uw-rm-ext-link=\"\" data-uw-original- 44>Formularios EOIR<\/a><\/li><\/ul><\/li><li><a href=\"https:\/\/www.justice.gov\/civil\/oil\/oil_home.html\" target=\"_blank\" rel=\"noopener noreferrer\" data-uw-rm-brl=\"PR\" data-uw-original-href=\"https:\/\/www.justice.gov\/civil\/oil\/oil_home.html\" aria-label=\"Office of Refugee Resettlement - open in a new tab\" data-uw-rm-ext-link=\"\" data-uw-original- 55>Oficina de Litigios de Inmigraci\u00f3n<\/a><\/li><li><a href=\"https:\/\/www.usdoj.gov\/crt\/osc\/\" target=\"_blank\" rel=\"noopener noreferrer\" data-uw-rm-brl=\"PR\" data-uw-original-href=\"https:\/\/www.usdoj.gov\/crt\/osc\/\" aria-label=\"Office of Refugee Resettlement - open in a new tab\" data-uw-rm-ext-link=\"\" data-uw-original- 66>Oficina del Consejero Especial para Pr\u00e1cticas de Empleo Injustas Relacionadas con la Inmigraci\u00f3n<\/a><\/li><\/ul><p><a href=\"https:\/\/www.dol.gov\/\" target=\"_blank\" rel=\"noopener noreferrer\" data-uw-rm-brl=\"PR\" data-uw-original-href=\"https:\/\/www.dol.gov\/\" aria-label=\"Office of Refugee Resettlement - open in a new tab\" data-uw-rm-ext-link=\"\" data-uw-original- 77>Departamento de Trabajo de EE.UU.<\/a><\/p><ul><li><a href=\"https:\/\/www.dol.gov\/compliance\/laws\/comp-ina.htm\" target=\"_blank\" rel=\"noopener noreferrer\" data-uw-rm-brl=\"PR\" data-uw-original-href=\"https:\/\/www.dol.gov\/compliance\/laws\/comp-ina.htm\" aria-label=\"Office of Refugee Resettlement - open in a new tab\" data-uw-rm-ext-link=\"\" data-uw-original- 88>Ley de Inmigraci\u00f3n y Nacionalidad<\/a><\/li><li><a href=\"https:\/\/www.oalj.dol.gov\/libina.htm\" target=\"_blank\" rel=\"noopener noreferrer\" data-uw-rm-brl=\"PR\" data-uw-original-href=\"https:\/\/www.oalj.dol.gov\/libina.htm\" aria-label=\"Office of Refugee Resettlement - open in a new tab\" data-uw-rm-ext-link=\"\" data-uw-original- 99>Biblioteca jur\u00eddica &#8211; Colecci\u00f3n sobre inmigraci\u00f3n<\/a><\/li><li><a href=\"https:\/\/www.foreignlaborcert.doleta.gov\/perm.cfm\" target=\"_blank\" rel=\"noopener noreferrer\" data-uw-rm-brl=\"PR\" data-uw-original-href=\"https:\/\/www.foreignlaborcert.doleta.gov\/perm.cfm\" aria-label=\"Human Trafficking - open in a new tab\" data-uw-rm-ext-link=\"\" data-uw-original- 00>Certificaci\u00f3n Laboral Permanente<\/a><\/li><li><a href=\"https:\/\/www.dol.gov\/whd\/immigration\/h1b.htm\" target=\"_blank\" rel=\"noopener noreferrer\" data-uw-rm-brl=\"PR\" data-uw-original-href=\"https:\/\/www.dol.gov\/whd\/immigration\/h1b.htm\" aria-label=\"Human Trafficking - open in a new tab\" data-uw-rm-ext-link=\"\" data-uw-original- 11>Programa H-1B<\/a><\/li><li><a href=\"https:\/\/www.dol.gov\/dol\/audience\/aud-Spanish-speaking.htm\" target=\"_blank\" rel=\"noopener noreferrer\" data-uw-rm-brl=\"PR\" data-uw-original-href=\"https:\/\/www.dol.gov\/dol\/audience\/aud-Spanish-speaking.htm\" aria-label=\"Human Trafficking - open in a new tab\" data-uw-rm-ext-link=\"\" data-uw-original- 22>Recursos en Espa\u00f1ol<\/a><\/li><li><a href=\"https:\/\/www.dol.gov\/whd\/contacts\/state_of.htm\" target=\"_blank\" rel=\"noopener noreferrer\" data-uw-rm-brl=\"PR\" data-uw-original-href=\"https:\/\/www.dol.gov\/whd\/contacts\/state_of.htm\" aria-label=\"Human Trafficking - open in a new tab\" data-uw-rm-ext-link=\"\" data-uw-original- 33>Oficinas Estatales de Trabajo<\/a><\/li><\/ul><p><a href=\"https:\/\/www.state.gov\/\" target=\"_blank\" rel=\"noopener noreferrer\" data-uw-rm-brl=\"PR\" data-uw-original-href=\"https:\/\/www.state.gov\/\" aria-label=\"Human Trafficking - open in a new tab\" data-uw-rm-ext-link=\"\" data-uw-original- 44>Departamento de Estado de EE.UU.<\/a><\/p><ul><li><a href=\"https:\/\/www.state.gov\/m\/a\/\" target=\"_blanks\" rel=\"noopener noreferrer\" data-uw-rm-brl=\"PR\" data-uw-original-href=\"https:\/\/www.state.gov\/m\/a\/\" data-uw-original->Oficina de Administraci\u00f3n<\/a><ul><li><a href=\"https:\/\/www.state.gov\/m\/a\/dir\/regs\/fam\/\" target=\"_blank\" rel=\"noopener noreferrer\" data-uw-rm-brl=\"PR\" data-uw-original-href=\"https:\/\/www.state.gov\/m\/a\/dir\/regs\/fam\/\" aria-label=\"Human Trafficking - open in a new tab\" data-uw-rm-ext-link=\"\" data-uw-original- 55>Manual de Asuntos Exteriores<\/a><\/li><li><a href=\"https:\/\/www.state.gov\/m\/a\/dir\/forms\/passport\/\" target=\"_blank\" rel=\"noopener noreferrer\" data-uw-rm-brl=\"PR\" data-uw-original-href=\"https:\/\/www.state.gov\/m\/a\/dir\/forms\/passport\/\" aria-label=\"Human Trafficking - open in a new tab\" data-uw-rm-ext-link=\"\" data-uw-original- 66>Formularios de Pasaportes<\/a><\/li><li><a href=\"https:\/\/travel.state.gov\/content\/travel\/en\/us-visas\/visa-information-resources\/forms.html\" target=\"_blank\" rel=\"noopener noreferrer\" data-uw-rm-brl=\"PR\" data-uw-original-href=\"https:\/\/travel.state.gov\/content\/travel\/en\/us-visas\/visa-information-resources\/forms.html\" aria-label=\"Human Trafficking - open in a new tab\" data-uw-rm-ext-link=\"\" data-uw-original- 77>Formularios de Visas<\/a><\/li><\/ul><\/li><li><a href=\"https:\/\/travel.state.gov\/\" target=\"_blank\" rel=\"noopener noreferrer\" data-uw-rm-brl=\"PR\" data-uw-original-href=\"https:\/\/travel.state.gov\/\" aria-label=\"Human Trafficking - open in a new tab\" data-uw-rm-ext-link=\"\" data-uw-original- 88>Oficina de Asuntos Consulares<\/a><ul><li><a href=\"https:\/\/travel.state.gov\/content\/travel\/en\/us-visas\/business.html\" target=\"_blank\" rel=\"noopener noreferrer\" data-uw-rm-brl=\"PR\" data-uw-original-href=\"https:\/\/travel.state.gov\/content\/travel\/en\/us-visas\/business.html\" aria-label=\"Human Trafficking - open in a new tab\" data-uw-rm-ext-link=\"\" data-uw-original- 99>Centro de Visas para Empresas<\/a><\/li><li><a href=\"https:\/\/travel.state.gov\/passport\/passport_1738.html\" target=\"_blank\" rel=\"noopener noreferrer\" data-uw-rm-brl=\"PR\" data-uw-original-href=\"https:\/\/travel.state.gov\/passport\/passport_1738.html\" aria-label=\"U.S. Dept. of Homeland Security - open in a new tab\" data-uw-rm-ext-link=\"\" data-uw-original- 00>Pasaportes<\/a><\/li><li><a href=\"https:\/\/travel.state.gov\/visa\/visa_1750.html\" target=\"_blank\" rel=\"noopener noreferrer\" data-uw-rm-brl=\"PR\" data-uw-original-href=\"https:\/\/travel.state.gov\/visa\/visa_1750.html\" aria-label=\"U.S. Dept. of Homeland Security - open in a new tab\" data-uw-rm-ext-link=\"\" data-uw-original- 11>P\u00e1gina de Inicio del Website sobre Visas<\/a><\/li><li><a href=\"https:\/\/travel.state.gov\/visa\/questions\/questions_1253.html\" target=\"_blank\" rel=\"noopener noreferrer\" data-uw-rm-brl=\"PR\" data-uw-original-href=\"https:\/\/travel.state.gov\/visa\/questions\/questions_1253.html\" aria-label=\"U.S. Dept. of Homeland Security - open in a new tab\" data-uw-rm-ext-link=\"\" data-uw-original- 22>Preguntas Frecuentes sobre Visas<\/a><\/li><\/ul><\/li><li><a href=\"https:\/\/www.state.gov\/g\/drl\/\" target=\"_blank\" rel=\"noopener noreferrer\" data-uw-rm-brl=\"PR\" data-uw-original-href=\"https:\/\/www.state.gov\/g\/drl\/\" aria-label=\"U.S. Dept. of Homeland Security - open in a new tab\" data-uw-rm-ext-link=\"\" data-uw-original- 33>Oficina de Democracia, Derechos Humanos y Trabajo<\/a><ul><li><a href=\"https:\/\/www.state.gov\/j\/drl\/rls\/hrrpt\/\" target=\"_blank\" rel=\"noopener noreferrer\" data-uw-rm-brl=\"PR\" data-uw-original-href=\"https:\/\/www.state.gov\/j\/drl\/rls\/hrrpt\/\" aria-label=\"U.S. Dept. of Homeland Security - open in a new tab\" data-uw-rm-ext-link=\"\" data-uw-original- 44>Informes de pa\u00edses sobre Pr\u00e1cticas de Derechos Humanos<\/a><\/li><\/ul><\/li><li><a href=\"https:\/\/usembassy.state.gov\/\" target=\"_blank\" rel=\"noopener noreferrer\" data-uw-rm-brl=\"PR\" data-uw-original-href=\"https:\/\/usembassy.state.gov\/\" aria-label=\"U.S. Dept. of Homeland Security - open in a new tab\" data-uw-rm-ext-link=\"\" data-uw-original- 55>Embajadas y Consulados<\/a><\/li><\/ul><p><a href=\"https:\/\/www.irs.gov\/\" target=\"_blank\" rel=\"noopener noreferrer\" data-uw-rm-brl=\"PR\" data-uw-original-href=\"https:\/\/www.irs.gov\/\" aria-label=\"U.S. Dept. of Homeland Security - open in a new tab\" data-uw-rm-ext-link=\"\" data-uw-original- 66>Servicio de Impuestos Internos<\/a><\/p><ul><li><a href=\"https:\/\/www.irs.gov\/Individuals\/International-Taxpayers\/Determining-Alien-Tax-Status\" target=\"_blank\" rel=\"noopener noreferrer\" data-uw-rm-brl=\"PR\" data-uw-original-href=\"https:\/\/www.irs.gov\/Individuals\/International-Taxpayers\/Determining-Alien-Tax-Status\" aria-label=\"U.S. Dept. of Homeland Security - open in a new tab\" data-uw-rm-ext-link=\"\" data-uw-original- 77>Determinaci\u00f3n de la Situaci\u00f3n Fiscal<\/a><\/li><li><a href=\"https:\/\/www.irs.gov\/individuals\/article\/0,,id=96287,00.html#\" target=\"_blank\" rel=\"noopener noreferrer\" data-uw-rm-brl=\"PR\" data-uw-original-href=\"https:\/\/www.irs.gov\/individuals\/article\/0,,id=96287,00.html#\" aria-label=\"U.S. Dept. of Homeland Security - open in a new tab\" data-uw-rm-ext-link=\"\" data-uw-original- 88>N\u00famero de Identificaci\u00f3n del Contribuyente Individual<\/a><\/li><li><a href=\"https:\/\/www.irs.gov\/Individuals\/International-Taxpayers\/Taxation-of-Dual-Status-Aliens\" target=\"_blank\" rel=\"noopener noreferrer\" data-uw-rm-brl=\"PR\" data-uw-original-href=\"https:\/\/www.irs.gov\/Individuals\/International-Taxpayers\/Taxation-of-Dual-Status-Aliens\" aria-label=\"U.S. Dept. of Homeland Security - open in a new tab\" data-uw-rm-ext-link=\"\" data-uw-original- 99>Impuestos para los Residentes con Doble Estatus<\/a><\/li><\/ul><p><a href=\"https:\/\/www.ssa.gov\/\" target=\"_blank\" rel=\"noopener noreferrer\" data-uw-rm-brl=\"PR\" data-uw-original-href=\"https:\/\/www.ssa.gov\/\" aria-label=\"Bureau of U.S. Citizenship and Immigration Services - open in a new tab\" data-uw-rm-ext-link=\"\" data-uw-original- 00>Administraci\u00f3n de Seguridad Social<\/a><\/p><ul><li><a href=\"https:\/\/www.ssa.gov\/ssnumber\/\" target=\"_blank\" rel=\"noopener noreferrer\" data-uw-rm-brl=\"PR\" data-uw-original-href=\"https:\/\/www.ssa.gov\/ssnumber\/\" aria-label=\"Bureau of U.S. Citizenship and Immigration Services - open in a new tab\" data-uw-rm-ext-link=\"\" data-uw-original- 11>N\u00famero y Tarjeta de Seguridad Social<\/a><\/li><li><a href=\"https:\/\/secure.ssa.gov\/ICON\/main.jsp\" target=\"_blank\" rel=\"noopener noreferrer\" data-uw-rm-brl=\"PR\" data-uw-original-href=\"https:\/\/secure.ssa.gov\/ICON\/main.jsp\" aria-label=\"Bureau of U.S. Citizenship and Immigration Services - open in a new tab\" data-uw-rm-ext-link=\"\" data-uw-original- 22>Buscador de las Oficinas Locales de Seguridad Social<\/a><\/li><\/ul>\t\t\t\t\t\t\t\t<\/div>\n\t\t\t\t<\/div>\n\t\t\t\t<\/div>\n\t\t\t\t\t<\/div>\n\t\t\t\t<\/div>\n\t\t\t\t<\/div>\n\t\t","protected":false},"excerpt":{"rendered":"<p>Agencias gubernamentales sobre inmigraci\u00f3n y ciudadan\u00eda Departamento de Salud y Servicios Humanos de los Estados Unidos Oficina de Reasentamiento de Refugiados Tr\u00e1fico de Personas Departamento de Seguridad Nacional de los Estados Unidos Servicio de Ciudadan\u00eda e Inmigraci\u00f3n de los Estados Unidos Glosario de Palabras relacionadas con Inmigraci\u00f3n Gu\u00eda para Nuevos Inmigrantes Leyes, Reglamentos y Gu\u00edas Pol\u00edticas y Memorandos de Procedimiento por Temas Aduanas y Protecci\u00f3n de Fronteras Servicio de Inmigraci\u00f3n y Control de Aduanas Oficina de Estad\u00edsticas de Inmigraci\u00f3n Departamento de Justicia de los Estados Unidos Oficina Ejecutiva para la Revisi\u00f3n Migratoria (Executive Office for Immigration Review &#8211; EOIR) Formularios EOIR Oficina de Litigios de Inmigraci\u00f3n Oficina del Consejero Especial para Pr\u00e1cticas de Empleo Injustas Relacionadas con la Inmigraci\u00f3n Departamento de Trabajo de EE.UU. Ley de Inmigraci\u00f3n y Nacionalidad Biblioteca jur\u00eddica &#8211; Colecci\u00f3n sobre inmigraci\u00f3n Certificaci\u00f3n Laboral Permanente Programa H-1B Recursos en Espa\u00f1ol Oficinas Estatales de Trabajo Departamento de Estado de EE.UU. Oficina de Administraci\u00f3n Manual de Asuntos Exteriores Formularios de Pasaportes Formularios de Visas Oficina de Asuntos Consulares Centro de Visas para Empresas Pasaportes P\u00e1gina de Inicio del Website sobre Visas Preguntas Frecuentes sobre Visas Oficina de Democracia, Derechos Humanos y Trabajo Informes de pa\u00edses sobre Pr\u00e1cticas de Derechos Humanos Embajadas y Consulados Servicio de Impuestos Internos Determinaci\u00f3n de la Situaci\u00f3n Fiscal N\u00famero de Identificaci\u00f3n del Contribuyente Individual Impuestos para los Residentes con Doble Estatus Administraci\u00f3n de Seguridad Social N\u00famero y Tarjeta de Seguridad Social Buscador de las Oficinas Locales de Seguridad Social<\/p>\n","protected":false},"author":3,"featured_media":0,"parent":0,"menu_order":0,"comment_status":"closed","ping_status":"closed","template":"","meta":{"_analytify_skip_tracking":false,"rank_math_title":"Agencias gubernamentales de EE.UU.","rank_math_description":"Encuentre aqu\u00ed enlaces \u00fatiles de agencias gubernamentales con informaci\u00f3n relacionada a los procesos de inmigraci\u00f3n y ciudadan\u00eda.\n","rank_math_focus_keyword":"agencias","rank_math_canonical_url":"","footnotes":""},"class_list":["post-2482","page","type-page","status-publish","hentry"],"_links":{"self":[{"href":"https:\/\/www.houstontexasimmigrationlawyers.com\/es\/wp-json\/wp\/v2\/pages\/2482","targetHints":{"allow":["GET"]}}],"collection":[{"href":"https:\/\/www.houstontexasimmigrationlawyers.com\/es\/wp-json\/wp\/v2\/pages"}],"about":[{"href":"https:\/\/www.houstontexasimmigrationlawyers.com\/es\/wp-json\/wp\/v2\/types\/page"}],"author":[{"embeddable":true,"href":"https:\/\/www.houstontexasimmigrationlawyers.com\/es\/wp-json\/wp\/v2\/users\/3"}],"replies":[{"embeddable":true,"href":"https:\/\/www.houstontexasimmigrationlawyers.com\/es\/wp-json\/wp\/v2\/comments?post=2482"}],"version-history":[{"count":0,"href":"https:\/\/www.houstontexasimmigrationlawyers.com\/es\/wp-json\/wp\/v2\/pages\/2482\/revisions"}],"wp:attachment":[{"href":"https:\/\/www.houstontexasimmigrationlawyers.com\/es\/wp-json\/wp\/v2\/media?parent=2482"}],"curies":[{"name":"wp","href":"https:\/\/api.w.org\/{rel}","templated":true}]}}